{"id":976,"date":"2018-06-28T00:07:49","date_gmt":"2018-06-28T03:07:49","guid":{"rendered":"https:\/\/isfd98-bue.infd.edu.ar\/sitio\/coberturas\/"},"modified":"2021-02-25T22:29:27","modified_gmt":"2021-02-26T01:29:27","slug":"coberturas","status":"publish","type":"page","link":"https:\/\/isfd98-bue.infd.edu.ar\/sitio\/coberturas\/","title":{"rendered":"Coberturas"},"content":{"rendered":"<h2 style=\"text-align: center;\"><span style=\"color: #ff6600;\">Cobertura de Espacios Febrero 2021<br \/>\n<\/span>(seg\u00fan <a href=\"https:\/\/isfd98-bue.infd.edu.ar\/sitio\/wp-content\/uploads\/sitio\/Resolucion_Nro_5886.pdf\" target=\"_blank\" rel=\"noopener\">Resoluci\u00f3n 5886\/03<\/a> y <a href=\"https:\/\/isfd98-bue.infd.edu.ar\/sitio\/wp-content\/uploads\/2021\/02\/Resolucion_1161-20.pdf\" target=\"_blank\" rel=\"noopener\">Resoluci\u00f3n 1161\/20<\/a>)<\/h2>\n<p style=\"text-align: right;\">&lt; <em><span style=\"color: #ff0000;\"><a style=\"color: #ff0000;\" href=\"https:\/\/isfd98-bue.infd.edu.ar\/sitio\/wp-content\/uploads\/2021\/02\/Cobertura-febrero-2021.pdf\" target=\"_blank\" rel=\"noopener\">descargar este documento en formato pdf\u00a0 <\/a><\/span><a href=\"https:\/\/isfd98-bue.infd.edu.ar\/sitio\/wp-content\/uploads\/2021\/02\/Cobertura-febrero-2021.pdf\" target=\"_blank\" rel=\"noopener\"><img decoding=\"async\" loading=\"lazy\" class=\"alignnone wp-image-833\" src=\"https:\/\/isfd98-bue.infd.edu.ar\/sitio\/wp-content\/uploads\/2018\/06\/pdf_icon.jpg\" alt=\"\" width=\"25\" height=\"25\" \/><\/a><\/em>&gt;<\/p>\n<p>&nbsp;<\/p>\n<p><span style=\"color: #3366ff;\"><strong>PROFESORADO DE EDUCACI\u00d3N SECUNDARIA EN HISTORIA. Resoluci\u00f3n N\u00b0 3581\/00<\/strong><\/span><\/p>\n<p><u>Cuarto a\u00f1o 2021:<\/u><\/p>\n<ol>\n<li><strong>Historia Mundial (Siglo XX):<\/strong> 4 m\u00f3dulos provisionales. D\u00eda y horario: lunes 17,30 a 19,30, y martes de 19,30 a 21,30 horas.<\/li>\n<li><strong>Historia Americana (Siglo XX):<\/strong> 4 m\u00f3dulos provisionales. D\u00eda y horario: lunes y jueves de 19,30 a 21,30 horas.<\/li>\n<li><strong>Historia Argentina (Siglo XX):<\/strong> 4 m\u00f3dulos provisionales. D\u00eda y horario: mi\u00e9rcoles 17,30 a 19,30 y viernes 19,30 a 21,30 horas.<\/li>\n<li><strong>Geograf\u00eda III<\/strong>: 2 m\u00f3dulos provisionales. D\u00eda y horario: martes 17,30 a 19,30 horas.<\/li>\n<li><strong>Investigaci\u00f3n Hist\u00f3rica II<\/strong>: 3 m\u00f3dulos provisionales. D\u00eda y horario: mi\u00e9rcoles 19,30 a 22,30 horas<\/li>\n<li><strong>Campo de la pr\u00e1ctica<\/strong>: 4 m\u00f3dulos provisionales. D\u00eda y horario (en la instituci\u00f3n): viernes 15,30 a 17,30 horas<\/li>\n<\/ol>\n<p><strong><u>Comisi\u00f3n evaluadora:<\/u><\/strong><\/p>\n<p><strong>Evaluadores externos<\/strong>: Silvio Echeverr\u00eda. Cecilia Ciraus. Fernanda Sallenave. Anal\u00eds Escapil.<\/p>\n<p><strong>Evaluadores de la instituci\u00f3n:<\/strong> Florencia Giles. Gisela Manzoni. Leandro Bordalecou. Claudio Ortega. Lucio Alfons\u00edn.<\/p>\n<p><strong>\u00a0<\/strong><\/p>\n<p><span style=\"color: #3366ff;\"><strong>PROFESORADO DE EDUCACI\u00d3N ESPECIAL. Resoluci\u00f3n n\u00b0 1009\/09<\/strong><\/span><\/p>\n<p><u>Tercer a\u00f1o 2021 (Discapacidad intelectual) <\/u><\/p>\n<ol>\n<li><strong>Curriculum y Discapacidad Intelectual I.<\/strong> 3 m\u00f3dulos provisionales. D\u00eda y horario: lunes 18,30 a 21,30 horas+ 1 m\u00f3dulo TAIN: 4to s\u00e1bado de cada mes. 14 a 18 horas.<\/li>\n<li><strong>Producci\u00f3n de materiales y objetos l\u00fadicos.<\/strong> 1 m\u00f3dulo provisional. D\u00eda y horario: martes de 17,30 a 18,30 horas. + 1 m\u00f3dulo TAIN: 4to s\u00e1bado de cada mes. 14 a 18 horas.<\/li>\n<li><strong>Sujeto con discapacidad intelectual<\/strong>.3 m\u00f3dulos provisionales. D\u00eda y horario: martes de 18,30 a 21,30 horas. + 1 m\u00f3dulo TAIN: 4to s\u00e1bado de cada mes. 14 a 18 horas.<\/li>\n<li><strong>Lenguaje y comunicaci\u00f3n en el sujeto con discapacidad intelectual.<\/strong> 2 m\u00f3dulos provisionales. D\u00eda y horario: viernes de 19,30 a 21,30 horas. + 1 m\u00f3dulo TAIN: 4to s\u00e1bado de cada mes. 14 a 18 horas.<\/li>\n<\/ol>\n<p><u>Cuarto a\u00f1o 2021 (Discapacidad Neuromotora)<\/u><\/p>\n<ol>\n<li><strong>Curriculum y discapacidad neuromotora II.<\/strong> 3 m\u00f3dulos provisionales. D\u00eda y horario: mi\u00e9rcoles de 19,30 a 22,30 horas + 1 m\u00f3dulo TAIN: 4to s\u00e1bado de cada mes de 9 a 13 hs.<\/li>\n<li><strong>Trastornos del lenguaje en neuromotores<\/strong>. 2 m\u00f3dulos provisionales. D\u00eda y horario: mi\u00e9rcoles de 17,30 a 19,30 horas. + 1 m\u00f3dulo TAIN: 4to s\u00e1bado de cada mes de 9 a 13 hs.<\/li>\n<li><strong>Seminario TEL.<\/strong> 1 m\u00f3dulo provisional. D\u00eda y horario: lunes 21,30 a 22,30 horas. + 1 m\u00f3dulo TAIN: 4to s\u00e1bado de cada mes de 9 a 13 hs.<\/li>\n<li><strong>Seminario TES.<\/strong> 1 m\u00f3dulo provisional. D\u00eda y horario: viernes de 19,30 a 20,30 horas. + 1 m\u00f3dulo TAIN: 4to s\u00e1bado de cada mes de 9 a 13 hs.<\/li>\n<\/ol>\n<p>&nbsp;<\/p>\n<p><span style=\"color: #3366ff;\"><strong><u>Comisi\u00f3n evaluadora:<\/u><\/strong><\/span><\/p>\n<p><strong>Evaluadoras externas:<\/strong> Juliana Rougier. Silvana del Valle. Graciela Portela.<\/p>\n<p><strong>Evaluadoras de la Instituci\u00f3n:<\/strong> Leda Apaolaza. Laura Ronconi. Patricia Hueraman. Mariana Escobar. Ana Ibarra.<\/p>\n<p>&nbsp;<\/p>\n<p><span style=\"color: #3366ff;\"><strong><u>ACLARACIONES IMPORTANTES:<\/u><\/strong><\/span><\/p>\n<p style=\"text-align: center;\"><strong>\u00a0<\/strong><strong>CORREO INSTITUCIONAL PARA ENVIAR PROPUESTAS Y DECLARACI\u00d3N JURADA: <span style=\"color: #ff0000;\"><a style=\"color: #ff0000;\" href=\"mailto:bibliotecaisfd98@gmail.com\">bibliotecaisfd98@gmail.com<\/a><\/span><\/strong><\/p>\n<p><strong>\u00a0<\/strong><\/p>\n<ol>\n<li><strong>La INSCRIPCI\u00d3N se realizar\u00e1 durante los mismos d\u00edas que dure la DIFUSI\u00d3N: 22 al 26 de febrero y 1 de marzo del corriente, conforme a lo establecido en la Res 1161\/20.<\/strong><\/li>\n<li><strong>La INSCRIPCI\u00d3N se efectiviza enviando la propuesta curricular y declaraci\u00f3n jurada (en formato PDF)<\/strong> en el horario de 18 a 22 horas. Durante el transcurso del d\u00eda de inscripci\u00f3n, se enviar\u00e1 confirmaci\u00f3n de recepci\u00f3n.<\/li>\n<li><strong>La declaraci\u00f3n jurada es<\/strong> el Anexo III de la Res 5886\/03, deber\u00e1 adjuntarse la documentaci\u00f3n respaldatoria de todo lo declarado para su valoraci\u00f3n <strong>(excepto que el postulante se haya presentado a una cobertura durante el a\u00f1o en curso). <\/strong>Los t\u00edtulos y certificaciones deben estar registrados para ser valorados, y el registro debe ser visible.<\/li>\n<li>No se recibir\u00e1n propuestas curriculares, ni documentaci\u00f3n fuera de las fechas publicadas para la DIFUSI\u00d3N\/INSCRIPCI\u00d3N.<\/li>\n<li>En el <u>ASUNTO del correo electr\u00f3nico de INSCRIPCI\u00d3N<\/u>, el postulante deber\u00e1 colocar: \u201cInscripci\u00f3n para cobertura de espacios curriculares. Espacio Curricular \u00abX\u201d ISFD 98.<\/li>\n<li>El Equipo Directivo enviar\u00e1 las propuestas curriculares en un plazo de 48 horas a todos los miembros de la comisi\u00f3n evaluadora correspondiente para su evaluaci\u00f3n.<\/li>\n<li>Cuando alg\u00fan postulante no se encuentre inscripto en Listado 108 A o B de Superior 2020, el Equipo Directivo enviar\u00e1 su documentaci\u00f3n al tribunal descentralizado de la regi\u00f3n, para valoraci\u00f3n. Este procedimiento retrasar\u00e1 la cobertura del espacio curricular, hasta contar con dicha valoraci\u00f3n, y poder establecer el orden de m\u00e9rito definitivo.<\/li>\n<li>El puntaje por t\u00edtulos y antecedentes se compone por el puntaje del t\u00edtulo docente en el \u00e1rea disciplinar especificada por nomenclador oficial (que figuran en listados 108 A y B de superior), m\u00e1s los antecedentes valorados para el nivel superior por cada comisi\u00f3n evaluadora.<\/li>\n<li>Los postulantes ser\u00e1n informados por el directivo a cargo a trav\u00e9s del correo electr\u00f3nico institucional, en el menor plazo posible, si alcanzaron o no el puntaje m\u00ednimo de aprobaci\u00f3n, y si pasan a instancia de entrevista que ser\u00e1 acordada en el mismo momento.<\/li>\n<li>Las entrevistas se realizar\u00e1n a trav\u00e9s de video llamada de Google Meet, y estar\u00e1n presentes los miembros de la comisi\u00f3n evaluadora correspondiente. En caso de no contar con conexi\u00f3n a internet especificarlo en la Propuesta Curricular como \u201cObservaciones y\/o Leyenda\u201d.<\/li>\n<li>Cada postulante ser\u00e1 notificado por el directivo presente en la comisi\u00f3n, a trav\u00e9s de un correo institucional, del orden de m\u00e9rito definitivo, al finalizar el proceso.<\/li>\n<li>Cada postulante deber\u00e1 firmar el orden de m\u00e9rito, escanearlo y re enviarlo al correo institucional en un plazo de 24 horas, o insertar su firma digital en el mismo.<\/li>\n<li>La instituci\u00f3n enviar\u00e1 a la SAD para efectivizar la toma de posesi\u00f3n, los \u00f3rdenes de m\u00e9rito de cada espacio curricular.<\/li>\n<li>La SAD fijar\u00e1 el formato y la fecha del acto p\u00fablico para la toma de posesi\u00f3n de cada espacio curricular.<\/li>\n<li>Los postulantes recibir\u00e1n constancias de aprobaci\u00f3n del concurso y del orden de m\u00e9rito correspondiente.<\/li>\n<li><strong>El dictado de los espacios curriculares ser\u00e1 efectivizado a trav\u00e9s del campus virtual institucional<\/strong> (hasta que la DPES habilite otra modalidad) y otros medios o recursos tecnol\u00f3gicos complementarios, si son propuestos por el docente y aprobados institucionalmente.<\/li>\n<\/ol>\n<hr \/>\n<p><span style=\"color: #3366ff;\"><strong><u>DESCARGAS DISPONIBLES (formato pdf)<\/u><\/strong><\/span><\/p>\n<ul>\n<li><a href=\"https:\/\/isfd98-bue.infd.edu.ar\/sitio\/wp-content\/uploads\/sitio\/Resolucion_Nro_5886.pdf\" target=\"_blank\" rel=\"noopener\"><span style=\"color: #ff0000;\">Resoluci\u00f3n 5886\/03<\/span><\/a><\/li>\n<li><a href=\"https:\/\/isfd98-bue.infd.edu.ar\/sitio\/wp-content\/uploads\/2021\/02\/Resolucion_1161-20.pdf\" target=\"_blank\" rel=\"noopener\"><span style=\"color: #ff0000;\">Resoluci\u00f3n 1161\/20<\/span><\/a><\/li>\n<li><span style=\"color: #ff0000;\"><a style=\"color: #ff0000;\" href=\"https:\/\/isfd98-bue.infd.edu.ar\/sitio\/wp-content\/uploads\/2021\/02\/Declaracion-Jurada-Res_5886.pdf\" target=\"_blank\" rel=\"noopener\">Declaraci\u00f3n Jurada<\/a> <\/span>(Resoluci\u00f3n 5886\/03)<\/li>\n<\/ul>\n","protected":false},"excerpt":{"rendered":"<p>Cobertura de Espacios Febrero 2021 (seg\u00fan Resoluci\u00f3n 5886\/03 y Resoluci\u00f3n 1161\/20) &lt; descargar este documento en formato pdf\u00a0 &gt; &nbsp; PROFESORADO DE EDUCACI\u00d3N SECUNDARIA EN HISTORIA. Resoluci\u00f3n N\u00b0 3581\/00 Cuarto a\u00f1o 2021: Historia Mundial (Siglo XX): 4 m\u00f3dulos provisionales. D\u00eda y horario: lunes 17,30 a 19,30, y martes de 19,30 a 21,30 horas. Historia Americana &#8230; <a title=\"Coberturas\" class=\"read-more\" href=\"https:\/\/isfd98-bue.infd.edu.ar\/sitio\/coberturas\/\" aria-label=\"More on Coberturas\">[+]<\/a><\/p>\n","protected":false},"author":181,"featured_media":0,"parent":0,"menu_order":0,"comment_status":"closed","ping_status":"closed","template":"","meta":[],"acf":[],"_links":{"self":[{"href":"https:\/\/isfd98-bue.infd.edu.ar\/sitio\/wp-json\/wp\/v2\/pages\/976"}],"collection":[{"href":"https:\/\/isfd98-bue.infd.edu.ar\/sitio\/wp-json\/wp\/v2\/pages"}],"about":[{"href":"https:\/\/isfd98-bue.infd.edu.ar\/sitio\/wp-json\/wp\/v2\/types\/page"}],"author":[{"embeddable":true,"href":"https:\/\/isfd98-bue.infd.edu.ar\/sitio\/wp-json\/wp\/v2\/users\/181"}],"replies":[{"embeddable":true,"href":"https:\/\/isfd98-bue.infd.edu.ar\/sitio\/wp-json\/wp\/v2\/comments?post=976"}],"version-history":[{"count":7,"href":"https:\/\/isfd98-bue.infd.edu.ar\/sitio\/wp-json\/wp\/v2\/pages\/976\/revisions"}],"predecessor-version":[{"id":1977,"href":"https:\/\/isfd98-bue.infd.edu.ar\/sitio\/wp-json\/wp\/v2\/pages\/976\/revisions\/1977"}],"wp:attachment":[{"href":"https:\/\/isfd98-bue.infd.edu.ar\/sitio\/wp-json\/wp\/v2\/media?parent=976"}],"curies":[{"name":"wp","href":"https:\/\/api.w.org\/{rel}","templated":true}]}}