{"id":970,"date":"2018-06-28T00:07:46","date_gmt":"2018-06-28T03:07:46","guid":{"rendered":"https:\/\/isfd98-bue.infd.edu.ar\/sitio\/links-interes-descargas\/"},"modified":"2021-10-13T16:41:21","modified_gmt":"2021-10-13T19:41:21","slug":"links-interes-descargas","status":"publish","type":"page","link":"https:\/\/isfd98-bue.infd.edu.ar\/sitio\/links-interes-descargas\/","title":{"rendered":"Documentos y Formularios"},"content":{"rendered":"<p><img decoding=\"async\" title=\"Linea punteada 100%\" src=\"https:\/\/isfd98-bue.infd.edu.ar\/sitio\/wp-content\/uploads\/2018\/06\/doted_line_100.gif\" alt=\"Linea punteada 100%\" border=\"0\" \/><\/p>\n<p><strong>Documentos de la Direcci\u00f3n Provincial de Educaci\u00f3n Superior<\/strong><\/p>\n<ul>\n<li><a title=\"SEGUNDA REUNI\u00d3N GENERAL ELECCIONES.pdf\" href=\"upload\/SEGUNDA_REUNI%D3N_GENERAL_ELECCIONES.pdf\" target=\"_blank\" rel=\"noopener\">ELECCIONES DE LOS CUERPOS COLEGIADOS<\/a>\u00a0(29\/8\/2013)<\/li>\n<li><a title=\"R.O.M. Documento preliminar.pdf\" href=\"upload\/R.O.M._Documento_preliminar.pdf\" target=\"_blank\" rel=\"noopener\">REGLAMENTO ORGANICO MARCO 2013<\/a><\/li>\n<li><a title=\"SEGUNDA JORNADA D.P.E.S. _ 2013.pdf\" href=\"upload\/SEGUNDA_JORNADA_D.P.E.S.___2013.pdf\" target=\"_blank\" rel=\"noopener\">SEGUNDA REUNI\u00d3N GENERAL<\/a><\/li>\n<\/ul>\n<p><img decoding=\"async\" title=\"Linea punteada 100%\" src=\"https:\/\/isfd98-bue.infd.edu.ar\/sitio\/wp-content\/uploads\/2018\/06\/doted_line_100.gif\" alt=\"Linea punteada 100%\" border=\"0\" \/><\/p>\n<p><em><strong>Legajo Docente<\/strong><\/em><\/p>\n<ul>\n<li><a title=\"Legajo Docente DOC\" href=\"upload\/D2.doc\" target=\"_blank\" rel=\"noopener\">D2\u00a0<\/a>&#8211; Planilla\u00a0Legajo Docente\u00a0(formato DOC)<a title=\"Legajo Docente DOC\" href=\"upload\/D2.doc\" target=\"_blank\" rel=\"noopener\"><img decoding=\"async\" title=\"Archivos DOC\" src=\"https:\/\/isfd98-bue.infd.edu.ar\/sitio\/wp-content\/uploads\/2018\/06\/doc_icon.jpg\" alt=\"Archivos DOC\" width=\"24\" border=\"0\" \/><\/a><\/li>\n<li><a title=\"Legajo Docente PDF\" href=\"upload\/D2.pdf\" target=\"_blank\" rel=\"noopener\">D2\u00a0<\/a>&#8211; Planilla Legajo Docente\u00a0(formato PDF)<a title=\"Legajo Docente PDF\" href=\"upload\/D2.pdf\" target=\"_blank\" rel=\"noopener\"><img decoding=\"async\" title=\"Archivos PDF\" src=\"https:\/\/isfd98-bue.infd.edu.ar\/sitio\/wp-content\/uploads\/2018\/06\/pdf_icon_1.jpg\" alt=\"Archivos PDF\" width=\"25\" border=\"0\" \/><\/a><\/li>\n<\/ul>\n<p><em><strong><img decoding=\"async\" title=\"Linea punteada 100%\" src=\"https:\/\/isfd98-bue.infd.edu.ar\/sitio\/wp-content\/uploads\/2018\/06\/doted_line_100.gif\" alt=\"Linea punteada 100%\" border=\"0\" \/><\/strong><\/em><\/p>\n<p><em><strong>Declaraci\u00f3n Jurada<\/strong><\/em>:<\/p>\n<ul>\n<li><a title=\"D1_DOC\" href=\"upload\/D1.doc\" target=\"_blank\" rel=\"noopener\">D1\u00a0<\/a>&#8211; Declaraci\u00f3n Jurada (formato DOC)\u00a0<a href=\"upload\/D1.doc\"><img decoding=\"async\" title=\"Archivos DOC\" src=\"https:\/\/isfd98-bue.infd.edu.ar\/sitio\/wp-content\/uploads\/2018\/06\/doc_icon.jpg\" alt=\"Archivos DOC\" width=\"24\" border=\"0\" \/><\/a><\/li>\n<li><a title=\"D1_PDF\" href=\"upload\/D1.pdf\" target=\"_blank\" rel=\"noopener\">D1\u00a0<\/a>&#8211; Declaraci\u00f3n Jurada (formato PDF) \u00a0<a href=\"upload\/D1.pdf\"><img decoding=\"async\" title=\"Archivos PDF\" src=\"https:\/\/isfd98-bue.infd.edu.ar\/sitio\/wp-content\/uploads\/2018\/06\/pdf_icon_1.jpg\" alt=\"Archivos PDF\" width=\"25\" border=\"0\" \/><\/a><\/li>\n<\/ul>\n<p><em><strong>Aclaraci\u00f3n<\/strong><\/em>: el formato DOC corresponde a un archivo WORD y puede completarse sobre dicho documento; mientras que el PDF se descarga y luego hay que completar a mano. En ambos casos deber\u00e1n pasar por la Instituci\u00f3n para completar con la firma y el sellado autenticatorio.<\/p>\n<p>Para descargar en su dispositivo situ\u00e9se sobre el v\u00ednculo haga click con el bot\u00f3n derecho y seleccione \u00ab<em>Guardar enlace como&#8230;<\/em>\u00bb selecciona la ubicaci\u00f3n d\u00f3nde guardar\u00e1 el archivo \u00a0y presiona el bot\u00f3n \u00ab<em>Guardar<\/em>\u00ab.<\/p>\n<p><img decoding=\"async\" title=\"Linea punteada 100%\" src=\"https:\/\/isfd98-bue.infd.edu.ar\/sitio\/wp-content\/uploads\/2018\/06\/doted_line_100.gif\" alt=\"Linea punteada 100%\" border=\"0\" \/><\/p>\n<p><em><strong>Calificaci\u00f3n Anual Docente(SET4)<\/strong><\/em>:<\/p>\n<ul>\n<li><a title=\"SET4\" href=\"https:\/\/isfd98-bue.infd.edu.ar\/sitio\/wp-content\/uploads\/sitio\/SET4.doc\" target=\"_blank\" rel=\"noopener\">SET 4\u00a0<\/a>&#8211; Formulario de Calificaci\u00f3n Anual Docente (formato DOC)\u00a0<a title=\"SET4\" href=\"https:\/\/isfd98-bue.infd.edu.ar\/sitio\/wp-content\/uploads\/sitio\/SET4.doc\" target=\"_blank\" rel=\"noopener\"><img decoding=\"async\" title=\"Archivos DOC\" src=\"https:\/\/isfd98-bue.infd.edu.ar\/sitio\/wp-content\/uploads\/2018\/06\/doc_icon.jpg\" alt=\"Archivos DOC\" width=\"24\" border=\"0\" \/><\/a><\/li>\n<li><a href=\"https:\/\/isfd98-bue.infd.edu.ar\/sitio\/wp-content\/uploads\/2021\/10\/Formulario-SET4.pdf\" target=\"_blank\" rel=\"noopener\">SET 4<\/a> &#8211; Formulario de Calificaci\u00f3n Anual Docente (formato PDF)\u00a0<a href=\"https:\/\/isfd98-bue.infd.edu.ar\/sitio\/wp-content\/uploads\/2021\/10\/Formulario-SET4.pdf\" target=\"_blank\" rel=\"noopener\"><img decoding=\"async\" loading=\"lazy\" class=\"alignnone wp-image-834\" src=\"https:\/\/isfd98-bue.infd.edu.ar\/sitio\/wp-content\/uploads\/2018\/06\/pdf_icon_1.jpg\" alt=\"\" width=\"30\" height=\"30\" \/><\/a><\/li>\n<\/ul>\n<p><img decoding=\"async\" title=\"Linea punteada 100%\" src=\"https:\/\/isfd98-bue.infd.edu.ar\/sitio\/wp-content\/uploads\/2018\/06\/doted_line_100.gif\" alt=\"Linea punteada 100%\" border=\"0\" \/><\/p>\n<p><em><strong>Registro Institucional de Evaluaci\u00f3n y Avances Acad\u00e9micos:<\/strong><\/em><\/p>\n\n\n<ul><li><a href=\"https:\/\/isfd98-bue.infd.edu.ar\/sitio\/wp-content\/uploads\/2021\/09\/2021-REGISTRO-INSTITUCIONAL-DE-EVALUACION-Y-AVANCES-ACADEMICOS-ISFD-98.pdf\" data-type=\"URL\" data-id=\"https:\/\/isfd98-bue.infd.edu.ar\/sitio\/wp-content\/uploads\/2021\/09\/2021-REGISTRO-INSTITUCIONAL-DE-EVALUACION-Y-AVANCES-ACADEMICOS-ISFD-98.pdf\" target=\"_blank\" rel=\"noreferrer noopener\">Descargar Archivo<\/a> (formato Excel) <\/li><\/ul>\n","protected":false},"excerpt":{"rendered":"<p>Documentos de la Direcci\u00f3n Provincial de Educaci\u00f3n Superior ELECCIONES DE LOS CUERPOS COLEGIADOS\u00a0(29\/8\/2013) REGLAMENTO ORGANICO MARCO 2013 SEGUNDA REUNI\u00d3N GENERAL Legajo Docente D2\u00a0&#8211; Planilla\u00a0Legajo Docente\u00a0(formato DOC) D2\u00a0&#8211; Planilla Legajo Docente\u00a0(formato PDF) Declaraci\u00f3n Jurada: D1\u00a0&#8211; Declaraci\u00f3n Jurada (formato DOC)\u00a0 D1\u00a0&#8211; Declaraci\u00f3n Jurada (formato PDF) \u00a0 Aclaraci\u00f3n: el formato DOC corresponde a un archivo WORD y puede &#8230; <a title=\"Documentos y Formularios\" class=\"read-more\" href=\"https:\/\/isfd98-bue.infd.edu.ar\/sitio\/links-interes-descargas\/\" aria-label=\"More on Documentos y Formularios\">[+]<\/a><\/p>\n","protected":false},"author":181,"featured_media":0,"parent":0,"menu_order":0,"comment_status":"closed","ping_status":"closed","template":"","meta":[],"acf":[],"_links":{"self":[{"href":"https:\/\/isfd98-bue.infd.edu.ar\/sitio\/wp-json\/wp\/v2\/pages\/970"}],"collection":[{"href":"https:\/\/isfd98-bue.infd.edu.ar\/sitio\/wp-json\/wp\/v2\/pages"}],"about":[{"href":"https:\/\/isfd98-bue.infd.edu.ar\/sitio\/wp-json\/wp\/v2\/types\/page"}],"author":[{"embeddable":true,"href":"https:\/\/isfd98-bue.infd.edu.ar\/sitio\/wp-json\/wp\/v2\/users\/181"}],"replies":[{"embeddable":true,"href":"https:\/\/isfd98-bue.infd.edu.ar\/sitio\/wp-json\/wp\/v2\/comments?post=970"}],"version-history":[{"count":6,"href":"https:\/\/isfd98-bue.infd.edu.ar\/sitio\/wp-json\/wp\/v2\/pages\/970\/revisions"}],"predecessor-version":[{"id":2644,"href":"https:\/\/isfd98-bue.infd.edu.ar\/sitio\/wp-json\/wp\/v2\/pages\/970\/revisions\/2644"}],"wp:attachment":[{"href":"https:\/\/isfd98-bue.infd.edu.ar\/sitio\/wp-json\/wp\/v2\/media?parent=970"}],"curies":[{"name":"wp","href":"https:\/\/api.w.org\/{rel}","templated":true}]}}