{"id":948,"date":"2018-06-28T00:07:39","date_gmt":"2018-06-28T03:07:39","guid":{"rendered":"https:\/\/isfd98-bue.infd.edu.ar\/sitio\/certificados-y-constancias\/"},"modified":"2021-12-02T10:11:08","modified_gmt":"2021-12-02T13:11:08","slug":"certificados-y-constancias","status":"publish","type":"page","link":"https:\/\/isfd98-bue.infd.edu.ar\/sitio\/certificados-y-constancias\/","title":{"rendered":"Certificados, Constancias y Tr\u00e1mites"},"content":{"rendered":"<h1 id=\"inicio\" style=\"text-align: center;\"><strong>ESTUDIANTES <\/strong><\/h1>\n<h1 style=\"text-align: center;\"><strong>Tr\u00e1mites y Pedido de Certificados y Constancias<\/strong><\/h1>\n<p><strong>\u00a0<\/strong><\/p>\n<p>Bienvenidxs ingresantes, somos Solange Cerviera y Gabriel P\u00e9rez, ambos preceptores de la instituci\u00f3n, nos ocupamos de consultas, tramites y todo asunto referido a estudiantes.<\/p>\n<p>El medio por el cual contactarse con preceptor\u00eda es: <a href=\"mailto:preceptoria98@gmail.com\"><span style=\"color: #ff0000;\">preceptoria98@gmail.com<\/span><\/a><\/p>\n<p>Nuestro horario de trabajo es de <u><strong>lunes a viernes de 17,30 a 22 horas<\/strong>:<\/u> Les solicitamos esperar respuesta a sus solicitudes en este margen horario y tener paciencia, en este contexto estamos muy demandados por diversas tareas.<\/p>\n<p>A continuaci\u00f3n, les dejamos algunas notas importantes sobre requerimientos frecuentes:<\/p>\n<table style=\"width: 50%;\">\n<tbody>\n<tr>\n<th style=\"text-align: left;\"><u>1. SOLICITUD DE PASES DESDE OTRO INSTITUTO<\/u><\/th>\n<th><a href=\"#op1\"><img decoding=\"async\" loading=\"lazy\" class=\"alignnone wp-image-801\" src=\"https:\/\/isfd98-bue.infd.edu.ar\/sitio\/wp-content\/uploads\/2018\/06\/home-e1625851160711.png\" alt=\"\" width=\"20\" height=\"20\" \/><\/a><\/th>\n<\/tr>\n<tr>\n<th style=\"text-align: left;\"><u>2. SOLICITUD DE EQUIVALENCIAS<\/u><\/th>\n<th><a href=\"#op2\"><img decoding=\"async\" loading=\"lazy\" class=\"alignnone wp-image-801\" src=\"https:\/\/isfd98-bue.infd.edu.ar\/sitio\/wp-content\/uploads\/2018\/06\/home-e1625851160711.png\" alt=\"\" width=\"20\" height=\"20\" \/><\/a><\/th>\n<\/tr>\n<tr>\n<th style=\"text-align: left;\"><u>3. SOLICITUD DE PROGRAMAS<\/u><\/th>\n<th><a href=\"#op3\"><img decoding=\"async\" loading=\"lazy\" class=\"alignnone wp-image-801\" src=\"https:\/\/isfd98-bue.infd.edu.ar\/sitio\/wp-content\/uploads\/2018\/06\/home-e1625851160711.png\" alt=\"\" width=\"20\" height=\"20\" \/><\/a><\/th>\n<\/tr>\n<tr>\n<th style=\"text-align: left;\"><u>4. SOLICITUD DE CONSTANCIA DE ALUMNO REGULAR,<br \/>\nPORCENTAJE DE MATERIAS O<br \/>\nCONSTANCIA DE ASISTENCIA A EXAMEN<\/u><\/th>\n<th><a href=\"#op4\"><img decoding=\"async\" loading=\"lazy\" class=\"alignnone wp-image-801\" src=\"https:\/\/isfd98-bue.infd.edu.ar\/sitio\/wp-content\/uploads\/2018\/06\/home-e1625851160711.png\" alt=\"\" width=\"20\" height=\"20\" \/><\/a><\/th>\n<\/tr>\n<tr>\n<th style=\"text-align: left;\"><u>5. FORMULARIOS<\/u><\/th>\n<th><a href=\"#op5\"><img decoding=\"async\" loading=\"lazy\" class=\"alignnone wp-image-801\" src=\"https:\/\/isfd98-bue.infd.edu.ar\/sitio\/wp-content\/uploads\/2018\/06\/home-e1625851160711.png\" alt=\"\" width=\"20\" height=\"20\" \/><\/a><\/th>\n<\/tr>\n<\/tbody>\n<\/table>\n<hr \/>\n<p id=\"op1\"><strong><u>1. SOLICITUD DE PASES DESDE OTRO INSTITUTO:<\/u><\/strong><\/p>\n<ul>\n<li><strong>\u00a0<\/strong><strong>Para quien solicita la vacante en nuestra Instituci\u00f3n<\/strong><\/li>\n<\/ul>\n<p><strong>\u00a0<\/strong>Para dar inicio al tr\u00e1mite el estudiante debe solicitar la vacante en nuestra Instituci\u00f3n en los tiempos previstos en la agenda acad\u00e9mica a trav\u00e9s del siguiente e-mail: <a href=\"mailto:preceptoria98@gmail.com\"><span style=\"color: #ff0000;\">preceptoria98@gmail.com<\/span><\/a>, en donde en el cuerpo del mismo detallara datos personales, de la instituci\u00f3n a la que asist\u00eda, carrera, a\u00f1o, profesorado, etc.<\/p>\n<p>Modelo del acta formal:<\/p>\n<p><img decoding=\"async\" loading=\"lazy\" class=\"size-full wp-image-2162 aligncenter\" src=\"https:\/\/isfd98-bue.infd.edu.ar\/sitio\/wp-content\/uploads\/2021\/04\/modelo-carta.jpg\" alt=\"\" width=\"746\" height=\"562\" \/><\/p>\n<p>El preceptor\/a notificar\u00e1 la existencia de vacante al correo que el estudiante indic\u00f3. Una vez notificado deber\u00e1 presentar dentro de los plazos indicados la siguiente documentaci\u00f3n completa y en formato pdf:<\/p>\n<ul>\n<li>DNI anverso y reverso<\/li>\n<li>Anal\u00edtico incompleto firmado y sellado por la instituci\u00f3n de origen<\/li>\n<\/ul>\n<p><strong>NOTA IMPORTANTE<\/strong>:\u00a0Toda la documentaci\u00f3n recibida en formato digital es CONDICIONAL y\u00a0deber\u00e1 ser obligatoriamente presentada en forma impresa junto a la documentaci\u00f3n original al momento de retomarse la presencialidad.<\/p>\n<p><strong>\u00bfCu\u00e1ndo finaliza el tr\u00e1mite?<\/strong><\/p>\n<p>Una vez recibida y verificada la documentaci\u00f3n solicitada la regencia asignar\u00e1 a\u00f1o\/divisi\u00f3n y preceptor y comunicar\u00e1 al estudiante que el tr\u00e1mite ha finalizado.<\/p>\n<p><strong>Para quien solicita pasar de nuestra Instituci\u00f3n a otra (salida)<\/strong><\/p>\n<p>El estudiante deber\u00e1 solicitar la documentaci\u00f3n que corresponda mediante pedido formal en el correo <a href=\"mailto:preceptoria98@gmail.com\"><span style=\"color: #ff0000;\">preceptoria98@gmail.com<\/span><\/a><\/p>\n<ul>\n<li><strong>SOLICITUD DE APERTURA DE MESA DE EXAMEN POR \u00daLTIMA MATERIA:<\/strong><\/li>\n<\/ul>\n<p>El estudiante deber\u00e1 comunicarse a trav\u00e9s del correo <a href=\"mailto:preceptoria98@gmail.com\"><span style=\"color: #ff0000;\">preceptoria98@gmail.com<\/span><\/a> en las fechas oportunamente indicadas en la agenda acad\u00e9mica<\/p>\n<p><strong>\u00bfCu\u00e1ndo finaliza el tr\u00e1mite?<\/strong><\/p>\n<p>El Preceptor\/a responsable verificar\u00e1 la solicitud e informar\u00e1 al estudiante la fecha y hora del examen y qui\u00e9nes ser\u00e1n los docentes que estar\u00e1n a cargo del mismo.<\/p>\n<hr \/>\n<h3><u>2. SOLICITUD DE EQUIVALENCIAS:<\/u><\/h3>\n<p>El estudiante que desee solicitar equivalencias deber\u00e1 completar una ficha de pedido de equivalencia que se encuentra en la fotocopiadora o se le enviara digitalmente a los alumnos que la soliciten:<\/p>\n<p>Deben ser presentados dentro de los tiempos previstos en la agenda acad\u00e9mica junto a la siguiente documentaci\u00f3n:<\/p>\n<ul>\n<li>DNI, frente y reverso<\/li>\n<li>Anal\u00edtico incompleto firmado y sellado por la Instituci\u00f3n de origen<\/li>\n<\/ul>\n<ul>\n<li>Programa de cada materia de la que se solicita equivalencia firmado y sellado por la Instituci\u00f3n de origen<\/li>\n<\/ul>\n<p><strong>NOTA IMPORTANTE:<\/strong><\/p>\n<ul>\n<li>El a\u00f1o de aprobaci\u00f3n de la materia que se solicita no puede ser anterior a seis a\u00f1os, es decir, que las materias solicitadas deben tener aprobaci\u00f3n (es decir, fecha de examen final aprobado) posterior al a\u00f1o 2015.<\/li>\n<li>Debe recibirse la documentaci\u00f3n completa junto con los datos completos solicitados en la planilla para dar curso al tr\u00e1mite.<\/li>\n<li>Toda la documentaci\u00f3n recibida en formato digital es CONDICIONAL y\u00a0 deber\u00e1 ser obligatoriamente presentada en forma impresa junto a la documentaci\u00f3n original al momento de retomarse la presencialidad.<\/li>\n<\/ul>\n<p><strong>\u00bfCu\u00e1ndo finaliza el tr\u00e1mite?<\/strong><\/p>\n<p>Una vez resuelta la equivalencia desde el Instituto se comunicar\u00e1 al estudiante la resoluci\u00f3n de la misma (Aceptada o denegada).<\/p>\n<hr \/>\n<h3><u>3. SOLICITUD DE PROGRAMAS<\/u><\/h3>\n<p>El estudiante debe solicitar los programas iniciando el tr\u00e1mite a trav\u00e9s del correo electr\u00f3nico indicado:<span style=\"color: #ff0000;\">\u00a0<a style=\"color: #ff0000;\" href=\"mailto:preceptoria98@gmail.com\">preceptoria98@gmail.com<\/a><\/span><\/p>\n<p>El pedido debe realizarse mediante nota formal, consignando el listado de materias, a\u00f1o de cursada y docente a cargo de cada uno de los programas que se requieran. Se debe adjuntar en el correo foto de la libreta (portada con datos, foto y libro y folio) o foto del certificado anal\u00edtico del solicitante.<\/p>\n<p>Asimismo, debe consignarse a qu\u00e9 instituci\u00f3n ser\u00e1 destinada la informaci\u00f3n requerida, quedando a la espera de la firma y sellado de la autoridad correspondiente.<\/p>\n<p><strong>\u00bfCu\u00e1ndo finaliza el tr\u00e1mite?<\/strong><\/p>\n<p>Finalizados los sellados la referente se comunicar\u00e1 con la\/el estudiante solicitante.<\/p>\n<hr \/>\n<h3><u>4. SOLICITUD DE CONSTANCIA DE ALUMNO REGULAR, PORCENTAJE DE MATERIAS O CONSTANCIA DE ASISTENCIA A EXAMEN<\/u><\/h3>\n<p>El estudiante debe solicitar la constancia al correo electr\u00f3nico de su preceptor\u00eda con los siguientes datos:<\/p>\n<p>APELLIDO Y NOMBRE, DNI, CARRERA, A\u00d1O Y DIVISI\u00d3N, A\u00d1O DE INGRESO<\/p>\n<p>En caso de solicitar una certificaci\u00f3n de <strong>asistencia a examen<\/strong> consignar, adem\u00e1s: FECHA Y HORA DEL EXAMEN, Nombre completo de la MATERIA\u00a0y Apellido y Nombre del DOCENTE a cargo.<\/p>\n<p>La constancia de examen se solicitar\u00e1 con 24 hs de anticipaci\u00f3n, la constancia de alumno regular y porcentaje de materias tendr\u00e1 que ser solicitado con 48 hs de anticipaci\u00f3n para una mejor organizaci\u00f3n administrativa.<\/p>\n<p>El preceptor verificar\u00e1 que los datos consignados sean exactos y remitir\u00e1 a regencia para la firma.<\/p>\n<p><strong>\u00bfCu\u00e1ndo finaliza el tr\u00e1mite?<\/strong><\/p>\n<ol>\n<li>El preceptor comunicar\u00e1 al estudiante que la constancia est\u00e1 lista.<\/li>\n<li>Recordar que cada constancia se emitir\u00e1 con un tiempo estipulado (72 horas)<\/li>\n<\/ol>\n<h3 style=\"text-align: center;\">Recuerden que todas sus notas y solicitudes tienen car\u00e1cter institucional, por eso deben ser confeccionadas y redactadas como tales.<\/h3>\n<hr \/>\n<h3><u>5. FORMULARIOS<\/u><\/h3>\n<p>Aqu\u00ed se pueden descargar algunas planillas (en formato pdf) que responden a los tr\u00e1mites descriptos anteriormente:<\/p>\n<ul>\n<li><a href=\"https:\/\/isfd98-bue.infd.edu.ar\/sitio\/wp-content\/uploads\/2021\/04\/A7-Const_alumno_regular.pdf\" target=\"_blank\" rel=\"noopener\"><span style=\"color: #ff0000;\">Constancia de Alumno Regular<\/span><\/a><\/li>\n<li><a href=\"https:\/\/isfd98-bue.infd.edu.ar\/sitio\/wp-content\/uploads\/2021\/04\/A9b-Porcentaje-de-Materias.pdf\" target=\"_blank\" rel=\"noopener\"><span style=\"color: #ff0000;\">Porcentaje de Materias<\/span><\/a><\/li>\n<li><span style=\"color: #ff0000;\"><a style=\"color: #ff0000;\" href=\"https:\/\/isfd98-bue.infd.edu.ar\/sitio\/wp-content\/uploads\/2021\/04\/A12-Cert_estudios_tramite.pdf\" target=\"_blank\" rel=\"noopener\">Certificado de Estudios Completos &#8211; T\u00edtulo en tr\u00e1mite<\/a><\/span><\/li>\n<li><span style=\"color: #ff0000;\"><a style=\"color: #ff0000;\" href=\"https:\/\/isfd98-bue.infd.edu.ar\/sitio\/wp-content\/uploads\/2021\/04\/A1-Inscripcion_inicial.pdf\" target=\"_blank\" rel=\"noopener\">Formulario de Inscripci\u00f3n<\/a><\/span><\/li>\n<li><a href=\"https:\/\/isfd98-bue.infd.edu.ar\/sitio\/wp-content\/uploads\/2021\/04\/A2-Ficha_medica.pdf\" target=\"_blank\" rel=\"noopener\"><span style=\"color: #ff0000;\">Formulario de Ficha M\u00e9dica<\/span><\/a><\/li>\n<li><a href=\"https:\/\/isfd98-bue.infd.edu.ar\/sitio\/wp-content\/uploads\/2021\/04\/A4c-Const_aptitud_fonoaudio.pdf\" target=\"_blank\" rel=\"noopener\"><span style=\"color: #ff0000;\">Constancia Aptitud Fonoaudiol\u00f3gica<\/span><\/a><\/li>\n<\/ul>\n","protected":false},"excerpt":{"rendered":"<p>ESTUDIANTES Tr\u00e1mites y Pedido de Certificados y Constancias \u00a0 Bienvenidxs ingresantes, somos Solange Cerviera y Gabriel P\u00e9rez, ambos preceptores de la instituci\u00f3n, nos ocupamos de consultas, tramites y todo asunto referido a estudiantes. El medio por el cual contactarse con preceptor\u00eda es: preceptoria98@gmail.com Nuestro horario de trabajo es de lunes a viernes de 17,30 a &#8230; <a title=\"Certificados, Constancias y Tr\u00e1mites\" class=\"read-more\" href=\"https:\/\/isfd98-bue.infd.edu.ar\/sitio\/certificados-y-constancias\/\" aria-label=\"More on Certificados, Constancias y Tr\u00e1mites\">[+]<\/a><\/p>\n","protected":false},"author":181,"featured_media":0,"parent":0,"menu_order":0,"comment_status":"closed","ping_status":"closed","template":"","meta":[],"acf":[],"_links":{"self":[{"href":"https:\/\/isfd98-bue.infd.edu.ar\/sitio\/wp-json\/wp\/v2\/pages\/948"}],"collection":[{"href":"https:\/\/isfd98-bue.infd.edu.ar\/sitio\/wp-json\/wp\/v2\/pages"}],"about":[{"href":"https:\/\/isfd98-bue.infd.edu.ar\/sitio\/wp-json\/wp\/v2\/types\/page"}],"author":[{"embeddable":true,"href":"https:\/\/isfd98-bue.infd.edu.ar\/sitio\/wp-json\/wp\/v2\/users\/181"}],"replies":[{"embeddable":true,"href":"https:\/\/isfd98-bue.infd.edu.ar\/sitio\/wp-json\/wp\/v2\/comments?post=948"}],"version-history":[{"count":20,"href":"https:\/\/isfd98-bue.infd.edu.ar\/sitio\/wp-json\/wp\/v2\/pages\/948\/revisions"}],"predecessor-version":[{"id":2858,"href":"https:\/\/isfd98-bue.infd.edu.ar\/sitio\/wp-json\/wp\/v2\/pages\/948\/revisions\/2858"}],"wp:attachment":[{"href":"https:\/\/isfd98-bue.infd.edu.ar\/sitio\/wp-json\/wp\/v2\/media?parent=948"}],"curies":[{"name":"wp","href":"https:\/\/api.w.org\/{rel}","templated":true}]}}