{"id":931,"date":"2018-06-28T00:07:33","date_gmt":"2018-06-28T03:07:33","guid":{"rendered":"https:\/\/isfd98-bue.infd.edu.ar\/sitio\/autoridades\/"},"modified":"2025-03-18T18:54:21","modified_gmt":"2025-03-18T21:54:21","slug":"autoridades","status":"publish","type":"page","link":"https:\/\/isfd98-bue.infd.edu.ar\/sitio\/autoridades\/","title":{"rendered":"Autoridades Institucioales y Equipo de Trabajo del ISFD N\u00b0 98."},"content":{"rendered":"\n<figure class=\"wp-block-table\"><table class=\"has-fixed-layout\"><tbody><tr><td class=\"has-text-align-right\" data-align=\"right\"><em><strong>DIRECTORA DE UNIDAD ACAD\u00c9MICA<\/strong><\/em><\/td><td>Prof. M. Marta Costa<\/td><\/tr><tr><td class=\"has-text-align-right\" data-align=\"right\"><em><strong>VICEDIRECTORA INSTITUCIONAL (a cargo del ISFD 98):<br>\n<\/strong><\/em><\/td><td>Prof. Analia Durigutti. <\/td><\/tr><tr><td class=\"has-text-align-right\" data-align=\"right\">\n<div><em><strong>SECRETARIA DE UNIDAD ACAD\u00c9MICA:&nbsp;<\/strong><\/em><\/div>\n<\/td><td>Prof. Marcela Dalceggio. <\/td><\/tr><tr><td class=\"has-text-align-right\" data-align=\"right\">\n<div><em><strong>PRO-SECRETARIA DE UNIDAD ACAD\u00c9MICA: <\/strong><\/em><\/div>\n<\/td><td>Prof. Gabriel P\u00e9rez.<\/td><\/tr><tr><td class=\"has-text-align-right\" data-align=\"right\"><strong><em>JEFE DE AREA<\/em><\/strong><\/td><td>Prof. Osvaldo Biazzi<\/td><\/tr><\/tbody><\/table><\/figure>\n\n\n\n<figure class=\"wp-block-table\"><table class=\"has-fixed-layout\"><tbody><tr><td class=\"has-text-align-right\" data-align=\"right\"><em><strong>PRECEPTORES<\/strong><\/em><\/td><td>Solange Cerviera.<br>Marcela Ruiz D\u00edaz.<br>Walter Cabrera.<\/td><\/tr><\/tbody><\/table><\/figure>\n\n\n\n<figure class=\"wp-block-table\"><table class=\"has-fixed-layout\"><tbody><tr><td class=\"has-text-align-right\" data-align=\"right\"><em><strong>BIBLIIOTECARIA<\/strong><\/em><\/td><td><em>Teresita Arbeleche. <\/em><\/td><\/tr><\/tbody><\/table><\/figure>\n\n\n\n<figure class=\"wp-block-table\"><table class=\"has-fixed-layout\"><tbody><tr><td class=\"has-text-align-right\" data-align=\"right\"><em><strong>CIPE&nbsp;<\/strong><\/em><\/td><td>Prof. <em>Lorena Barbosa. <\/em><\/td><\/tr><\/tbody><\/table><\/figure>\n","protected":false},"excerpt":{"rendered":"<p>DIRECTORA DE UNIDAD ACAD\u00c9MICA Prof. M. Marta Costa VICEDIRECTORA INSTITUCIONAL (a cargo del ISFD 98): Prof. Analia Durigutti. SECRETARIA DE UNIDAD ACAD\u00c9MICA:&nbsp; Prof. Marcela Dalceggio. PRO-SECRETARIA DE UNIDAD ACAD\u00c9MICA: Prof. Gabriel P\u00e9rez. JEFE DE AREA Prof. Osvaldo Biazzi PRECEPTORES Solange Cerviera.Marcela Ruiz D\u00edaz.Walter Cabrera. BIBLIIOTECARIA Teresita Arbeleche. CIPE&nbsp; Prof. Lorena Barbosa.<\/p>\n","protected":false},"author":181,"featured_media":0,"parent":0,"menu_order":0,"comment_status":"closed","ping_status":"closed","template":"","meta":[],"acf":[],"_links":{"self":[{"href":"https:\/\/isfd98-bue.infd.edu.ar\/sitio\/wp-json\/wp\/v2\/pages\/931"}],"collection":[{"href":"https:\/\/isfd98-bue.infd.edu.ar\/sitio\/wp-json\/wp\/v2\/pages"}],"about":[{"href":"https:\/\/isfd98-bue.infd.edu.ar\/sitio\/wp-json\/wp\/v2\/types\/page"}],"author":[{"embeddable":true,"href":"https:\/\/isfd98-bue.infd.edu.ar\/sitio\/wp-json\/wp\/v2\/users\/181"}],"replies":[{"embeddable":true,"href":"https:\/\/isfd98-bue.infd.edu.ar\/sitio\/wp-json\/wp\/v2\/comments?post=931"}],"version-history":[{"count":19,"href":"https:\/\/isfd98-bue.infd.edu.ar\/sitio\/wp-json\/wp\/v2\/pages\/931\/revisions"}],"predecessor-version":[{"id":3708,"href":"https:\/\/isfd98-bue.infd.edu.ar\/sitio\/wp-json\/wp\/v2\/pages\/931\/revisions\/3708"}],"wp:attachment":[{"href":"https:\/\/isfd98-bue.infd.edu.ar\/sitio\/wp-json\/wp\/v2\/media?parent=931"}],"curies":[{"name":"wp","href":"https:\/\/api.w.org\/{rel}","templated":true}]}}