{"id":929,"date":"2018-06-28T00:07:32","date_gmt":"2018-06-28T03:07:32","guid":{"rendered":"https:\/\/isfd98-bue.infd.edu.ar\/sitio\/datos-institucionales\/"},"modified":"2021-08-11T22:36:05","modified_gmt":"2021-08-12T01:36:05","slug":"datos-institucionales","status":"publish","type":"page","link":"https:\/\/isfd98-bue.infd.edu.ar\/sitio\/datos-institucionales\/","title":{"rendered":"Datos institucionales"},"content":{"rendered":"\n<figure class=\"wp-block-table\"><table><tbody><tr><td><img decoding=\"async\" src=\"https:\/\/isfd98-bue.infd.edu.ar\/sitio\/wp-content\/uploads\/2018\/06\/milestone.png\" alt=\"Direcci\u00f3n Postal\"><\/td><td>Av. Alfons\u00edn (Lastra) N\u00b0 552<\/td><\/tr><tr><td><img decoding=\"async\" src=\"https:\/\/isfd98-bue.infd.edu.ar\/sitio\/wp-content\/uploads\/2018\/06\/contact.png\" alt=\"Tel\u00e9fono\"><\/td><td>(02241) 423266<\/td><\/tr><tr><td><img decoding=\"async\" src=\"https:\/\/isfd98-bue.infd.edu.ar\/sitio\/wp-content\/uploads\/2018\/06\/email.png\" alt=\"EMail\"><\/td><td><a href=\"mailtoisfd98chascomus@abc.gob.ar\"><strong><span class=\"has-inline-color has-vivid-red-color\">isfd98chascomus@abc.gob.ar<\/span><\/strong><\/a><\/td><\/tr><tr><td><img decoding=\"async\" src=\"https:\/\/isfd98-bue.infd.edu.ar\/sitio\/wp-content\/uploads\/2018\/06\/order-149.png\" alt=\"Horario\"><\/td><td><em>Horario de Atenci\u00f3n<\/em>: de 17:30 a 21:30 horas.<\/td><\/tr><\/tbody><\/table><\/figure>\n\n\n\n<p>Tambi\u00e9n hay otros Correos Electr\u00f3nicos que son de inter\u00e9s particular para algunas consultas espec\u00edficas:<\/p>\n\n\n\n<ul><li><strong>CIPE<\/strong>: <a href=\"mailto:cipeisfd98@gmail.com\"><strong><span class=\"has-inline-color has-vivid-red-color\">cipeisfd98@gmail.com<\/span><\/strong><\/a><\/li><li><strong>CENTRO DE ESTUDIANTES<\/strong>: <a href=\"mailto:ceprofe98@gmail.com\"><strong><span class=\"has-inline-color has-vivid-red-color\">ceprofe98@gmail.com<\/span><\/strong><\/a><\/li><li><strong>COOPERADORA<\/strong>: <a href=\"mailto:coop00normal@gmail.com\"><strong><span class=\"has-inline-color has-vivid-red-color\">coop00normal@gmail.com<\/span><\/strong><\/a><\/li><li><strong>BIBLIOTECA<\/strong>: <a href=\"mailto:bibliotecaisfd98@gmail.com\"><strong><span class=\"has-inline-color has-vivid-red-color\">bibliotecaisfd98@gmail.com<\/span><\/strong><\/a><\/li><\/ul>\n\n\n\n<p>Tambi\u00e9n puede ser \u00fatil las siguientes redes:<\/p>\n\n\n\n<ul><li><strong>INSTAGRAM<\/strong>: <em><span class=\"has-inline-color has-vivid-red-color\"><strong>@institutosuperior98<\/strong><\/span><\/em> (<a href=\"https:\/\/www.instagram.com\/institutosuperior98\/\" target=\"_blank\" rel=\"noreferrer noopener\"><span class=\"has-inline-color has-vivid-red-color\"><strong><em>https:\/\/www.instagram.com\/institutosuperior98\/<\/em><\/strong><\/span><\/a>)<\/li><li><strong>FACEBOOCK<\/strong>: <strong><em><a href=\"https:\/\/www.facebook.com\/normalchascomus\"><span class=\"has-inline-color has-vivid-red-color\">https:\/\/www.facebook.com\/normalchascomus<\/span><\/a><\/em><\/strong><\/li><li><strong>YOUTUBE<\/strong>: <a rel=\"noreferrer noopener\" href=\"https:\/\/www.youtube.com\/channel\/UCSam5oU9anfrJ1trZiRGu8A\" target=\"_blank\"><span class=\"has-inline-color has-vivid-red-color\"><strong><em>https:\/\/www.youtube.com\/channel\/UCSam5oU9anfrJ1trZiRGu8A<\/em><\/strong><\/span><\/a><\/li><\/ul>\n\n\n\n<p><\/p>\n","protected":false},"excerpt":{"rendered":"<p>Av. Alfons\u00edn (Lastra) N\u00b0 552 (02241) 423266 isfd98chascomus@abc.gob.ar Horario de Atenci\u00f3n: de 17:30 a 21:30 horas. Tambi\u00e9n hay otros Correos Electr\u00f3nicos que son de inter\u00e9s particular para algunas consultas espec\u00edficas: CIPE: cipeisfd98@gmail.com CENTRO DE ESTUDIANTES: ceprofe98@gmail.com COOPERADORA: coop00normal@gmail.com BIBLIOTECA: bibliotecaisfd98@gmail.com Tambi\u00e9n puede ser \u00fatil las siguientes redes: INSTAGRAM: @institutosuperior98 (https:\/\/www.instagram.com\/institutosuperior98\/) FACEBOOCK: https:\/\/www.facebook.com\/normalchascomus YOUTUBE: https:\/\/www.youtube.com\/channel\/UCSam5oU9anfrJ1trZiRGu8A<\/p>\n","protected":false},"author":181,"featured_media":0,"parent":0,"menu_order":0,"comment_status":"closed","ping_status":"closed","template":"","meta":[],"acf":[],"_links":{"self":[{"href":"https:\/\/isfd98-bue.infd.edu.ar\/sitio\/wp-json\/wp\/v2\/pages\/929"}],"collection":[{"href":"https:\/\/isfd98-bue.infd.edu.ar\/sitio\/wp-json\/wp\/v2\/pages"}],"about":[{"href":"https:\/\/isfd98-bue.infd.edu.ar\/sitio\/wp-json\/wp\/v2\/types\/page"}],"author":[{"embeddable":true,"href":"https:\/\/isfd98-bue.infd.edu.ar\/sitio\/wp-json\/wp\/v2\/users\/181"}],"replies":[{"embeddable":true,"href":"https:\/\/isfd98-bue.infd.edu.ar\/sitio\/wp-json\/wp\/v2\/comments?post=929"}],"version-history":[{"count":4,"href":"https:\/\/isfd98-bue.infd.edu.ar\/sitio\/wp-json\/wp\/v2\/pages\/929\/revisions"}],"predecessor-version":[{"id":2479,"href":"https:\/\/isfd98-bue.infd.edu.ar\/sitio\/wp-json\/wp\/v2\/pages\/929\/revisions\/2479"}],"wp:attachment":[{"href":"https:\/\/isfd98-bue.infd.edu.ar\/sitio\/wp-json\/wp\/v2\/media?parent=929"}],"curies":[{"name":"wp","href":"https:\/\/api.w.org\/{rel}","templated":true}]}}