{"id":918,"date":"2018-06-28T00:07:28","date_gmt":"2018-06-28T03:07:28","guid":{"rendered":"https:\/\/isfd98-bue.infd.edu.ar\/sitio\/cai\/"},"modified":"2026-03-17T16:31:18","modified_gmt":"2026-03-17T19:31:18","slug":"cai","status":"publish","type":"page","link":"https:\/\/isfd98-bue.infd.edu.ar\/sitio\/cai\/","title":{"rendered":"CAI"},"content":{"rendered":"\n<p>El ISFD N\u00b098 tiene su Consejo Acad\u00e9mico Institucional (CAI), \u00f3rgano colegiado de decisi\u00f3n, integrado por el equipo directivo, un claustro de docentes, otro de estudiantes y personal no docente.&nbsp;&nbsp; Los CAI est\u00e1n regulados por la <a href=\"https:\/\/drive.google.com\/file\/d\/17fu-E7LoJDk8R7-XEQGRg9EXBi7r6oyu\/view?usp=sharing\" target=\"_blank\" rel=\"noopener\"><span style=\"color: #ff0000;\"><u>Resoluci\u00f3n Nro 4044\/09<\/u><\/span><\/a> y tienen un rol central en la democratizaci\u00f3n del sistema formador.<\/p>\n\n\n\n<p class=\"has-text-align-center\"><span style=\"color: #993300;\">\u201c\u2026Cada Instituto Superior y\/o Unidad Acad\u00e9mica contar\u00e1 con un Consejo Acad\u00e9mico Institucional, integrado en forma ad honorem por representantes de los diferentes claustros y tendr\u00e1 como funciones orientar la elaboraci\u00f3n, evaluaci\u00f3n permanente y aprobaci\u00f3n del Proyecto Institucional, formular la propuesta de apertura o cierre de carreras, analizar y aprobar proyectos de los docentes y alumnos tendientes a establecer vinculaciones con la comunidad educativa y asesorar al Director en todas las cuestiones de inter\u00e9s institucional\u2026\u201d<\/span><\/p>\n\n\n\n<p class=\"has-text-align-right\"><span style=\"color: #993300;\">Art. 31 de la Ley Provincial de Educaci\u00f3n N\u00ba 13.688\/07<\/span><\/p>\n\n\n\n<h2 class=\"wp-block-heading\"><u>Miembros del CAI<\/u><\/h2>\n\n\n\n<blockquote class=\"wp-block-quote\">\n<p>(<em><strong><kbd><mark style=\"background-color:rgba(0, 0, 0, 0);color:#ff0000\" class=\"has-inline-color\">Este a\u00f1o habr\u00e1 renovaci\u00f3n de autoridades<\/mark><\/kbd><\/strong>)<\/em><\/p>\n<\/blockquote>\n\n\n\n<h3 class=\"wp-block-heading has-text-align-center\"><u>CLAUSTRO DOCENTE CAI<\/u> <\/h3>\n\n\n\n<figure class=\"wp-block-table\"><table><tbody><tr><td class=\"has-text-align-center\" data-align=\"center\"><h1><\/h1><h3>Consejeros Titulares<\/h3><\/td><\/tr><tr><td class=\"has-text-align-center\" data-align=\"center\"><strong>Guadalupe Borda (2024-2026)<br>Alejandro Miguez (2024-2026)<br>Lorena Rueda (2024-2026)<br>Georgina Torelli\u00a0 (2024-2026)<br>Gabriela Borda (2025-2027)<br>Rub\u00e9n Garc\u00eda (2025-2027)<br><\/strong><\/td><\/tr><tr><td class=\"has-text-align-center\" data-align=\"center\"><h3>Consejeros Suplentes<\/h3><\/td><\/tr><tr><td class=\"has-text-align-center\" data-align=\"center\"><strong>Mariana Pomilio\u00a0 (2025-2027)<br>Ver\u00f3nica Suarez (2025-2027)<br>M\u00f3nica Molinas (2025-2027)<br>Lorena Barbosa (2025-2027)<br>Agustina Colantonio (2025-2027)<br>Jos\u00e9 Calero (2025-2027)\u00a0<\/strong><br><\/td><\/tr><\/tbody><\/table><\/figure>\n\n\n\n<hr class=\"wp-block-separator has-alpha-channel-opacity\"\/>\n\n\n\n<h3 class=\"wp-block-heading has-text-align-center\"><u>CLAUSTRO ESTUDIANTES<\/u> <\/h3>\n\n\n\n<figure class=\"wp-block-table\"><table><tbody><tr><th class=\"has-text-align-center\" data-align=\"center\"><h3>Consejeros Titulares<\/h3><\/th><\/tr><tr><td class=\"has-text-align-center\" data-align=\"center\"><strong>Victoria Figueiro (Prof. E. Especial) 2024-2026<br>Bautista Fuentes (Prof. Historia) 2024-2026<br>Hern\u00e1n Baigorria\u00a0 (Prof. Educaci\u00f3n F\u00ecsica) 2024-2026<br>Eliana Langer (Prof. Primaria) 2025-2027<br>Micaela Malleville (Prof. Biolog\u00eda) 2025-2027<br><\/strong><\/td><\/tr><tr><td class=\"has-text-align-center\" data-align=\"center\"><h3>Consejeros Suplentes<\/h3><\/td><\/tr><tr><td class=\"has-text-align-center\" data-align=\"center\">Fernanda Coronel (Prof. Educaci\u00f3n F\u00ecsica) 2025-2027<br>Natalia Gangi (Prof. E. Especial) 2025-2027<br>Luc\u00eda Garay (Prof. Historia) 2025-2027<br>Anahi Dublan (Prof. Biolog\u00eda) 2025-2027<br>Agustina Lucero (Prof. Primaria) 2025-2027<br><\/td><\/tr><\/tbody><\/table><\/figure>\n\n\n\n<p>En esta comunidad educativa del nivel superior se desea que cada actor institucional (directivxs, docentes, estudiantes y no docentes) conozcan y hagan cumplir sus derechos y obligaciones. Por eso es fundamental: conocer la normativa, reflexionar y participar activamente.<\/p>\n\n\n\n<p>Les sugerimos la lectura del <strong><kbd>Documento <span style=\"color: #ff0000;\"><u><mark style=\"background-color:rgba(0, 0, 0, 0);color:#ff0000\" class=\"has-inline-color\">ISFD N\u00ba<\/mark><\/u><\/span><\/kbd><span style=\"color: #ff0000;\"><u><mark style=\"background-color:rgba(0, 0, 0, 0);color:#ff0000\" class=\"has-inline-color\">98 en el sistema educativo<\/mark><\/u><\/span>,<\/strong> all\u00ed encuentran una caracterizaci\u00f3n general del nivel y el encuadre normativo de la instituci\u00f3n. \u00a0\u00a1Es muy importante que conozcan la normativa para hacer valer sus derechos!<\/p>\n\n\n\n<p><\/p>\n","protected":false},"excerpt":{"rendered":"<p>El ISFD N\u00b098 tiene su Consejo Acad\u00e9mico Institucional (CAI), \u00f3rgano colegiado de decisi\u00f3n, integrado por el equipo directivo, un claustro de docentes, otro de estudiantes y personal no docente.&nbsp;&nbsp; Los CAI est\u00e1n regulados por la Resoluci\u00f3n Nro 4044\/09 y tienen un rol central en la democratizaci\u00f3n del sistema formador. \u201c\u2026Cada Instituto Superior y\/o Unidad Acad\u00e9mica &#8230; <a title=\"CAI\" class=\"read-more\" href=\"https:\/\/isfd98-bue.infd.edu.ar\/sitio\/cai\/\" aria-label=\"More on CAI\">[+]<\/a><\/p>\n","protected":false},"author":181,"featured_media":0,"parent":0,"menu_order":0,"comment_status":"closed","ping_status":"closed","template":"","meta":[],"acf":[],"_links":{"self":[{"href":"https:\/\/isfd98-bue.infd.edu.ar\/sitio\/wp-json\/wp\/v2\/pages\/918"}],"collection":[{"href":"https:\/\/isfd98-bue.infd.edu.ar\/sitio\/wp-json\/wp\/v2\/pages"}],"about":[{"href":"https:\/\/isfd98-bue.infd.edu.ar\/sitio\/wp-json\/wp\/v2\/types\/page"}],"author":[{"embeddable":true,"href":"https:\/\/isfd98-bue.infd.edu.ar\/sitio\/wp-json\/wp\/v2\/users\/181"}],"replies":[{"embeddable":true,"href":"https:\/\/isfd98-bue.infd.edu.ar\/sitio\/wp-json\/wp\/v2\/comments?post=918"}],"version-history":[{"count":19,"href":"https:\/\/isfd98-bue.infd.edu.ar\/sitio\/wp-json\/wp\/v2\/pages\/918\/revisions"}],"predecessor-version":[{"id":3842,"href":"https:\/\/isfd98-bue.infd.edu.ar\/sitio\/wp-json\/wp\/v2\/pages\/918\/revisions\/3842"}],"wp:attachment":[{"href":"https:\/\/isfd98-bue.infd.edu.ar\/sitio\/wp-json\/wp\/v2\/media?parent=918"}],"curies":[{"name":"wp","href":"https:\/\/api.w.org\/{rel}","templated":true}]}}