{"id":914,"date":"2018-06-28T00:07:27","date_gmt":"2018-06-28T03:07:27","guid":{"rendered":"https:\/\/isfd98-bue.infd.edu.ar\/sitio\/profesores-2\/"},"modified":"2021-07-12T11:42:37","modified_gmt":"2021-07-12T14:42:37","slug":"profesores-2","status":"publish","type":"page","link":"https:\/\/isfd98-bue.infd.edu.ar\/sitio\/profesores-2\/","title":{"rendered":"Profesores"},"content":{"rendered":"<ul>\n<li><span style=\"color: #ff0000;\"><strong><a style=\"color: #ff0000;\" title=\"Novedades\" href=\"index.cgi?wid_item=62&amp;wid_seccion=22\">Novedades<\/a><\/strong><\/span><\/li>\n<li><span style=\"color: #ff0000;\"><strong><a style=\"color: #ff0000;\" title=\"Certificados y Constancias\" href=\"index.cgi?wid_item=38&amp;wid_seccion=22\">Certificados y Constancias<\/a><\/strong><\/span><\/li>\n<li><strong><span style=\"color: #ff0000;\"><a style=\"color: #ff0000;\" title=\"Links Inter\u00e9s\/descargas\" href=\"https:\/\/isfd98-bue.infd.edu.ar\/sitio\/links-interes-descargas\/\">Documentos y Formularios<\/a><\/span><\/strong><\/li>\n<li><strong><span style=\"color: #ff0000;\"><a style=\"color: #ff0000;\" title=\"Post\u00edtulo Especializaci\u00f3n en Educaci\u00f3n y TIC\" href=\"index.cgi?wid_item=72&amp;wid_seccion=22\">Post\u00edtulo Especializaci\u00f3n en Educaci\u00f3n y TIC<\/a><\/span><\/strong><\/li>\n<li><span style=\"color: #ff0000;\"><strong><a style=\"color: #ff0000;\" title=\"Coberturas\" href=\"index.cgi?wid_item=59&amp;wid_seccion=22\">Convocatoria a Concursos Docentes<\/a><\/strong><\/span><\/li>\n<\/ul>\n<p>&nbsp;<\/p>\n<table border=\"0\">\n<tbody>\n<tr>\n<td style=\"text-align: center; width: 80%;\" valign=\"bottom\"><span style=\"color: #ff9900; font-family: 'arial black', 'avant garde'; font-size: 16px; text-align: center;\">Informaci\u00f3n y Servicios para el cuerpo Docente<\/span><\/td>\n<td style=\"width: 20%;\"><img decoding=\"async\" loading=\"lazy\" style=\"border: 0px; display: block; margin-left: auto; margin-right: auto;\" title=\"Profesores\" src=\"https:\/\/isfd98-bue.infd.edu.ar\/sitio\/wp-content\/uploads\/2018\/06\/profesores.jpg\" alt=\"Profesores\" width=\"145\" height=\"113\" border=\"0\" \/><\/td>\n<\/tr>\n<tr>\n<td colspan=\"2\">\u00a0<img decoding=\"async\" title=\"Linea punteada 100%\" src=\"https:\/\/isfd98-bue.infd.edu.ar\/sitio\/wp-content\/uploads\/2018\/06\/doted_line_100.gif\" alt=\"Linea punteada 100%\" border=\"0\" \/><\/td>\n<\/tr>\n<\/tbody>\n<\/table>\n","protected":false},"excerpt":{"rendered":"<p>Novedades Certificados y Constancias Documentos y Formularios Post\u00edtulo Especializaci\u00f3n en Educaci\u00f3n y TIC Convocatoria a Concursos Docentes &nbsp; Informaci\u00f3n y Servicios para el cuerpo Docente \u00a0<\/p>\n","protected":false},"author":181,"featured_media":0,"parent":0,"menu_order":0,"comment_status":"closed","ping_status":"closed","template":"","meta":[],"acf":[],"_links":{"self":[{"href":"https:\/\/isfd98-bue.infd.edu.ar\/sitio\/wp-json\/wp\/v2\/pages\/914"}],"collection":[{"href":"https:\/\/isfd98-bue.infd.edu.ar\/sitio\/wp-json\/wp\/v2\/pages"}],"about":[{"href":"https:\/\/isfd98-bue.infd.edu.ar\/sitio\/wp-json\/wp\/v2\/types\/page"}],"author":[{"embeddable":true,"href":"https:\/\/isfd98-bue.infd.edu.ar\/sitio\/wp-json\/wp\/v2\/users\/181"}],"replies":[{"embeddable":true,"href":"https:\/\/isfd98-bue.infd.edu.ar\/sitio\/wp-json\/wp\/v2\/comments?post=914"}],"version-history":[{"count":3,"href":"https:\/\/isfd98-bue.infd.edu.ar\/sitio\/wp-json\/wp\/v2\/pages\/914\/revisions"}],"predecessor-version":[{"id":2354,"href":"https:\/\/isfd98-bue.infd.edu.ar\/sitio\/wp-json\/wp\/v2\/pages\/914\/revisions\/2354"}],"wp:attachment":[{"href":"https:\/\/isfd98-bue.infd.edu.ar\/sitio\/wp-json\/wp\/v2\/media?parent=914"}],"curies":[{"name":"wp","href":"https:\/\/api.w.org\/{rel}","templated":true}]}}