{"id":912,"date":"2018-06-28T00:07:26","date_gmt":"2018-06-28T03:07:26","guid":{"rendered":"https:\/\/isfd98-bue.infd.edu.ar\/sitio\/profesorados\/"},"modified":"2025-10-06T21:42:34","modified_gmt":"2025-10-07T00:42:34","slug":"profesorados","status":"publish","type":"page","link":"https:\/\/isfd98-bue.infd.edu.ar\/sitio\/profesorados\/","title":{"rendered":"Profesorados"},"content":{"rendered":"\n<p>&nbsp;<strong>PLANILLA DE INSCRIPCION<\/strong>: <strong><mark style=\"background-color:rgba(0, 0, 0, 0);color:#ff0000\" class=\"has-inline-color\">&lt;&lt;<a rel=\"noreferrer noopener\" href=\"https:\/\/isfd98-bue.infd.edu.ar\/sitio\/wp-content\/uploads\/2023\/12\/Formacion-Docente-inicial-Tecnica-y-Artistica-Planilla-de-inscripcion-Educacion-Superior.pdf\" target=\"_blank\"><mark>descargar desde aqu\u00ed<\/mark><\/a>&gt;&gt;<\/mark><\/strong><\/p>\n\n\n\n<p>El ISFD 98 cuenta con la siguiente oferta educativa.<\/p>\n\n\n\n<figure class=\"wp-block-table\"><table><tbody><tr><td><img decoding=\"async\" loading=\"lazy\" width=\"120\" height=\"79\" class=\"wp-image-844\" style=\"width: 120px;\" src=\"https:\/\/isfd98-bue.infd.edu.ar\/sitio\/wp-content\/uploads\/2018\/06\/primaria.jpg\" alt=\"\"><\/td><td> <a style=\"font-family: inherit; font-size: inherit; font-weight: inherit;\" href=\"https:\/\/isfd98-bue.infd.edu.ar\/sitio\/profesorado-de-educacion-primaria\/\">Profesorado de Educaci\u00f3n Primaria<\/a><\/td><td><a title=\"Profesorado de Educaci\u00f3n Primaria\" rel=\"noopener\" href=\"https:\/\/isfd98-bue.infd.edu.ar\/sitio\/profesorado-de-educacion-primaria\/\" target=\"_blank\"><img decoding=\"async\" loading=\"lazy\" title=\"fwd_icon\" width=\"80\" height=\"86\" border=\"0\" class=\"alignnone\" src=\"https:\/\/isfd98-bue.infd.edu.ar\/sitio\/wp-content\/uploads\/2018\/06\/fwd_icon.jpg\" alt=\"\"><\/a><\/td><\/tr><tr><td><img decoding=\"async\" loading=\"lazy\" width=\"1900\" height=\"1067\" class=\"wp-image-3827\" style=\"width: 150px;\" src=\"https:\/\/isfd98-bue.infd.edu.ar\/sitio\/wp-content\/uploads\/2025\/10\/abc-baeducacion-semana-ed-fisica-1900x1067-1.jpg\" alt=\"\" srcset=\"https:\/\/isfd98-bue.infd.edu.ar\/sitio\/wp-content\/uploads\/2025\/10\/abc-baeducacion-semana-ed-fisica-1900x1067-1.jpg 1900w, https:\/\/isfd98-bue.infd.edu.ar\/sitio\/wp-content\/uploads\/2025\/10\/abc-baeducacion-semana-ed-fisica-1900x1067-1-1000x562.jpg 1000w, https:\/\/isfd98-bue.infd.edu.ar\/sitio\/wp-content\/uploads\/2025\/10\/abc-baeducacion-semana-ed-fisica-1900x1067-1-768x431.jpg 768w, https:\/\/isfd98-bue.infd.edu.ar\/sitio\/wp-content\/uploads\/2025\/10\/abc-baeducacion-semana-ed-fisica-1900x1067-1-1536x863.jpg 1536w\" sizes=\"(max-width: 1900px) 100vw, 1900px\" \/><\/td><td> <a style=\"font-family: inherit; font-size: inherit; font-weight: inherit; background-color: transparent;\" href=\"https:\/\/isfd98-bue.infd.edu.ar\/sitio\/profesorado-de-educacion-fisica\/\">Profesorado de Educaci\u00f3n F\u00edsica<\/a><\/td><td><a title=\"Profesorado de Educaci\u00f3n F\u00edsica\" href=\"https:\/\/isfd98-bue.infd.edu.ar\/sitio\/profesorado-de-educacion-fisica\/\"><img decoding=\"async\" title=\"fwd_icon\" width=\"80\" border=\"0\" src=\"https:\/\/isfd98-bue.infd.edu.ar\/sitio\/wp-content\/uploads\/2018\/06\/fwd_icon.jpg\"><\/a><\/td><\/tr><tr><td><img decoding=\"async\" loading=\"lazy\" width=\"280\" height=\"286\" class=\"wp-image-838\" style=\"width: 150px;\" src=\"https:\/\/isfd98-bue.infd.edu.ar\/sitio\/wp-content\/uploads\/2018\/06\/pfsoc.png\" alt=\"\"><\/td><td> <a style=\"font-family: inherit; font-size: inherit; font-weight: inherit;\" href=\"https:\/\/isfd98-bue.infd.edu.ar\/sitio\/profesorado-de-geografia\/\">Profesorado de Geograf\u00eda<\/a><\/td><td><a title=\"Profesorado de Geograf\u00eda\" href=\"https:\/\/isfd98-bue.infd.edu.ar\/sitio\/profesorado-de-geografia\/\"><img decoding=\"async\" loading=\"lazy\" title=\"fwd_icon\" width=\"80\" height=\"86\" border=\"0\" class=\"alignnone\" src=\"https:\/\/isfd98-bue.infd.edu.ar\/sitio\/wp-content\/uploads\/2018\/06\/fwd_icon.jpg\" alt=\"\"><\/a><\/td><\/tr><tr><td><img decoding=\"async\" loading=\"lazy\" width=\"469\" height=\"480\" class=\"wp-image-851\" style=\"width: 150px;\" src=\"https:\/\/isfd98-bue.infd.edu.ar\/sitio\/wp-content\/uploads\/2018\/06\/profesorado_historia.png\" alt=\"\"><\/td><td><a style=\"font-family: inherit; font-size: inherit; font-weight: inherit; background-color: transparent;\" href=\"https:\/\/isfd98-bue.infd.edu.ar\/sitio\/profesorado-de-historia\/\">Profesorado de Historia<\/a><\/td><td><a title=\"Profesorado de Biolog\u00eda RESOLUCI\u00d3N N\u00b0 13259\" rel=\"noopener\" href=\"https:\/\/isfd98-bue.infd.edu.ar\/sitio\/profesorado-de-biologia\/\" target=\"_blank\"><img decoding=\"async\" title=\"fwd_icon\" width=\"80\" border=\"0\" src=\"https:\/\/isfd98-bue.infd.edu.ar\/sitio\/wp-content\/uploads\/2018\/06\/fwd_icon.jpg\"><\/a><\/td><\/tr><tr><td><img decoding=\"async\" loading=\"lazy\" width=\"400\" height=\"301\" class=\"wp-image-701\" style=\"width: 150px;\" src=\"https:\/\/isfd98-bue.infd.edu.ar\/sitio\/wp-content\/uploads\/2018\/06\/Biologia.jpg\" alt=\"\"><\/td><td><a style=\"font-family: inherit; font-size: inherit; font-weight: inherit;\" href=\"https:\/\/isfd98-bue.infd.edu.ar\/sitio\/profesorado-de-biologia\/\">Profesorado de&nbsp;Biolog\u00eda<\/a><\/td><td><a title=\"Profesorado de Biolog\u00eda RESOLUCI\u00d3N N\u00b0 13259\" rel=\"noopener\" href=\"https:\/\/isfd98-bue.infd.edu.ar\/sitio\/profesorado-de-biologia\/\" target=\"_blank\"><img decoding=\"async\" title=\"fwd_icon\" width=\"80\" border=\"0\" src=\"https:\/\/isfd98-bue.infd.edu.ar\/sitio\/wp-content\/uploads\/2018\/06\/fwd_icon.jpg\"><\/a><\/td><\/tr><tr><td><img decoding=\"async\" loading=\"lazy\" width=\"337\" height=\"208\" class=\"wp-image-835\" style=\"width: 150px;\" src=\"https:\/\/isfd98-bue.infd.edu.ar\/sitio\/wp-content\/uploads\/2018\/06\/pdisc.png\" alt=\"\"><\/td><td><a href=\"https:\/\/isfd98-bue.infd.edu.ar\/sitio\/profesorado-de-educacion-especial-discapacidad-intelectual\/\">Profesorado de Educaci\u00f3n Especial Discapacidad Intelectual<\/a><\/td><td><a title=\"Tramo\" href=\"https:\/\/isfd98-bue.infd.edu.ar\/sitio\/profesorado-de-educacion-especial-discapacidad-intelectual\/\"><img decoding=\"async\" loading=\"lazy\" title=\"fwd_icon\" width=\"56\" height=\"50\" border=\"0\" class=\"alignnone\" src=\"https:\/\/isfd98-bue.infd.edu.ar\/sitio\/wp-content\/uploads\/2018\/06\/fwd_icon.jpg\" alt=\"fwd_icon\"><\/a><\/td><\/tr><tr><td><img decoding=\"async\" loading=\"lazy\" width=\"567\" height=\"425\" class=\"wp-image-1743\" style=\"width: 150px;\" src=\"https:\/\/isfd98-bue.infd.edu.ar\/sitio\/wp-content\/uploads\/2020\/10\/discapacitados_no-discriminaci\u00f3n.jpg\" alt=\"\"><\/td><td><a href=\"https:\/\/isfd98-bue.infd.edu.ar\/sitio\/profesorado-de-educacion-especial-discapacidad-neuromotora\/\">Profesorado de Educaci\u00f3n Especial Discapacidad Neuromotora<\/a><\/td><td><a title=\"Tramo\" href=\"https:\/\/isfd98-bue.infd.edu.ar\/sitio\/profesorado-de-educacion-especial-discapacidad-neuromotora\/\"><img decoding=\"async\" loading=\"lazy\" title=\"fwd_icon\" width=\"56\" height=\"50\" border=\"0\" class=\"alignnone\" src=\"https:\/\/isfd98-bue.infd.edu.ar\/sitio\/wp-content\/uploads\/2018\/06\/fwd_icon.jpg\" alt=\"fwd_icon\"><\/a><\/td><\/tr><tr><td><img decoding=\"async\" loading=\"lazy\" width=\"360\" height=\"369\" class=\"wp-image-1899\" style=\"width: 150px;\" src=\"https:\/\/isfd98-bue.infd.edu.ar\/sitio\/wp-content\/uploads\/2021\/02\/Deafness_and_hard_of_hearing_symbol.png\" alt=\"\"><\/td><td><a style=\"font-family: inherit; font-size: inherit; font-weight: inherit; background-color: transparent;\" href=\"https:\/\/isfd98-bue.infd.edu.ar\/sitio\/profesorado-de-educacion-especial-sordos-e-hipoacusicos\/\">Profesorado de Educaci\u00f3n Especial Sordos e Hipoac\u00fasicos<\/a><\/td><td><a title=\"Tramo\" href=\"https:\/\/isfd98-bue.infd.edu.ar\/sitio\/profesorado-de-educacion-especial-sordos-e-hipoacusicos\/\"><img decoding=\"async\" loading=\"lazy\" title=\"fwd_icon\" width=\"56\" height=\"50\" border=\"0\" class=\"alignnone\" src=\"https:\/\/isfd98-bue.infd.edu.ar\/sitio\/wp-content\/uploads\/2018\/06\/fwd_icon.jpg\" alt=\"fwd_icon\"><\/a><\/td><\/tr><\/tbody><\/table><figcaption class=\"wp-element-caption\"><strong>PLANILLA DE INSCRIPCION<\/strong>: &lt;&lt;<a rel=\"noreferrer noopener\" href=\"https:\/\/isfd98-bue.infd.edu.ar\/sitio\/wp-content\/uploads\/2023\/12\/Formacion-Docente-inicial-Tecnica-y-Artistica-Planilla-de-inscripcion-Educacion-Superior.pdf\" target=\"_blank\"><strong><mark style=\"background-color:rgba(0, 0, 0, 0);color:#ff0000\" class=\"has-inline-color\">descargar desde aqu\u00ed<\/mark><\/strong><\/a>&gt;&gt;<\/figcaption><\/figure>\n\n\n\n<p><\/p>\n","protected":false},"excerpt":{"rendered":"<p>&nbsp;PLANILLA DE INSCRIPCION: &lt;&lt;descargar desde aqu\u00ed&gt;&gt; El ISFD 98 cuenta con la siguiente oferta educativa. Profesorado de Educaci\u00f3n Primaria Profesorado de Educaci\u00f3n F\u00edsica Profesorado de Geograf\u00eda Profesorado de Historia Profesorado de&nbsp;Biolog\u00eda Profesorado de Educaci\u00f3n Especial Discapacidad Intelectual Profesorado de Educaci\u00f3n Especial Discapacidad Neuromotora Profesorado de Educaci\u00f3n Especial Sordos e Hipoac\u00fasicos PLANILLA DE INSCRIPCION: &lt;&lt;descargar desde &#8230; <a title=\"Profesorados\" class=\"read-more\" href=\"https:\/\/isfd98-bue.infd.edu.ar\/sitio\/profesorados\/\" aria-label=\"More on Profesorados\">[+]<\/a><\/p>\n","protected":false},"author":181,"featured_media":0,"parent":0,"menu_order":0,"comment_status":"closed","ping_status":"closed","template":"","meta":[],"acf":[],"_links":{"self":[{"href":"https:\/\/isfd98-bue.infd.edu.ar\/sitio\/wp-json\/wp\/v2\/pages\/912"}],"collection":[{"href":"https:\/\/isfd98-bue.infd.edu.ar\/sitio\/wp-json\/wp\/v2\/pages"}],"about":[{"href":"https:\/\/isfd98-bue.infd.edu.ar\/sitio\/wp-json\/wp\/v2\/types\/page"}],"author":[{"embeddable":true,"href":"https:\/\/isfd98-bue.infd.edu.ar\/sitio\/wp-json\/wp\/v2\/users\/181"}],"replies":[{"embeddable":true,"href":"https:\/\/isfd98-bue.infd.edu.ar\/sitio\/wp-json\/wp\/v2\/comments?post=912"}],"version-history":[{"count":27,"href":"https:\/\/isfd98-bue.infd.edu.ar\/sitio\/wp-json\/wp\/v2\/pages\/912\/revisions"}],"predecessor-version":[{"id":3828,"href":"https:\/\/isfd98-bue.infd.edu.ar\/sitio\/wp-json\/wp\/v2\/pages\/912\/revisions\/3828"}],"wp:attachment":[{"href":"https:\/\/isfd98-bue.infd.edu.ar\/sitio\/wp-json\/wp\/v2\/media?parent=912"}],"curies":[{"name":"wp","href":"https:\/\/api.w.org\/{rel}","templated":true}]}}