{"id":908,"date":"2018-06-28T00:07:25","date_gmt":"2018-06-28T03:07:25","guid":{"rendered":"https:\/\/isfd98-bue.infd.edu.ar\/sitio\/el-instituto\/"},"modified":"2021-02-23T10:54:00","modified_gmt":"2021-02-23T13:54:00","slug":"el-instituto","status":"publish","type":"page","link":"https:\/\/isfd98-bue.infd.edu.ar\/sitio\/el-instituto\/","title":{"rendered":"El Instituto"},"content":{"rendered":"<h2 style=\"font-family: Arial, Helvetica, sans-serif; font-size: 12pt; font-weight: bold; color: #ff9900; text-align: center;\"><span style=\"font-family: 'arial black', 'avant garde'; color: #ff9900;\"><strong><span style=\"font-size: 12pt;\">El Instituto<\/span><\/strong><\/span><\/h2>\n<p><span style=\"color: #000000;\">Toda la informaci\u00f3n que necesite del <strong>Instituto Superior de Formaci\u00f3n Docente 98\u00a0<\/strong>y de la Escuela Normal Superior.<\/span><\/p>\n<p><span style=\"color: #000000;\">Instituci\u00f3n formadora desde 1913, tiene un rol pleno y preponderante en la historia de Chascom\u00fas. Sus aulas han sido recorridas por personalidades de reconocida trayectoria en todos los niveles del quehacer pol\u00edtico, art\u00edstico y\u00a0educativo local, nacional e internacional.<\/span><\/p>\n<p><span style=\"color: #000000;\">Lo invitamos a recorrer los v\u00ednculos para conocernos.<\/span><\/p>\n<p>&nbsp;<\/p>\n<ul>\n<li><a href=\"https:\/\/isfd98-bue.infd.edu.ar\/sitio\/autoridades\/\">Autoridades<\/a><\/li>\n<li><a href=\"https:\/\/isfd98-bue.infd.edu.ar\/sitio\/historia\/\">Historia<\/a><\/li>\n<li><a href=\"https:\/\/isfd98-bue.infd.edu.ar\/sitio\/ubicacion\/\">Ubicaci\u00f3n<\/a><\/li>\n<li><a href=\"https:\/\/isfd98-bue.infd.edu.ar\/sitio\/planos\/\">Planos de la Instituci\u00f3n<\/a><\/li>\n<li><a href=\"https:\/\/isfd98-bue.infd.edu.ar\/sitio\/wp-content\/uploads\/sitio\/Resolucion_4043_09_y_anexo.pdf\">R\u00e9gimen Acad\u00e9mico Marco Jurisdiccional\u00a0<\/a><\/li>\n<\/ul>\n","protected":false},"excerpt":{"rendered":"<p>El Instituto Toda la informaci\u00f3n que necesite del Instituto Superior de Formaci\u00f3n Docente 98\u00a0y de la Escuela Normal Superior. Instituci\u00f3n formadora desde 1913, tiene un rol pleno y preponderante en la historia de Chascom\u00fas. Sus aulas han sido recorridas por personalidades de reconocida trayectoria en todos los niveles del quehacer pol\u00edtico, art\u00edstico y\u00a0educativo local, nacional &#8230; <a title=\"El Instituto\" class=\"read-more\" href=\"https:\/\/isfd98-bue.infd.edu.ar\/sitio\/el-instituto\/\" aria-label=\"More on El Instituto\">[+]<\/a><\/p>\n","protected":false},"author":181,"featured_media":0,"parent":0,"menu_order":0,"comment_status":"closed","ping_status":"closed","template":"","meta":[],"acf":[],"_links":{"self":[{"href":"https:\/\/isfd98-bue.infd.edu.ar\/sitio\/wp-json\/wp\/v2\/pages\/908"}],"collection":[{"href":"https:\/\/isfd98-bue.infd.edu.ar\/sitio\/wp-json\/wp\/v2\/pages"}],"about":[{"href":"https:\/\/isfd98-bue.infd.edu.ar\/sitio\/wp-json\/wp\/v2\/types\/page"}],"author":[{"embeddable":true,"href":"https:\/\/isfd98-bue.infd.edu.ar\/sitio\/wp-json\/wp\/v2\/users\/181"}],"replies":[{"embeddable":true,"href":"https:\/\/isfd98-bue.infd.edu.ar\/sitio\/wp-json\/wp\/v2\/comments?post=908"}],"version-history":[{"count":6,"href":"https:\/\/isfd98-bue.infd.edu.ar\/sitio\/wp-json\/wp\/v2\/pages\/908\/revisions"}],"predecessor-version":[{"id":1898,"href":"https:\/\/isfd98-bue.infd.edu.ar\/sitio\/wp-json\/wp\/v2\/pages\/908\/revisions\/1898"}],"wp:attachment":[{"href":"https:\/\/isfd98-bue.infd.edu.ar\/sitio\/wp-json\/wp\/v2\/media?parent=908"}],"curies":[{"name":"wp","href":"https:\/\/api.w.org\/{rel}","templated":true}]}}