{"id":906,"date":"2018-06-28T00:07:24","date_gmt":"2018-06-28T03:07:24","guid":{"rendered":"https:\/\/isfd98-bue.infd.edu.ar\/sitio\/contacto-2\/"},"modified":"2021-09-24T16:03:56","modified_gmt":"2021-09-24T19:03:56","slug":"contacto-2","status":"publish","type":"page","link":"https:\/\/isfd98-bue.infd.edu.ar\/sitio\/contacto-2\/","title":{"rendered":"Contactos"},"content":{"rendered":"\n<p>El contacto con el Instituto puede concretarse de distintas formas.<\/p>\n\n\n\n<ul><li><strong>TELEFONO<\/strong>: 02241-423266<\/li><li><strong>CORREO ELECTRONICO<\/strong>: <a href=\"mailto:isfd98chascomus@abc.gob.ar\"><em><strong><span class=\"has-inline-color has-vivid-red-color\">isfd98chascomus@abc.gob.ar<\/span><\/strong><\/em><\/a><\/li><li><strong>PRECEPTORIA<\/strong>: <a href=\"mailto:preceptoria98@gmail.com\" data-type=\"mailto\" data-id=\"mailto:preceptoria98@gmail.com\" target=\"_blank\" rel=\"noreferrer noopener\"><strong><em><span class=\"has-inline-color has-vivid-red-color\">preceptoria98@gmail.com<\/span><\/em><\/strong><\/a><\/li><li><strong>BIBLIOTECA<\/strong>: <a href=\"mailto:bibliotecaisfd98@gmail.com\"><strong><span class=\"has-inline-color has-vivid-red-color\">bibliotecaisfd98@gmail.com<\/span><\/strong><\/a><\/li><\/ul>\n\n\n\n<p>Tambi\u00e9n hay otros Correos Electr\u00f3nicos que son de inter\u00e9s particular para algunas consultas espec\u00edficas:<\/p>\n\n\n\n<ul><li><strong>CIPE<\/strong>: <a href=\"mailto:cipeisfd98@gmail.com\"><strong><span class=\"has-inline-color has-vivid-red-color\">cipeisfd98@gmail.com<\/span><\/strong><\/a><\/li><li><strong>CENTRO DE ESTUDIANTES<\/strong>: <a href=\"mailto:ceprofe98@gmail.com\"><strong><span class=\"has-inline-color has-vivid-red-color\">ceprofe98@gmail.com<\/span><\/strong><\/a><\/li><li><strong>COOPERADORA<\/strong>: <a href=\"mailto:coop00normal@gmail.com\"><strong><span class=\"has-inline-color has-vivid-red-color\">coop00normal@gmail.com<\/span><\/strong><\/a><\/li><\/ul>\n\n\n\n<p>Para gestiones administrativas (Certificados, constancias y Tr\u00e1mites) <\/p>\n\n\n\n<ul><li><strong><em><a rel=\"noreferrer noopener\" href=\"https:\/\/isfd98-bue.infd.edu.ar\/sitio\/certificados-y-constancias\/\" data-type=\"URL\" data-id=\"https:\/\/isfd98-bue.infd.edu.ar\/sitio\/certificados-y-constancias\/\" target=\"_blank\"><span class=\"has-inline-color has-vivid-red-color\">CLICK AQUI<\/span><\/a> <span class=\"has-inline-color has-vivid-red-color\"> <a rel=\"noreferrer noopener\" href=\"https:\/\/isfd98-bue.infd.edu.ar\/sitio\/certificados-y-constancias\/\" data-type=\"URL\" data-id=\"https:\/\/isfd98-bue.infd.edu.ar\/sitio\/certificados-y-constancias\/\" target=\"_blank\"><img decoding=\"async\" loading=\"lazy\" width=\"225\" height=\"225\" class=\"wp-image-1330\" style=\"width: 40px;\" src=\"https:\/\/isfd98-bue.infd.edu.ar\/sitio\/wp-content\/uploads\/2018\/12\/Icono-CLICK.png\" alt=\"Click aqu\u00ed\"><\/a><\/span><\/em><\/strong><\/li><\/ul>\n\n\n\n<p>Tambi\u00e9n puede ser \u00fatil las siguientes redes:<\/p>\n\n\n\n<ul><li><strong>INSTAGRAM<\/strong>: <em><span class=\"has-inline-color has-vivid-red-color\"><strong>@institutosuperior98<\/strong><\/span><\/em> (<a href=\"https:\/\/www.instagram.com\/institutosuperior98\/\" target=\"_blank\" rel=\"noreferrer noopener\"><span class=\"has-inline-color has-vivid-red-color\"><strong><em>https:\/\/www.instagram.com\/institutosuperior98\/<\/em><\/strong><\/span><\/a>)<\/li><li><strong>FACEBOOCK<\/strong>: <strong><em><a href=\"https:\/\/www.facebook.com\/normalchascomus\"><span class=\"has-inline-color has-vivid-red-color\">https:\/\/www.facebook.com\/normalchascomus<\/span><\/a><\/em><\/strong><\/li><li><strong>YOUTUBE<\/strong>: <a rel=\"noreferrer noopener\" href=\"https:\/\/www.youtube.com\/channel\/UCSam5oU9anfrJ1trZiRGu8A\" target=\"_blank\"><span class=\"has-inline-color has-vivid-red-color\"><strong><em>https:\/\/www.youtube.com\/channel\/UCSam5oU9anfrJ1trZiRGu8A<\/em><\/strong><\/span><\/a><\/li><\/ul>\n\n\n\n<p><\/p>\n","protected":false},"excerpt":{"rendered":"<p>El contacto con el Instituto puede concretarse de distintas formas. TELEFONO: 02241-423266 CORREO ELECTRONICO: isfd98chascomus@abc.gob.ar PRECEPTORIA: preceptoria98@gmail.com BIBLIOTECA: bibliotecaisfd98@gmail.com Tambi\u00e9n hay otros Correos Electr\u00f3nicos que son de inter\u00e9s particular para algunas consultas espec\u00edficas: CIPE: cipeisfd98@gmail.com CENTRO DE ESTUDIANTES: ceprofe98@gmail.com COOPERADORA: coop00normal@gmail.com Para gestiones administrativas (Certificados, constancias y Tr\u00e1mites) CLICK AQUI Tambi\u00e9n puede ser \u00fatil las &#8230; <a title=\"Contactos\" class=\"read-more\" href=\"https:\/\/isfd98-bue.infd.edu.ar\/sitio\/contacto-2\/\" aria-label=\"More on Contactos\">[+]<\/a><\/p>\n","protected":false},"author":181,"featured_media":0,"parent":0,"menu_order":0,"comment_status":"closed","ping_status":"closed","template":"","meta":[],"acf":[],"_links":{"self":[{"href":"https:\/\/isfd98-bue.infd.edu.ar\/sitio\/wp-json\/wp\/v2\/pages\/906"}],"collection":[{"href":"https:\/\/isfd98-bue.infd.edu.ar\/sitio\/wp-json\/wp\/v2\/pages"}],"about":[{"href":"https:\/\/isfd98-bue.infd.edu.ar\/sitio\/wp-json\/wp\/v2\/types\/page"}],"author":[{"embeddable":true,"href":"https:\/\/isfd98-bue.infd.edu.ar\/sitio\/wp-json\/wp\/v2\/users\/181"}],"replies":[{"embeddable":true,"href":"https:\/\/isfd98-bue.infd.edu.ar\/sitio\/wp-json\/wp\/v2\/comments?post=906"}],"version-history":[{"count":6,"href":"https:\/\/isfd98-bue.infd.edu.ar\/sitio\/wp-json\/wp\/v2\/pages\/906\/revisions"}],"predecessor-version":[{"id":2628,"href":"https:\/\/isfd98-bue.infd.edu.ar\/sitio\/wp-json\/wp\/v2\/pages\/906\/revisions\/2628"}],"wp:attachment":[{"href":"https:\/\/isfd98-bue.infd.edu.ar\/sitio\/wp-json\/wp\/v2\/media?parent=906"}],"curies":[{"name":"wp","href":"https:\/\/api.w.org\/{rel}","templated":true}]}}