{"id":3473,"date":"2023-09-24T22:22:22","date_gmt":"2023-09-25T01:22:22","guid":{"rendered":"https:\/\/isfd98-bue.infd.edu.ar\/sitio\/?page_id=3473"},"modified":"2023-09-24T22:22:23","modified_gmt":"2023-09-25T01:22:23","slug":"profesorado-de-educacion-fisica-3","status":"publish","type":"page","link":"https:\/\/isfd98-bue.infd.edu.ar\/sitio\/profesorado-de-educacion-fisica-3\/","title":{"rendered":"PROFESORADO DE EDUCACION FISICA"},"content":{"rendered":"\n<div class=\"wp-block-media-text alignwide is-stacked-on-mobile\" style=\"grid-template-columns:24% auto\"><figure class=\"wp-block-media-text__media\"><img decoding=\"async\" loading=\"lazy\" width=\"512\" height=\"512\" src=\"https:\/\/isfd98-bue.infd.edu.ar\/sitio\/wp-content\/uploads\/2022\/11\/efisica.png\" alt=\"\" class=\"wp-image-3067 size-full\" srcset=\"https:\/\/isfd98-bue.infd.edu.ar\/sitio\/wp-content\/uploads\/2022\/11\/efisica.png 512w, https:\/\/isfd98-bue.infd.edu.ar\/sitio\/wp-content\/uploads\/2022\/11\/efisica-500x500.png 500w\" sizes=\"(max-width: 512px) 100vw, 512px\" \/><\/figure><div class=\"wp-block-media-text__content\">\n<h2 class=\"wp-block-heading\">PROFESORADO DE EDUCACION FISICA<\/h2>\n\n\n\n<p><a href=\"https:\/\/isfd98-bue.infd.edu.ar\/sitio\/wp-content\/uploads\/sitio\/rprofesorado_educ_fisica_pcia_bsas_1.pdf\" target=\"_blank\" rel=\"noreferrer noopener\">Resoluci\u00f3n Plan de estudios 2432\/09<\/a><\/p>\n<\/div><\/div>\n\n\n\n<hr class=\"wp-block-separator has-alpha-channel-opacity\"\/>\n\n\n\n<div class=\"wp-block-media-text alignwide has-media-on-the-right is-stacked-on-mobile\" style=\"grid-template-columns:auto 37%\"><div class=\"wp-block-media-text__content\">\n<h2 class=\"wp-block-heading\">Perfil del Egresado<\/h2>\n\n\n\n<p>El profesorado brinda amplio conocimiento peda- g\u00f3gico para actuar como mediador en el \u00e1rea espec\u00edfica, en todos los niveles del sistema formal y no formal, fundamentado en las disciplinas relacionadas con la motricidad humana y sus manifestaciones. Al finalizar la formaci\u00f3n docente inicial, las y los graduados cuentan con la posibilidad de continuar con su formaci\u00f3n y especializarse en universidades p\u00fablicas y privadas.<\/p>\n<\/div><figure class=\"wp-block-media-text__media\"><img decoding=\"async\" loading=\"lazy\" width=\"1900\" height=\"1067\" src=\"https:\/\/isfd98-bue.infd.edu.ar\/sitio\/wp-content\/uploads\/2023\/04\/abc-baeducacion-semana-ed-fisica-1900x1067.jpg\" alt=\"\" class=\"wp-image-3257 size-full\" srcset=\"https:\/\/isfd98-bue.infd.edu.ar\/sitio\/wp-content\/uploads\/2023\/04\/abc-baeducacion-semana-ed-fisica-1900x1067.jpg 1900w, https:\/\/isfd98-bue.infd.edu.ar\/sitio\/wp-content\/uploads\/2023\/04\/abc-baeducacion-semana-ed-fisica-1000x561.jpg 1000w, https:\/\/isfd98-bue.infd.edu.ar\/sitio\/wp-content\/uploads\/2023\/04\/abc-baeducacion-semana-ed-fisica-768x431.jpg 768w, https:\/\/isfd98-bue.infd.edu.ar\/sitio\/wp-content\/uploads\/2023\/04\/abc-baeducacion-semana-ed-fisica-1536x862.jpg 1536w, https:\/\/isfd98-bue.infd.edu.ar\/sitio\/wp-content\/uploads\/2023\/04\/abc-baeducacion-semana-ed-fisica-2048x1150.jpg 2048w\" sizes=\"(max-width: 1900px) 100vw, 1900px\" \/><\/figure><\/div>\n\n\n\n<hr class=\"wp-block-separator has-alpha-channel-opacity\"\/>\n\n\n\n<div class=\"wp-block-media-text alignwide is-stacked-on-mobile\" style=\"grid-template-columns:35% auto\"><figure class=\"wp-block-media-text__media\"><img decoding=\"async\" loading=\"lazy\" width=\"910\" height=\"886\" src=\"https:\/\/isfd98-bue.infd.edu.ar\/sitio\/wp-content\/uploads\/2023\/09\/educacion-fisica-01.jpg\" alt=\"\" class=\"wp-image-3426 size-full\" srcset=\"https:\/\/isfd98-bue.infd.edu.ar\/sitio\/wp-content\/uploads\/2023\/09\/educacion-fisica-01.jpg 910w, https:\/\/isfd98-bue.infd.edu.ar\/sitio\/wp-content\/uploads\/2023\/09\/educacion-fisica-01-768x748.jpg 768w\" sizes=\"(max-width: 910px) 100vw, 910px\" \/><\/figure><div class=\"wp-block-media-text__content\">\n<p><br>Este profesorado tiene amplia salida laboral, inserci\u00f3n en \u00e1mbitos de ense\u00f1anza p\u00fablica y privada, clubes, gimnasios e incluye la posibilidad de autogesti\u00f3n de emprendimientos privados. El desempe\u00f1o profesional posibilita:<br>\u2022 Ejercer la docencia en el \u00e1rea de la Educaci\u00f3n F\u00edsica dentro del sistema educativo formal en los distintos niveles obligatorios del sistema educativo.<br>\u2022 Dise\u00f1ar, desarrollar y evaluar planes, programas, proyectos y eventos relativos a la Educaci\u00f3n F\u00edsica y el Deporte.<br>\u2022 Llevar a cabo una mediaci\u00f3n cultural reflexiva y cr\u00edtica en el sistema educativo no formal, contextualizada en el marco comunitario.<br>\u2022 Planificar, conducir y evaluar procesos de ense\u00f1anza y aprendizaje en el \u00e1rea de la Educaci\u00f3n F\u00edsica y el Deporte desde el enfoque de la Educaci\u00f3n integral y permanente de los ciudadanos.<br>\u2022 Elaborar y realizar proyectos de investigaci\u00f3n en el \u00e1rea de la Educaci\u00f3n F\u00edsica y el Deporte.<br>\u2022 Integrar proyectos institucionales y equipos interdisciplinarios.<br>\u2022 Gestionar y asesorar clubes, centros, organizaciones e instituciones dedicadas a la Actividad F\u00edsica, el Deporte y la Recreaci\u00f3n.<\/p>\n<\/div><\/div>\n\n\n\n<hr class=\"wp-block-separator has-alpha-channel-opacity\"\/>\n\n\n\n<h2 class=\"wp-block-heading\">Materias<\/h2>\n\n\n\n<div class=\"wp-block-columns is-layout-flex wp-container-3\">\n<div class=\"wp-block-column is-layout-flow\">\n<p><strong>1er A\u00f1o<\/strong><br>Did\u00e1ctica De Las Pr\u00e1cticas Acu\u00e1ticas &#8211; Did\u00e1ctica De Las Pr\u00e1cticas Gimn\u00e1sticas &#8211; Did\u00e1ctica De Las Pr\u00e1cticas L\u00fadicas &#8211; Pedagog\u00eda &#8211; Anatom\u00eda &#8211; Filosof\u00eda &#8211; Taller De Lectura Escritura Y Oralidad &#8211; Historia De La Educaci\u00f3n F\u00edsica En Latinoam\u00e9rica Y Argentina &#8211; Psicolog\u00eda Del Desarrollo Y Del Aprendizaje I &#8211; Did\u00e1ctica General &#8211; Taller De Educaci\u00f3n Corporal Y Motriz &#8211; Historia De La Educaci\u00f3n F\u00edsica En Latinoam\u00e9rica Y Argentina &#8211; Psicolog\u00eda Del Desarrollo Y Del Aprendizaje I &#8211; Taller De Educaci\u00f3n Corporal Y Motriz &#8211; Pr\u00e1ctica Docente.<\/p>\n<\/div>\n\n\n\n<div class=\"wp-block-column is-layout-flow\">\n<p><strong>2do A\u00f1o<\/strong><br>Did\u00e1ctica De Las Pr\u00e1cticas Deportivas I &#8211; Did\u00e1ctica De Las Pr\u00e1cticas Gimn\u00e1sticas II &#8211; Did\u00e1ctica De Las Pr\u00e1cticas De La Recreaci\u00f3n Participativa &#8211; Did\u00e1ctica De Las Pr\u00e1cticas Atl\u00e9ticas &#8211; Teor\u00edas Sociopol\u00edticas Y Educaci\u00f3n &#8211; Did\u00e1ctica De Pr\u00e1cticas En La Naturaleza Y Al Aire Libre I &#8211; Did\u00e1ctica Y Curr\u00edculum De La Ed. F\u00edsica Del N. Inicial Y Del N. Primario &#8211; Teor\u00edas Sociopol\u00edticas Y Educaci\u00f3n &#8211; Fisiolog\u00eda De La Motricidad &#8211; TFO: La Educaci\u00f3n F\u00edsica En El Campo De La Educaci\u00f3n Especial &#8211; Psicolog\u00eda Del Desarrollo Y El Aprendizaje II &#8211; Fisiolog\u00eda De La Motricidad &#8211; Pr\u00e1ctica Docente Generalista &#8211; Pr\u00e1ctica Docente Especialista.<\/p>\n<\/div>\n<\/div>\n\n\n\n<div class=\"wp-block-columns is-layout-flex wp-container-6\">\n<div class=\"wp-block-column is-layout-flow\">\n<p><strong>3er A\u00f1o<\/strong><br>Did\u00e1ctica de las Pr\u00e1cticas en la Naturaleza y al aire libre II &#8211; Did\u00e1ctica de las Pr\u00e1cticas Deportivas II &#8211; Did\u00e1ctica de la educaci\u00f3n f\u00edsica del nivel\u2026 &#8211; Did\u00e1ctica de las Pr\u00e1cticas Deportivas II &#8211; Did\u00e1ctica de Pr\u00e1cticas Gimn\u00e1sticas III &#8211; Did\u00e1ctica de las Practicas en la Naturaleza y al Aire libre &#8211; TFO &#8211; Historia &#8211; Pol\u00edtica y legislaci\u00f3n Educativa &#8211; Configuraciones Culturales del Sujeto Educativo &#8211; Metodolog\u00eda de la Investigaci\u00f3n &#8211; Historia &#8211; Pol\u00edtica y legislaci\u00f3n Educativa &#8211; Pr\u00e1ctica en Terreno.<\/p>\n<\/div>\n\n\n\n<div class=\"wp-block-column is-layout-flow\">\n<p><strong>4to A\u00f1o<\/strong><br>Pedagog\u00eda cr\u00edtica de las diferencias &#8211; Did\u00e1ctica de las Pr\u00e1cticas Gimn\u00e1sticas Especiales &#8211; Did\u00e1ctica de las pr\u00e1cticas Deportivas III &#8211; Antropolog\u00eda y Sociolog\u00eda del Cuerpo &#8211; Did\u00e1ctica del Entrenamiento &#8211; TFO &#8211; Reflexi\u00f3n filos\u00f3fica de la educaci\u00f3n &#8211; Dimensi\u00f3n \u00e9tico-pol\u00edtica de la praxis docente &#8211; Pr\u00e1ctica en terreno.<\/p>\n<\/div>\n<\/div>\n\n\n\n<hr class=\"wp-block-separator has-alpha-channel-opacity\"\/>\n\n\n\n<div class=\"wp-block-group is-layout-constrained\"><div class=\"wp-block-group__inner-container\">\n<h2 class=\"wp-block-heading\">Formularios y Requerimientos<\/h2>\n\n\n\n<div class=\"wp-block-buttons is-layout-flex\">\n<div class=\"wp-block-button\"><a class=\"wp-block-button__link wp-element-button\" href=\"https:\/\/isfd98-bue.infd.edu.ar\/sitio\/wp-content\/uploads\/2021\/04\/A1-Inscripcion_inicial.pdf\" target=\"_blank\" rel=\"noreferrer noopener\"><strong>Formulario de Inscripci\u00f3n<\/strong><\/a><\/div>\n<\/div>\n\n\n\n<p><\/p>\n\n\n\n<p><strong>DOCUMENTACI\u00d3N A PRESENTAR Con la Planilla de Inscripci\u00f3n se debe<\/strong><\/p>\n\n\n\n<ul>\n<li>Fotocopia DNI<\/li>\n\n\n\n<li>Fotocopia T\u00edt. Sec\/Polimodal<\/li>\n\n\n\n<li>N\u00ba de registro<\/li>\n\n\n\n<li>Fotos<\/li>\n\n\n\n<li>Certificado m\u00e9dico<\/li>\n<\/ul>\n<\/div><\/div>\n\n\n\n<hr class=\"wp-block-separator has-alpha-channel-opacity\"\/>\n\n\n\n<div class=\"wp-block-group is-layout-constrained\"><div class=\"wp-block-group__inner-container\">\n<h2 class=\"wp-block-heading\">Contacto y Redes del Instituto<\/h2>\n\n\n\n<p><strong>Direccion<\/strong>: <em>Avda. Ra\u00fal Alfons\u00edn 552, (7130) Chascom\u00fas<\/em><br><strong>TEL<\/strong>:<em>&nbsp;02241 \u2013 423266<\/em><\/p>\n\n\n\n<ul class=\"wp-block-social-links aligncenter has-huge-icon-size is-style-logos-only is-layout-flex\"><li class=\"wp-social-link wp-social-link-facebook wp-block-social-link\"><a href=\"https:\/\/www.facebook.com\/normalchascomus\" class=\"wp-block-social-link-anchor\"><svg width=\"24\" height=\"24\" viewBox=\"0 0 24 24\" version=\"1.1\" xmlns=\"http:\/\/www.w3.org\/2000\/svg\" aria-hidden=\"true\" focusable=\"false\"><path d=\"M12 2C6.5 2 2 6.5 2 12c0 5 3.7 9.1 8.4 9.9v-7H7.9V12h2.5V9.8c0-2.5 1.5-3.9 3.8-3.9 1.1 0 2.2.2 2.2.2v2.5h-1.3c-1.2 0-1.6.8-1.6 1.6V12h2.8l-.4 2.9h-2.3v7C18.3 21.1 22 17 22 12c0-5.5-4.5-10-10-10z\"><\/path><\/svg><span class=\"wp-block-social-link-label screen-reader-text\">Facebook<\/span><\/a><\/li>\n\n<li class=\"wp-social-link wp-social-link-instagram wp-block-social-link\"><a href=\"https:\/\/www.instagram.com\/institutosuperior98\/\" class=\"wp-block-social-link-anchor\"><svg width=\"24\" height=\"24\" viewBox=\"0 0 24 24\" version=\"1.1\" xmlns=\"http:\/\/www.w3.org\/2000\/svg\" aria-hidden=\"true\" focusable=\"false\"><path d=\"M12,4.622c2.403,0,2.688,0.009,3.637,0.052c0.877,0.04,1.354,0.187,1.671,0.31c0.42,0.163,0.72,0.358,1.035,0.673 c0.315,0.315,0.51,0.615,0.673,1.035c0.123,0.317,0.27,0.794,0.31,1.671c0.043,0.949,0.052,1.234,0.052,3.637 s-0.009,2.688-0.052,3.637c-0.04,0.877-0.187,1.354-0.31,1.671c-0.163,0.42-0.358,0.72-0.673,1.035 c-0.315,0.315-0.615,0.51-1.035,0.673c-0.317,0.123-0.794,0.27-1.671,0.31c-0.949,0.043-1.233,0.052-3.637,0.052 s-2.688-0.009-3.637-0.052c-0.877-0.04-1.354-0.187-1.671-0.31c-0.42-0.163-0.72-0.358-1.035-0.673 c-0.315-0.315-0.51-0.615-0.673-1.035c-0.123-0.317-0.27-0.794-0.31-1.671C4.631,14.688,4.622,14.403,4.622,12 s0.009-2.688,0.052-3.637c0.04-0.877,0.187-1.354,0.31-1.671c0.163-0.42,0.358-0.72,0.673-1.035 c0.315-0.315,0.615-0.51,1.035-0.673c0.317-0.123,0.794-0.27,1.671-0.31C9.312,4.631,9.597,4.622,12,4.622 M12,3 C9.556,3,9.249,3.01,8.289,3.054C7.331,3.098,6.677,3.25,6.105,3.472C5.513,3.702,5.011,4.01,4.511,4.511 c-0.5,0.5-0.808,1.002-1.038,1.594C3.25,6.677,3.098,7.331,3.054,8.289C3.01,9.249,3,9.556,3,12c0,2.444,0.01,2.751,0.054,3.711 c0.044,0.958,0.196,1.612,0.418,2.185c0.23,0.592,0.538,1.094,1.038,1.594c0.5,0.5,1.002,0.808,1.594,1.038 c0.572,0.222,1.227,0.375,2.185,0.418C9.249,20.99,9.556,21,12,21s2.751-0.01,3.711-0.054c0.958-0.044,1.612-0.196,2.185-0.418 c0.592-0.23,1.094-0.538,1.594-1.038c0.5-0.5,0.808-1.002,1.038-1.594c0.222-0.572,0.375-1.227,0.418-2.185 C20.99,14.751,21,14.444,21,12s-0.01-2.751-0.054-3.711c-0.044-0.958-0.196-1.612-0.418-2.185c-0.23-0.592-0.538-1.094-1.038-1.594 c-0.5-0.5-1.002-0.808-1.594-1.038c-0.572-0.222-1.227-0.375-2.185-0.418C14.751,3.01,14.444,3,12,3L12,3z M12,7.378 c-2.552,0-4.622,2.069-4.622,4.622S9.448,16.622,12,16.622s4.622-2.069,4.622-4.622S14.552,7.378,12,7.378z M12,15 c-1.657,0-3-1.343-3-3s1.343-3,3-3s3,1.343,3,3S13.657,15,12,15z M16.804,6.116c-0.596,0-1.08,0.484-1.08,1.08 s0.484,1.08,1.08,1.08c0.596,0,1.08-0.484,1.08-1.08S17.401,6.116,16.804,6.116z\"><\/path><\/svg><span class=\"wp-block-social-link-label screen-reader-text\">Instagram<\/span><\/a><\/li>\n\n<li class=\"wp-social-link wp-social-link-google wp-block-social-link\"><a href=\"https:\/\/isfd98-bue.infd.edu.ar\/\" class=\"wp-block-social-link-anchor\"><svg width=\"24\" height=\"24\" viewBox=\"0 0 24 24\" version=\"1.1\" xmlns=\"http:\/\/www.w3.org\/2000\/svg\" aria-hidden=\"true\" focusable=\"false\"><path d=\"M12.02,10.18v3.72v0.01h5.51c-0.26,1.57-1.67,4.22-5.5,4.22c-3.31,0-6.01-2.75-6.01-6.12s2.7-6.12,6.01-6.12 c1.87,0,3.13,0.8,3.85,1.48l2.84-2.76C16.99,2.99,14.73,2,12.03,2c-5.52,0-10,4.48-10,10s4.48,10,10,10c5.77,0,9.6-4.06,9.6-9.77 c0-0.83-0.11-1.42-0.25-2.05H12.02z\"><\/path><\/svg><span class=\"wp-block-social-link-label screen-reader-text\">Google<\/span><\/a><\/li>\n\n<li class=\"wp-social-link wp-social-link-mail wp-block-social-link\"><a href=\"mailto:%20isfd98chascomus@abc.gob.ar\" class=\"wp-block-social-link-anchor\"><svg width=\"24\" height=\"24\" viewBox=\"0 0 24 24\" version=\"1.1\" xmlns=\"http:\/\/www.w3.org\/2000\/svg\" aria-hidden=\"true\" focusable=\"false\"><path d=\"M20,4H4C2.895,4,2,4.895,2,6v12c0,1.105,0.895,2,2,2h16c1.105,0,2-0.895,2-2V6C22,4.895,21.105,4,20,4z M20,8.236l-8,4.882 L4,8.236V6h16V8.236z\"><\/path><\/svg><span class=\"wp-block-social-link-label screen-reader-text\">Mail<\/span><\/a><\/li>\n\n<li class=\"wp-social-link wp-social-link-youtube wp-block-social-link\"><a href=\"https:\/\/www.youtube.com\/@isfdn98escuelanormal40\/featured\" class=\"wp-block-social-link-anchor\"><svg width=\"24\" height=\"24\" viewBox=\"0 0 24 24\" version=\"1.1\" xmlns=\"http:\/\/www.w3.org\/2000\/svg\" aria-hidden=\"true\" focusable=\"false\"><path d=\"M21.8,8.001c0,0-0.195-1.378-0.795-1.985c-0.76-0.797-1.613-0.801-2.004-0.847c-2.799-0.202-6.997-0.202-6.997-0.202 h-0.009c0,0-4.198,0-6.997,0.202C4.608,5.216,3.756,5.22,2.995,6.016C2.395,6.623,2.2,8.001,2.2,8.001S2,9.62,2,11.238v1.517 c0,1.618,0.2,3.237,0.2,3.237s0.195,1.378,0.795,1.985c0.761,0.797,1.76,0.771,2.205,0.855c1.6,0.153,6.8,0.201,6.8,0.201 s4.203-0.006,7.001-0.209c0.391-0.047,1.243-0.051,2.004-0.847c0.6-0.607,0.795-1.985,0.795-1.985s0.2-1.618,0.2-3.237v-1.517 C22,9.62,21.8,8.001,21.8,8.001z M9.935,14.594l-0.001-5.62l5.404,2.82L9.935,14.594z\"><\/path><\/svg><span class=\"wp-block-social-link-label screen-reader-text\">YouTube<\/span><\/a><\/li><\/ul>\n<\/div><\/div>\n","protected":false},"excerpt":{"rendered":"<p>PROFESORADO DE EDUCACION FISICA Resoluci\u00f3n Plan de estudios 2432\/09 Perfil del Egresado El profesorado brinda amplio conocimiento peda- g\u00f3gico para actuar como mediador en el \u00e1rea espec\u00edfica, en todos los niveles del sistema formal y no formal, fundamentado en las disciplinas relacionadas con la motricidad humana y sus manifestaciones. Al finalizar la formaci\u00f3n docente inicial, &#8230; <a title=\"PROFESORADO DE EDUCACION FISICA\" class=\"read-more\" href=\"https:\/\/isfd98-bue.infd.edu.ar\/sitio\/profesorado-de-educacion-fisica-3\/\" aria-label=\"More on PROFESORADO DE EDUCACION FISICA\">[+]<\/a><\/p>\n","protected":false},"author":181,"featured_media":0,"parent":0,"menu_order":0,"comment_status":"closed","ping_status":"closed","template":"","meta":[],"acf":[],"_links":{"self":[{"href":"https:\/\/isfd98-bue.infd.edu.ar\/sitio\/wp-json\/wp\/v2\/pages\/3473"}],"collection":[{"href":"https:\/\/isfd98-bue.infd.edu.ar\/sitio\/wp-json\/wp\/v2\/pages"}],"about":[{"href":"https:\/\/isfd98-bue.infd.edu.ar\/sitio\/wp-json\/wp\/v2\/types\/page"}],"author":[{"embeddable":true,"href":"https:\/\/isfd98-bue.infd.edu.ar\/sitio\/wp-json\/wp\/v2\/users\/181"}],"replies":[{"embeddable":true,"href":"https:\/\/isfd98-bue.infd.edu.ar\/sitio\/wp-json\/wp\/v2\/comments?post=3473"}],"version-history":[{"count":1,"href":"https:\/\/isfd98-bue.infd.edu.ar\/sitio\/wp-json\/wp\/v2\/pages\/3473\/revisions"}],"predecessor-version":[{"id":3474,"href":"https:\/\/isfd98-bue.infd.edu.ar\/sitio\/wp-json\/wp\/v2\/pages\/3473\/revisions\/3474"}],"wp:attachment":[{"href":"https:\/\/isfd98-bue.infd.edu.ar\/sitio\/wp-json\/wp\/v2\/media?parent=3473"}],"curies":[{"name":"wp","href":"https:\/\/api.w.org\/{rel}","templated":true}]}}