{"id":286,"date":"2021-10-27T13:08:31","date_gmt":"2021-10-27T16:08:31","guid":{"rendered":"https:\/\/isfd98-bue.infd.edu.ar\/sitio\/?page_id=286"},"modified":"2024-03-26T12:14:57","modified_gmt":"2024-03-26T15:14:57","slug":"inicio","status":"publish","type":"page","link":"https:\/\/isfd98-bue.infd.edu.ar\/sitio\/","title":{"rendered":"Inicio"},"content":{"rendered":"<h2><img decoding=\"async\" loading=\"lazy\" style=\"vertical-align: middle;\" src=\"https:\/\/isfd98-bue.infd.edu.ar\/sitio\/wp-content\/uploads\/2021\/08\/Estudiantes_Logo-e1630023573427.jpg\" alt=\"\" width=\"70\" height=\"70\" \/>ESTUDIANTES<\/h2>\n<hr \/>\n<h2 style=\"text-align: center; background-color: #93d470; color: #000000; padding: 1em; border-radius: 1em;\">Lxs Estudiantes en la Vida Institucional<\/h2>\n<div id='gallery-1' class='gallery galleryid-286 gallery-columns-4 gallery-size-thumbnail'><figure class='gallery-item'>\n\t\t\t<div class='gallery-icon portrait'>\n\t\t\t\t<a href='https:\/\/isfd98-bue.infd.edu.ar\/sitio\/lxs-estudiantes-en-la-vida-institucional-11\/'><img width=\"500\" height=\"500\" src=\"https:\/\/isfd98-bue.infd.edu.ar\/sitio\/wp-content\/uploads\/2022\/04\/Lxs-Estudiantes-en-la-Vida-Institucional-11-500x500.jpeg\" class=\"attachment-thumbnail size-thumbnail\" alt=\"\" decoding=\"async\" loading=\"lazy\" \/><\/a>\n\t\t\t<\/div><\/figure><figure class='gallery-item'>\n\t\t\t<div class='gallery-icon portrait'>\n\t\t\t\t<a href='https:\/\/isfd98-bue.infd.edu.ar\/sitio\/lxs-estudiantes-en-la-vida-institucional-10\/'><img width=\"500\" height=\"500\" src=\"https:\/\/isfd98-bue.infd.edu.ar\/sitio\/wp-content\/uploads\/2022\/04\/Lxs-Estudiantes-en-la-Vida-Institucional-10-500x500.jpeg\" class=\"attachment-thumbnail size-thumbnail\" alt=\"\" decoding=\"async\" loading=\"lazy\" \/><\/a>\n\t\t\t<\/div><\/figure><figure class='gallery-item'>\n\t\t\t<div class='gallery-icon portrait'>\n\t\t\t\t<a href='https:\/\/isfd98-bue.infd.edu.ar\/sitio\/lxs-estudiantes-en-la-vida-institucional-09\/'><img width=\"500\" height=\"500\" src=\"https:\/\/isfd98-bue.infd.edu.ar\/sitio\/wp-content\/uploads\/2022\/04\/Lxs-Estudiantes-en-la-Vida-Institucional-09-500x500.jpeg\" class=\"attachment-thumbnail size-thumbnail\" alt=\"\" decoding=\"async\" loading=\"lazy\" \/><\/a>\n\t\t\t<\/div><\/figure><figure class='gallery-item'>\n\t\t\t<div class='gallery-icon landscape'>\n\t\t\t\t<a href='https:\/\/isfd98-bue.infd.edu.ar\/sitio\/lxs-estudiantes-en-la-vida-institucional-08\/'><img width=\"500\" height=\"500\" src=\"https:\/\/isfd98-bue.infd.edu.ar\/sitio\/wp-content\/uploads\/2022\/04\/Lxs-Estudiantes-en-la-Vida-Institucional-08-500x500.jpeg\" class=\"attachment-thumbnail size-thumbnail\" alt=\"\" decoding=\"async\" loading=\"lazy\" \/><\/a>\n\t\t\t<\/div><\/figure><figure class='gallery-item'>\n\t\t\t<div class='gallery-icon portrait'>\n\t\t\t\t<a href='https:\/\/isfd98-bue.infd.edu.ar\/sitio\/lxs-estudiantes-en-la-vida-institucional-07\/'><img width=\"500\" height=\"500\" src=\"https:\/\/isfd98-bue.infd.edu.ar\/sitio\/wp-content\/uploads\/2022\/04\/Lxs-Estudiantes-en-la-Vida-Institucional-07-500x500.jpeg\" class=\"attachment-thumbnail size-thumbnail\" alt=\"\" decoding=\"async\" loading=\"lazy\" \/><\/a>\n\t\t\t<\/div><\/figure><figure class='gallery-item'>\n\t\t\t<div class='gallery-icon portrait'>\n\t\t\t\t<a href='https:\/\/isfd98-bue.infd.edu.ar\/sitio\/lxs-estudiantes-en-la-vida-institucional-06\/'><img width=\"500\" height=\"500\" src=\"https:\/\/isfd98-bue.infd.edu.ar\/sitio\/wp-content\/uploads\/2022\/04\/Lxs-Estudiantes-en-la-Vida-Institucional-06-500x500.jpeg\" class=\"attachment-thumbnail size-thumbnail\" alt=\"\" decoding=\"async\" loading=\"lazy\" \/><\/a>\n\t\t\t<\/div><\/figure><figure class='gallery-item'>\n\t\t\t<div class='gallery-icon portrait'>\n\t\t\t\t<a href='https:\/\/isfd98-bue.infd.edu.ar\/sitio\/lxs-estudiantes-en-la-vida-institucional-05\/'><img width=\"500\" height=\"500\" src=\"https:\/\/isfd98-bue.infd.edu.ar\/sitio\/wp-content\/uploads\/2022\/04\/Lxs-Estudiantes-en-la-Vida-Institucional-05-500x500.jpeg\" class=\"attachment-thumbnail size-thumbnail\" alt=\"\" decoding=\"async\" loading=\"lazy\" \/><\/a>\n\t\t\t<\/div><\/figure><figure class='gallery-item'>\n\t\t\t<div class='gallery-icon portrait'>\n\t\t\t\t<a href='https:\/\/isfd98-bue.infd.edu.ar\/sitio\/lxs-estudiantes-en-la-vida-institucional-04\/'><img width=\"500\" height=\"500\" src=\"https:\/\/isfd98-bue.infd.edu.ar\/sitio\/wp-content\/uploads\/2022\/04\/Lxs-Estudiantes-en-la-Vida-Institucional-04-500x500.jpeg\" class=\"attachment-thumbnail size-thumbnail\" alt=\"\" decoding=\"async\" loading=\"lazy\" \/><\/a>\n\t\t\t<\/div><\/figure><figure class='gallery-item'>\n\t\t\t<div class='gallery-icon portrait'>\n\t\t\t\t<a href='https:\/\/isfd98-bue.infd.edu.ar\/sitio\/lxs-estudiantes-en-la-vida-institucional-03\/'><img width=\"500\" height=\"500\" src=\"https:\/\/isfd98-bue.infd.edu.ar\/sitio\/wp-content\/uploads\/2022\/04\/Lxs-Estudiantes-en-la-Vida-Institucional-03-500x500.jpeg\" class=\"attachment-thumbnail size-thumbnail\" alt=\"\" decoding=\"async\" loading=\"lazy\" \/><\/a>\n\t\t\t<\/div><\/figure><figure class='gallery-item'>\n\t\t\t<div class='gallery-icon portrait'>\n\t\t\t\t<a href='https:\/\/isfd98-bue.infd.edu.ar\/sitio\/lxs-estudiantes-en-la-vida-institucional-02\/'><img width=\"500\" height=\"500\" src=\"https:\/\/isfd98-bue.infd.edu.ar\/sitio\/wp-content\/uploads\/2022\/04\/Lxs-Estudiantes-en-la-Vida-Institucional-02-500x500.jpeg\" class=\"attachment-thumbnail size-thumbnail\" alt=\"\" decoding=\"async\" loading=\"lazy\" \/><\/a>\n\t\t\t<\/div><\/figure><figure class='gallery-item'>\n\t\t\t<div class='gallery-icon portrait'>\n\t\t\t\t<a href='https:\/\/isfd98-bue.infd.edu.ar\/sitio\/lxs-estudiantes-en-la-vida-institucional-01\/'><img width=\"500\" height=\"500\" src=\"https:\/\/isfd98-bue.infd.edu.ar\/sitio\/wp-content\/uploads\/2022\/04\/Lxs-Estudiantes-en-la-Vida-Institucional-01-500x500.jpeg\" class=\"attachment-thumbnail size-thumbnail\" alt=\"Lxs Estudiantes en la Vida Institucional\" decoding=\"async\" loading=\"lazy\" \/><\/a>\n\t\t\t<\/div><\/figure>\n\t\t<\/div>\n\n<div>\u00a0<\/div>\n<div style=\"text-align: center; background-color: #93d470; color: #000000; padding: 1em; border-radius: 1em;\">\n<h3 style=\"text-align: left;\">TUTORIALES<\/h3>\n<ul>\n<li style=\"text-align: left;\"><strong><span style=\"color: #ff0000;\"><a style=\"color: #ff0000;\" href=\"https:\/\/drive.google.com\/file\/d\/11th_J2aBTM3JVOCoj3c_Wps5KAn4VYJa\/view?usp=sharing\" target=\"_blank\" rel=\"noopener\">Ingresar al campus virtual del Instituto desde un dispositivo m\u00f3vil<img decoding=\"async\" loading=\"lazy\" style=\"vertical-align: middle;\" src=\"https:\/\/isfd98-bue.infd.edu.ar\/sitio\/wp-content\/uploads\/2018\/12\/Icono-CLICK.png\" alt=\"Click aqu\u00ed\" width=\"27\" height=\"27\" \/><\/a><\/span><\/strong><\/li>\n<li style=\"text-align: left;\"><strong><span style=\"color: #ff0000;\"><a style=\"color: #ff0000;\" href=\"https:\/\/www.youtube.com\/watch?v=BIkM8_KBM28\" target=\"_blank\" rel=\"noopener\">Ingresar al campus virtual desde un navegador<\/a><a style=\"color: #ff0000;\" href=\"https:\/\/www.youtube.com\/watch?v=BIkM8_KBM28\"><img decoding=\"async\" loading=\"lazy\" style=\"vertical-align: middle;\" src=\"https:\/\/isfd98-bue.infd.edu.ar\/sitio\/wp-content\/uploads\/2018\/12\/Icono-CLICK.png\" alt=\"Click aqu\u00ed\" width=\"27\" height=\"27\" \/><\/a><\/span><\/strong><\/li>\n<\/ul>\n<p style=\"text-align: left;\">\u00a0<\/p>\n<\/div>\n<h2><img decoding=\"async\" loading=\"lazy\" style=\"vertical-align: middle;\" src=\"https:\/\/isfd98-bue.infd.edu.ar\/sitio\/wp-content\/uploads\/2021\/08\/CIPE_Logor-1000x986.jpg\" alt=\"\" width=\"66\" height=\"65\" \/>CIPE<\/h2>\n<hr \/>\n<div style=\"text-align: center; background-color: #a5edfa; color: #000000; padding: 1em; border-radius: 1em;\">\n<h1><span style=\"color: #000000;\"><strong>CIPE institucional ISFD 98<\/strong><\/span><\/h1>\n<h3><span style=\"color: #666699;\">La profesora <span style=\"color: #000000;\"><em>Lorena Barbosa es la <\/em><\/span><\/span><span style=\"color: #666699;\">Coordinadora Institucional de Pol\u00edticas Estudiantiles del ISFD 98 <span style=\"color: #000000;\">(<\/span><\/span><span style=\"color: #666699;\"><span style=\"color: #000000;\">CIPE)<\/span><\/span><\/h3>\n<p style=\"position: relative; left: 200px; text-align: center; margin: 10px; background-color: #ffffff; color: #ff0000; border-radius: 1em; width: 50%;\"><a href=\"https:\/\/isfd98-bue.infd.edu.ar\/sitio\/cipe\/\"><strong><span style=\"color: #ff0000;\">click aqu\u00ed para m\u00e1s informaci\u00f3n <\/span><\/strong> <img decoding=\"async\" loading=\"lazy\" style=\"vertical-align: middle;\" src=\"https:\/\/isfd98-bue.infd.edu.ar\/sitio\/wp-content\/uploads\/2018\/12\/Icono-CLICK.png\" alt=\"Click aqu\u00ed\" width=\"40\" height=\"40\" \/><\/a><\/p>\n<\/div>\n<h2><img decoding=\"async\" loading=\"lazy\" style=\"vertical-align: middle;\" src=\"https:\/\/isfd98-bue.infd.edu.ar\/sitio\/wp-content\/uploads\/2021\/08\/Cooperador_Logo-1000x988.jpg\" alt=\"\" width=\"66\" height=\"65\" \/>COOPERADORA<\/h2>\n<hr \/>\n<h2 style=\"text-align: left;\">Comisi\u00f3n Directiva<\/h2>\n<p style=\"text-align: left;\"><em><strong>Presidenta<\/strong><\/em>: Garc\u00eda Michael Mariela<br \/><em><strong>Vicepresidenta<\/strong><\/em>: Lorena Serio<br \/><em><strong>Tesorera<\/strong><\/em>: Maria Elena Ortfz Malina<br \/><em><strong>Secretaria<\/strong><\/em>: Dalceggio Marcela<br \/><em><strong>Prosecretaria<\/strong><\/em>: Soledad Barberan<br \/><em><strong>Vocales Titulares:<\/strong><\/em><\/p>\n<ul style=\"text-align: left;\">\n<li>Lorena Ganuza\u00a0<\/li>\n<li>Celeste Oriolo\u00a0<\/li>\n<li>Mateo Br\u00edsson<\/li>\n<\/ul>\n<p style=\"text-align: left;\"><em><strong>Vocales Suplentes:<\/strong><\/em><\/p>\n<ul>\n<li style=\"text-align: left;\">Estefania Miotto<\/li>\n<li style=\"text-align: left;\">Camila Villarruel<\/li>\n<li style=\"text-align: left;\">Marcela Sagurosky\u00a0<\/li>\n<\/ul>\n<hr \/>\n<p>&nbsp;<\/p>\n<h2>DATOS DE LA INSTITUCION<\/h2>\n<table>\n<tbody>\n<tr>\n<td>\n<ul>\n<li><em>Avda. Ra\u00fal Alfons\u00edn 552, (7130) Chascom\u00fas<\/em><\/li>\n<li><strong>TEL<\/strong>:<em> 02241 &#8211; 423266<\/em><\/li>\n<li><strong>EMAIL<\/strong>: <span style=\"color: #ff0000;\"><a style=\"color: #ff0000;\" href=\"mailto:isfd98chascomus@abc.gob.ar\"><em><strong>isfd98chascomus@abc.gob.ar<\/strong><\/em><\/a><\/span><\/li>\n<li><strong>INSTAGRAM<\/strong>: <em>@institutosuperior98<\/em><\/li>\n<\/ul>\n<p>Otros correos electr\u00f3nicos importantes:<\/p>\n<ul>\n<li><strong>CIPE<\/strong>:<br \/><a href=\"mailto:cipeisfd98@gmail.com\"><strong><span style=\"color: #ff0000;\">cipeisfd98@gmail.com<\/span><\/strong><\/a><\/li>\n<li><strong>CENTRO DE ESTUDIANTES<\/strong>: <a href=\"mailto:ceprofe98@gmail.com\"><strong><span style=\"color: #ff0000;\">ceprofe98@gmail.com<\/span><\/strong><\/a><\/li>\n<li><strong>COOPERADORA<\/strong>: <span style=\"color: #ff0000;\"><a style=\"color: #ff0000;\" href=\"mailto:coop00normal@gmail.com\"><strong>coop00normal@gmail.com<\/strong><\/a><\/span><\/li>\n<li><strong>BIBLIOTECA<\/strong>: <a href=\"mailto:bibliotecaisfd98@gmail.com\"><strong><span style=\"color: #ff0000;\">bibliotecaisfd98@gmail.com<\/span><\/strong><\/a><\/li>\n<\/ul>\n<p>&nbsp;<\/p>\n<\/td>\n<td><iframe loading=\"lazy\" style=\"border: 0;\" src=\"https:\/\/www.google.com\/maps\/embed?pb=!1m18!1m12!1m3!1d3668.8235693434667!2d-58.006649055419416!3d-35.577523124769826!2m3!1f0!2f0!3f0!3m2!1i1024!2i768!4f13.1!3m3!1m2!1s0x95986d556effffe7%3A0xcbc07ca8096e3fe2!2zMzXCsDM0JzM4LjIiUyA1OMKwMDAnMTguOSJX!5e0!3m2!1ses-419!2sar!4v1576541957960!5m2!1ses-419!2sar\" width=\"600\" height=\"450\" frameborder=\"0\" allowfullscreen=\"allowfullscreen\"><\/iframe><\/td>\n<\/tr>\n<\/tbody>\n<\/table>\n","protected":false},"excerpt":{"rendered":"<p>ESTUDIANTES Lxs Estudiantes en la Vida Institucional \u00a0 TUTORIALES Ingresar al campus virtual del Instituto desde un dispositivo m\u00f3vil Ingresar al campus virtual desde un navegador \u00a0 CIPE CIPE institucional ISFD 98 La profesora Lorena Barbosa es la Coordinadora Institucional de Pol\u00edticas Estudiantiles del ISFD 98 (CIPE) click aqu\u00ed para m\u00e1s informaci\u00f3n COOPERADORA Comisi\u00f3n Directiva &#8230; <a title=\"Inicio\" class=\"read-more\" href=\"https:\/\/isfd98-bue.infd.edu.ar\/sitio\/\" aria-label=\"More on Inicio\">[+]<\/a><\/p>\n","protected":false},"author":4,"featured_media":0,"parent":0,"menu_order":0,"comment_status":"closed","ping_status":"closed","template":"","meta":[],"acf":[],"_links":{"self":[{"href":"https:\/\/isfd98-bue.infd.edu.ar\/sitio\/wp-json\/wp\/v2\/pages\/286"}],"collection":[{"href":"https:\/\/isfd98-bue.infd.edu.ar\/sitio\/wp-json\/wp\/v2\/pages"}],"about":[{"href":"https:\/\/isfd98-bue.infd.edu.ar\/sitio\/wp-json\/wp\/v2\/types\/page"}],"author":[{"embeddable":true,"href":"https:\/\/isfd98-bue.infd.edu.ar\/sitio\/wp-json\/wp\/v2\/users\/4"}],"replies":[{"embeddable":true,"href":"https:\/\/isfd98-bue.infd.edu.ar\/sitio\/wp-json\/wp\/v2\/comments?post=286"}],"version-history":[{"count":731,"href":"https:\/\/isfd98-bue.infd.edu.ar\/sitio\/wp-json\/wp\/v2\/pages\/286\/revisions"}],"predecessor-version":[{"id":3701,"href":"https:\/\/isfd98-bue.infd.edu.ar\/sitio\/wp-json\/wp\/v2\/pages\/286\/revisions\/3701"}],"wp:attachment":[{"href":"https:\/\/isfd98-bue.infd.edu.ar\/sitio\/wp-json\/wp\/v2\/media?parent=286"}],"curies":[{"name":"wp","href":"https:\/\/api.w.org\/{rel}","templated":true}]}}