{"id":2648,"date":"2021-10-20T13:08:14","date_gmt":"2021-10-20T16:08:14","guid":{"rendered":"https:\/\/isfd98-bue.infd.edu.ar\/sitio\/?page_id=2648"},"modified":"2025-10-06T21:25:31","modified_gmt":"2025-10-07T00:25:31","slug":"carreras-2023","status":"publish","type":"page","link":"https:\/\/isfd98-bue.infd.edu.ar\/sitio\/carreras-2023\/","title":{"rendered":"CARRERAS 2026"},"content":{"rendered":"\n<p><\/p>\n\n\n\n<hr>\n\n\n\n<div class=\"wp-block-media-text alignwide is-stacked-on-mobile\" style=\"grid-template-columns:82% auto\"><figure class=\"wp-block-media-text__media\"><img decoding=\"async\" loading=\"lazy\" width=\"1900\" height=\"1343\" src=\"https:\/\/isfd98-bue.infd.edu.ar\/sitio\/wp-content\/uploads\/2023\/12\/Primaria_01-REV-1900x1343.jpg\" alt=\"\" class=\"wp-image-3624 size-full\" srcset=\"https:\/\/isfd98-bue.infd.edu.ar\/sitio\/wp-content\/uploads\/2023\/12\/Primaria_01-REV-1900x1343.jpg 1900w, https:\/\/isfd98-bue.infd.edu.ar\/sitio\/wp-content\/uploads\/2023\/12\/Primaria_01-REV-1000x707.jpg 1000w, https:\/\/isfd98-bue.infd.edu.ar\/sitio\/wp-content\/uploads\/2023\/12\/Primaria_01-REV-768x543.jpg 768w, https:\/\/isfd98-bue.infd.edu.ar\/sitio\/wp-content\/uploads\/2023\/12\/Primaria_01-REV-1536x1086.jpg 1536w, https:\/\/isfd98-bue.infd.edu.ar\/sitio\/wp-content\/uploads\/2023\/12\/Primaria_01-REV-2048x1448.jpg 2048w\" sizes=\"(max-width: 1900px) 100vw, 1900px\" \/><\/figure><div class=\"wp-block-media-text__content\">\n<p class=\"has-medium-font-size\"><strong><a href=\"https:\/\/isfd98-bue.infd.edu.ar\/sitio\/profesorado-de-educacion-primaria\/\" data-type=\"URL\" data-id=\"https:\/\/isfd98-bue.infd.edu.ar\/sitio\/profesorado-de-educacion-primaria\/\">M\u00c1S INFO<\/a><\/strong><br>PROF. DE PRIMARIA<\/p>\n\n\n\n<p class=\"has-small-font-size\">Ficha de inscripci\u00f3n<br>Dise\u00f1o curricular<br>Correlatividades<\/p>\n\n\n\n<p><\/p>\n\n\n\n<p><strong><a rel=\"noreferrer noopener\" href=\"https:\/\/isfd98-bue.infd.edu.ar\/sitio\/wp-content\/uploads\/2021\/04\/A2-Ficha_medica.pdf\" target=\"_blank\"><\/a><\/strong><\/p>\n<\/div><\/div>\n\n\n\n<hr>\n\n\n\n<div class=\"wp-block-media-text alignwide is-stacked-on-mobile\" style=\"grid-template-columns:82% auto\"><figure class=\"wp-block-media-text__media\"><img decoding=\"async\" loading=\"lazy\" width=\"1900\" height=\"1343\" src=\"https:\/\/isfd98-bue.infd.edu.ar\/sitio\/wp-content\/uploads\/2022\/10\/Biologia_01-REV-1900x1343.jpg\" alt=\"\" class=\"wp-image-3046 size-full\" srcset=\"https:\/\/isfd98-bue.infd.edu.ar\/sitio\/wp-content\/uploads\/2022\/10\/Biologia_01-REV-1900x1343.jpg 1900w, https:\/\/isfd98-bue.infd.edu.ar\/sitio\/wp-content\/uploads\/2022\/10\/Biologia_01-REV-1000x707.jpg 1000w, https:\/\/isfd98-bue.infd.edu.ar\/sitio\/wp-content\/uploads\/2022\/10\/Biologia_01-REV-768x543.jpg 768w, https:\/\/isfd98-bue.infd.edu.ar\/sitio\/wp-content\/uploads\/2022\/10\/Biologia_01-REV-1536x1086.jpg 1536w, https:\/\/isfd98-bue.infd.edu.ar\/sitio\/wp-content\/uploads\/2022\/10\/Biologia_01-REV-2048x1448.jpg 2048w\" sizes=\"(max-width: 1900px) 100vw, 1900px\" \/><\/figure><div class=\"wp-block-media-text__content\">\n<p><\/p>\n\n\n\n<p class=\"has-medium-font-size\"><strong><a href=\"https:\/\/isfd98-bue.infd.edu.ar\/sitio\/profesorado-de-biologia\/\" data-type=\"URL\" data-id=\"https:\/\/isfd98-bue.infd.edu.ar\/sitio\/profesorado-de-biologia\/\">M\u00c1S INFO<\/a><\/strong><br>PROF. DE BIOLOG\u00cdA<\/p>\n\n\n\n<p class=\"has-small-font-size\">Ficha de inscripci\u00f3n<br>Dise\u00f1o curricular<br>Correlatividades<\/p>\n\n\n\n<p><strong><a rel=\"noreferrer noopener\" href=\"https:\/\/isfd98-bue.infd.edu.ar\/sitio\/wp-content\/uploads\/2021\/04\/A2-Ficha_medica.pdf\" target=\"_blank\"><\/a><\/strong><\/p>\n<\/div><\/div>\n\n\n\n<hr>\n\n\n\n<div class=\"wp-block-media-text alignwide is-stacked-on-mobile\" style=\"grid-template-columns:82% auto\"><figure class=\"wp-block-media-text__media\"><img decoding=\"async\" loading=\"lazy\" width=\"1900\" height=\"1343\" src=\"https:\/\/isfd98-bue.infd.edu.ar\/sitio\/wp-content\/uploads\/2022\/10\/EducacionFisica_01-REV-1900x1343.jpg\" alt=\"\" class=\"wp-image-3047 size-full\" srcset=\"https:\/\/isfd98-bue.infd.edu.ar\/sitio\/wp-content\/uploads\/2022\/10\/EducacionFisica_01-REV-1900x1343.jpg 1900w, https:\/\/isfd98-bue.infd.edu.ar\/sitio\/wp-content\/uploads\/2022\/10\/EducacionFisica_01-REV-1000x707.jpg 1000w, https:\/\/isfd98-bue.infd.edu.ar\/sitio\/wp-content\/uploads\/2022\/10\/EducacionFisica_01-REV-768x543.jpg 768w, https:\/\/isfd98-bue.infd.edu.ar\/sitio\/wp-content\/uploads\/2022\/10\/EducacionFisica_01-REV-1536x1086.jpg 1536w, https:\/\/isfd98-bue.infd.edu.ar\/sitio\/wp-content\/uploads\/2022\/10\/EducacionFisica_01-REV-2048x1448.jpg 2048w\" sizes=\"(max-width: 1900px) 100vw, 1900px\" \/><\/figure><div class=\"wp-block-media-text__content\">\n<p><\/p>\n\n\n\n<p class=\"has-medium-font-size\"><strong><a href=\"https:\/\/isfd98-bue.infd.edu.ar\/sitio\/profesorado-de-educacion-fisica\/\" data-type=\"URL\" data-id=\"https:\/\/isfd98-bue.infd.edu.ar\/sitio\/profesorado-de-educacion-fisica\/\">M\u00c1S INFO<\/a><\/strong><br>PROF. DE EDUCACI\u00d3N F\u00cdSICA<\/p>\n\n\n\n<p class=\"has-small-font-size\">Ficha de inscripci\u00f3n<br>Dise\u00f1o curricular<br>Correlatividades<\/p>\n\n\n\n<p><strong>Ficha M\u00e9dica (Solo para ingresantes a Educaci\u00f3n F\u00edsica)<\/strong><br><a rel=\"noreferrer noopener\" href=\"https:\/\/isfd98-bue.infd.edu.ar\/sitiohttps:\/\/isfd98-bue.infd.edu.ar\/sitio\/wp-content\/uploads\/2021\/04\/A2-Ficha_medica.pdf\" target=\"_blank\"><\/a><a href=\"https:\/\/isfd98-bue.infd.edu.ar\/sitio\/wp-content\/uploads\/2025\/01\/A2-Ficha_medica_98.pdf\" data-type=\"URL\" data-id=\"https:\/\/isfd98-bue.infd.edu.ar\/sitio\/wp-content\/uploads\/2025\/01\/A2-Ficha_medica_98.pdf\" target=\"_blank\" rel=\"noreferrer noopener\"><strong><mark style=\"background-color:rgba(0, 0, 0, 0)\" class=\"has-inline-color has-vivid-red-color\">DESCARGA AQUI<\/mark><\/strong><\/a><strong><a rel=\"noreferrer noopener\" href=\"https:\/\/isfd98-bue.infd.edu.ar\/sitio\/wp-content\/uploads\/2021\/04\/A2-Ficha_medica.pdf\" target=\"_blank\"><\/a><\/strong><\/p>\n<\/div><\/div>\n\n\n\n<hr>\n\n\n\n<div class=\"wp-block-media-text alignwide is-stacked-on-mobile\" style=\"grid-template-columns:82% auto\"><figure class=\"wp-block-media-text__media\"><img decoding=\"async\" loading=\"lazy\" width=\"1900\" height=\"1343\" src=\"https:\/\/isfd98-bue.infd.edu.ar\/sitio\/wp-content\/uploads\/2022\/10\/Especial_01-REV-1900x1343.jpg\" alt=\"\" class=\"wp-image-3048 size-full\" srcset=\"https:\/\/isfd98-bue.infd.edu.ar\/sitio\/wp-content\/uploads\/2022\/10\/Especial_01-REV-1900x1343.jpg 1900w, https:\/\/isfd98-bue.infd.edu.ar\/sitio\/wp-content\/uploads\/2022\/10\/Especial_01-REV-1000x707.jpg 1000w, https:\/\/isfd98-bue.infd.edu.ar\/sitio\/wp-content\/uploads\/2022\/10\/Especial_01-REV-768x543.jpg 768w, https:\/\/isfd98-bue.infd.edu.ar\/sitio\/wp-content\/uploads\/2022\/10\/Especial_01-REV-1536x1086.jpg 1536w, https:\/\/isfd98-bue.infd.edu.ar\/sitio\/wp-content\/uploads\/2022\/10\/Especial_01-REV-2048x1448.jpg 2048w\" sizes=\"(max-width: 1900px) 100vw, 1900px\" \/><\/figure><div class=\"wp-block-media-text__content\">\n<p><\/p>\n\n\n\n<p class=\"has-medium-font-size\"><strong><a href=\"https:\/\/isfd98-bue.infd.edu.ar\/sitio\/profesorado-de-educacion-especial-discapacidad-intelectual\/\" data-type=\"URL\" data-id=\"https:\/\/isfd98-bue.infd.edu.ar\/sitio\/profesorado-de-educacion-especial-discapacidad-intelectual\/\">M\u00c1S INFO<\/a><\/strong><br>PROF. DE EDUCACI\u00d3N ESPECIAL<\/p>\n\n\n\n<p class=\"has-small-font-size\">Ficha de inscripci\u00f3n<br>Dise\u00f1o curricular<br>Correlatividades<\/p>\n\n\n\n<p><strong><a rel=\"noreferrer noopener\" href=\"https:\/\/isfd98-bue.infd.edu.ar\/sitio\/wp-content\/uploads\/2021\/04\/A2-Ficha_medica.pdf\" target=\"_blank\"><\/a><\/strong><\/p>\n<\/div><\/div>\n\n\n\n<hr>\n\n\n\n<div class=\"wp-block-media-text alignwide is-stacked-on-mobile\" style=\"grid-template-columns:82% auto\"><figure class=\"wp-block-media-text__media\"><img decoding=\"async\" loading=\"lazy\" width=\"1900\" height=\"1343\" src=\"https:\/\/isfd98-bue.infd.edu.ar\/sitio\/wp-content\/uploads\/2023\/03\/Historia_01-REV-1900x1343.jpg\" alt=\"\" class=\"wp-image-3174 size-full\" srcset=\"https:\/\/isfd98-bue.infd.edu.ar\/sitio\/wp-content\/uploads\/2023\/03\/Historia_01-REV-1900x1343.jpg 1900w, https:\/\/isfd98-bue.infd.edu.ar\/sitio\/wp-content\/uploads\/2023\/03\/Historia_01-REV-1000x707.jpg 1000w, https:\/\/isfd98-bue.infd.edu.ar\/sitio\/wp-content\/uploads\/2023\/03\/Historia_01-REV-768x543.jpg 768w, https:\/\/isfd98-bue.infd.edu.ar\/sitio\/wp-content\/uploads\/2023\/03\/Historia_01-REV-1536x1086.jpg 1536w, https:\/\/isfd98-bue.infd.edu.ar\/sitio\/wp-content\/uploads\/2023\/03\/Historia_01-REV-2048x1448.jpg 2048w\" sizes=\"(max-width: 1900px) 100vw, 1900px\" \/><\/figure><div class=\"wp-block-media-text__content\">\n<p><\/p>\n\n\n\n<p class=\"has-medium-font-size\"><strong><a href=\"https:\/\/isfd98-bue.infd.edu.ar\/sitio\/profesorado-de-historia\/\" data-type=\"URL\" data-id=\"https:\/\/isfd98-bue.infd.edu.ar\/sitio\/profesorado-de-historia\/\">M\u00c1S INFO<\/a><\/strong><br>PROF. DE HISTORIA<\/p>\n\n\n\n<p class=\"has-small-font-size\">Ficha de inscripci\u00f3n<br>Dise\u00f1o curricular<br>Correlatividades<\/p>\n\n\n\n<p><strong><a rel=\"noreferrer noopener\" href=\"https:\/\/isfd98-bue.infd.edu.ar\/sitio\/wp-content\/uploads\/2021\/04\/A2-Ficha_medica.pdf\" target=\"_blank\"><\/a><\/strong><\/p>\n<\/div><\/div>\n\n\n\n<hr class=\"wp-block-separator has-css-opacity\"\/>\n\n\n\n<div class=\"wp-block-group has-background is-layout-flow\" style=\"background-color:#f5f0ff\"><div class=\"wp-block-group__inner-container\">\n<h3 class=\"wp-block-heading has-text-align-center\">OFERTA DE CARRERAS 2025 ISFD N\u00ba98 \u2013 CHASCOM\u00daS<\/h3>\n\n\n\n<p class=\"has-text-align-center has-medium-font-size\"><strong><a href=\"https:\/\/isfd98-bue.infd.edu.ar\/sitio\/wp-content\/uploads\/2021\/10\/Presentacion-PROF.-EDUCACION-PRIMARIA.pdf\" data-type=\"URL\" data-id=\"https:\/\/isfd98-bue.infd.edu.ar\/sitio\/wp-content\/uploads\/2021\/10\/Presentacion-PROF.-EDUCACION-PRIMARIA.pdf\" target=\"_blank\" rel=\"noreferrer noopener\">Profesorado de Educaci\u00f3n Primaria<\/a><br><\/strong>DGCyE Res. 4154\/07<\/p>\n\n\n\n<p class=\"has-text-align-center has-medium-font-size\"><strong><a rel=\"noreferrer noopener\" href=\"https:\/\/isfd98-bue.infd.edu.ar\/sitio\/wp-content\/uploads\/2021\/10\/Presentacion-PROF.-EDUCACION-FISICA.pdf\" data-type=\"URL\" data-id=\"https:\/\/isfd98-bue.infd.edu.ar\/sitio\/wp-content\/uploads\/2021\/10\/Presentacion-PROF.-EDUCACION-FISICA.pdf\" target=\"_blank\">Profesorado de Educaci\u00f3n F\u00edsica<\/a><br><\/strong>DGCyE Res. 2432\/09<\/p>\n\n\n\n<p class=\"has-text-align-center has-medium-font-size\"><strong><a href=\"https:\/\/isfd98-bue.infd.edu.ar\/sitio\/wp-content\/uploads\/2023\/03\/Diseno-Curricular-2022-Profesorado-de-Biologia.pdf\" data-type=\"URL\" data-id=\"https:\/\/isfd98-bue.infd.edu.ar\/sitio\/wp-content\/uploads\/2021\/10\/Presentacion-PROF.-BIOLOGIA.pdf\" target=\"_blank\" rel=\"noreferrer noopener\">Profesorado de Biolog\u00eda<\/a><\/strong><br>DGCyE Res. <mark style=\"background-color:rgba(0, 0, 0, 0)\" class=\"has-inline-color has-contrast-color\">3605\/22<\/mark><\/p>\n\n\n\n<p class=\"has-text-align-center has-medium-font-size\"><strong><a href=\"https:\/\/isfd98-bue.infd.edu.ar\/sitio\/wp-content\/uploads\/2023\/03\/Diseno-Curricular-2022-Profesorado-de-Historia.pdf\" data-type=\"URL\" data-id=\"https:\/\/isfd98-bue.infd.edu.ar\/sitio\/wp-content\/uploads\/2021\/10\/Presentacion-PROF.-BIOLOGIA.pdf\" target=\"_blank\" rel=\"noreferrer noopener\">Profesorado de Historia<\/a><\/strong><br>DGCyE Res. <mark style=\"background-color:rgba(0, 0, 0, 0)\" class=\"has-inline-color has-contrast-color\">3609\/22<\/mark><\/p>\n\n\n\n<p class=\"has-text-align-center has-medium-font-size\"><strong><a href=\"https:\/\/isfd98-bue.infd.edu.ar\/sitio\/wp-content\/uploads\/2023\/03\/Presentacion-PROF.-EDUCACION-ESPECIAL.pdf\" data-type=\"URL\" data-id=\"https:\/\/isfd98-bue.infd.edu.ar\/sitio\/wp-content\/uploads\/2021\/10\/Presentacion-PROF.-EDUCACION-ESPECIAL.pdf\" target=\"_blank\" rel=\"noreferrer noopener\">Profesorado de Educaci\u00f3n Especial \u2013 Discapacidad Intelectual<\/a><\/strong><br>DGCyE Res. 1009\/09<\/p>\n<\/div><\/div>\n\n\n\n<hr class=\"wp-block-separator has-css-opacity\"\/>\n","protected":false},"excerpt":{"rendered":"<p>M\u00c1S INFOPROF. DE PRIMARIA Ficha de inscripci\u00f3nDise\u00f1o curricularCorrelatividades M\u00c1S INFOPROF. DE BIOLOG\u00cdA Ficha de inscripci\u00f3nDise\u00f1o curricularCorrelatividades M\u00c1S INFOPROF. DE EDUCACI\u00d3N F\u00cdSICA Ficha de inscripci\u00f3nDise\u00f1o curricularCorrelatividades Ficha M\u00e9dica (Solo para ingresantes a Educaci\u00f3n F\u00edsica)DESCARGA AQUI M\u00c1S INFOPROF. DE EDUCACI\u00d3N ESPECIAL Ficha de inscripci\u00f3nDise\u00f1o curricularCorrelatividades M\u00c1S INFOPROF. DE HISTORIA Ficha de inscripci\u00f3nDise\u00f1o curricularCorrelatividades OFERTA DE CARRERAS 2025 &#8230; <a title=\"CARRERAS 2026\" class=\"read-more\" href=\"https:\/\/isfd98-bue.infd.edu.ar\/sitio\/carreras-2023\/\" aria-label=\"More on CARRERAS 2026\">[+]<\/a><\/p>\n","protected":false},"author":181,"featured_media":0,"parent":0,"menu_order":0,"comment_status":"closed","ping_status":"closed","template":"","meta":[],"acf":[],"_links":{"self":[{"href":"https:\/\/isfd98-bue.infd.edu.ar\/sitio\/wp-json\/wp\/v2\/pages\/2648"}],"collection":[{"href":"https:\/\/isfd98-bue.infd.edu.ar\/sitio\/wp-json\/wp\/v2\/pages"}],"about":[{"href":"https:\/\/isfd98-bue.infd.edu.ar\/sitio\/wp-json\/wp\/v2\/types\/page"}],"author":[{"embeddable":true,"href":"https:\/\/isfd98-bue.infd.edu.ar\/sitio\/wp-json\/wp\/v2\/users\/181"}],"replies":[{"embeddable":true,"href":"https:\/\/isfd98-bue.infd.edu.ar\/sitio\/wp-json\/wp\/v2\/comments?post=2648"}],"version-history":[{"count":66,"href":"https:\/\/isfd98-bue.infd.edu.ar\/sitio\/wp-json\/wp\/v2\/pages\/2648\/revisions"}],"predecessor-version":[{"id":3818,"href":"https:\/\/isfd98-bue.infd.edu.ar\/sitio\/wp-json\/wp\/v2\/pages\/2648\/revisions\/3818"}],"wp:attachment":[{"href":"https:\/\/isfd98-bue.infd.edu.ar\/sitio\/wp-json\/wp\/v2\/media?parent=2648"}],"curies":[{"name":"wp","href":"https:\/\/api.w.org\/{rel}","templated":true}]}}