{"id":2507,"date":"2021-08-30T14:48:09","date_gmt":"2021-08-30T17:48:09","guid":{"rendered":"https:\/\/isfd98-bue.infd.edu.ar\/sitio\/?page_id=2507"},"modified":"2021-09-06T13:02:37","modified_gmt":"2021-09-06T16:02:37","slug":"fotos-viajeras","status":"publish","type":"page","link":"https:\/\/isfd98-bue.infd.edu.ar\/sitio\/fotos-viajeras\/","title":{"rendered":"Fotos Viajeras"},"content":{"rendered":"\n<figure class=\"wp-block-video aligncenter\"><video controls src=\"https:\/\/cdn.continuemosestudiando.abc.gob.ar\/uploads\/4b5f1339-2053-4baa-a2b1-09cb47208f7b.mp4\"><\/video><\/figure>\n\n\n\n<p class=\"has-background\" style=\"background-color:#baffe3\">El proyecto Fotos Viajeras se propone rescatar en im\u00e1genes las m\u00faltiples formas de ser estudiantes del nivel superior en los ISFD. Nos permite construir as\u00ed un registro hist\u00f3rico de las m\u00faltiples formas de estudio en tiempos de pandemia. Nos da la posibilidad de reflexionar sobre la formaci\u00f3n y los modos en los que el instituto \u201centra en los hogares\u201d y convive con la cotidianeidad de la vida en pandemia y construir saber pedag\u00f3gico sobre este momento extraordinario. Al viajar, las im\u00e1genes trascienden los muros de las casas, el entorno de la clase y el \u00e1mbito del instituto.<\/p>\n\n\n\n<h3 class=\"wp-block-heading\"><a href=\"https:\/\/isfd98-bue.infd.edu.ar\/sitio\/fotos-viajeras-en-el-98\/\" data-type=\"URL\" data-id=\"https:\/\/isfd98-bue.infd.edu.ar\/sitio\/fotos-viajeras-en-el-98\/\" target=\"_blank\" rel=\"noreferrer noopener\"><strong><span class=\"has-inline-color has-vivid-red-color\">Fotos Viajeras en el 98<\/span><\/strong> <img decoding=\"async\" loading=\"lazy\" width=\"225\" height=\"225\" class=\"wp-image-1330\" style=\"width: 50px;\" src=\"https:\/\/isfd98-bue.infd.edu.ar\/sitio\/wp-content\/uploads\/2018\/12\/Icono-CLICK.png\" alt=\"Click aqu\u00ed\"><\/a><\/h3>\n\n\n\n<p class=\"has-background\" style=\"background-color:#baffe3\">En el ISFD N\u00ba98, participan todxs los ingresantes del 2021. Para el 21 de septiembre \u201c<strong><em>D\u00eda del Estudiante<\/em><\/strong>\u201d, tendremos todas las fotos listas para viajar.<br>La consigna de trabajo es la siguiente: <strong><a rel=\"noreferrer noopener\" href=\"https:\/\/isfd98-bue.infd.edu.ar\/sitio\/wp-content\/uploads\/2021\/08\/Consigna.pdf\" data-type=\"URL\" data-id=\"https:\/\/isfd98-bue.infd.edu.ar\/sitio\/wp-content\/uploads\/2021\/08\/Consigna.pdf\" target=\"_blank\"><span class=\"has-inline-color has-vivid-red-color\">PROYECTO FOTOS VIAJERAS EN EL ISFD 98<\/span><\/a><\/strong> <img decoding=\"async\" loading=\"lazy\" width=\"128\" height=\"128\" class=\"wp-image-834\" style=\"width: 40px;\" src=\"https:\/\/isfd98-bue.infd.edu.ar\/sitio\/wp-content\/uploads\/2018\/06\/pdf_icon_1.jpg\" alt=\"\"><\/p>\n\n\n\n<img decoding=\"async\" src=\"https:\/\/isfd98-bue.infd.edu.ar\/sitio\/wp-content\/uploads\/2021\/08\/Consigna-_-FV02-1.jpg\" alt=\"\" style=\"width: 671px; height: 950px\" usemap=\"#workmap\"><map name=\"workmap\"> \n<area alt=\"Computer\" coords=\"52,415,240,611\" shape=\"rect\" href=\"https:\/\/isfd98-bue.infd.edu.ar\/sitio\/asistencia-tecnica-fotos-viajeras\/\" target=\"_blank\">\n \n<area alt=\"Phone\" coords=\"474,784,623,853\" shape=\"rect\" href=\"https:\/\/des-bue.infd.edu.ar\/sitio\/prueba-fotos-viajeras\/\" target=\"_blank\">\n <\/map>\n\n\n\n<h3 class=\"wp-block-heading\"><a href=\"https:\/\/isfd98-bue.infd.edu.ar\/sitio\/equipo-y-contactos-fotos-viajeras\/\" data-type=\"URL\" data-id=\"https:\/\/isfd98-bue.infd.edu.ar\/sitio\/equipo-y-contactos-fotos-viajeras\/\" target=\"_blank\" rel=\"noreferrer noopener\"><strong><span class=\"has-inline-color has-vivid-red-color\">El Equipo y Contactos<\/span><\/strong> <img decoding=\"async\" loading=\"lazy\" width=\"225\" height=\"225\" class=\"wp-image-1330\" style=\"width: 50px;\" src=\"https:\/\/isfd98-bue.infd.edu.ar\/sitio\/wp-content\/uploads\/2018\/12\/Icono-CLICK.png\" alt=\"Click aqu\u00ed\"><\/a><\/h3>\n\n\n\n<p class=\"has-black-color has-text-color has-background\" style=\"background-color:#baffe3\">En el ISFD N\u00ba98 coordinan el proyecto las profesoras Lorena Barbosa (CIPE) y Victoria Vega, los profesores Emiliano Bidondo, Fabi\u00e1n Bogar\u00edn y V\u00edctor Figueroa, la Bibliotecaria Teresita Arbeleche y la estudiante Emilia Moretti (Centro de Estudiantes). Tambi\u00e9n acompa\u00f1an lxs docentes orientadores de los primeros a\u00f1os. Ante cualquier dificultad inquietud se pueden contactar con cualquier miembro del equipo, especialmente con:<br><strong>Teresita Arbeleche<\/strong> Cel: (2241)531302, Mail: <a href=\"mailto:bibliotecaisfd98@gmail.com\"><span class=\"has-inline-color has-vivid-red-color\"><em>bibliotecaisfd98@gmail.com<\/em><\/span><\/a>, <a href=\"mailto:tarbeleche@abc.gob.ar\"><em><span class=\"has-inline-color has-vivid-red-color\">tarbeleche@abc.gob.ar<\/span><\/em><\/a><br><strong>Emilia Moretti<\/strong>\u00a0 Cel: (11)32909650, Mail: <a href=\"mailto:tottamoretti@gmail.com\"><em><span class=\"has-inline-color has-vivid-red-color\">tottamoretti@gmail.com<\/span><\/em><\/a><\/p>\n\n\n\n<h3 class=\"wp-block-heading\"> &nbsp;<a href=\"https:\/\/isfd98-bue.infd.edu.ar\/sitio\/asistencia-tecnica-fotos-viajeras\/\" data-type=\"URL\" data-id=\"https:\/\/isfd98-bue.infd.edu.ar\/sitio\/asistencia-tecnica-fotos-viajeras\/\" target=\"_blank\" rel=\"noreferrer noopener\"><strong><span class=\"has-inline-color has-vivid-red-color\">Asistencia T\u00e9cnica<\/span><\/strong> <img decoding=\"async\" loading=\"lazy\" width=\"225\" height=\"225\" class=\"wp-image-1330\" style=\"width: 50px;\" src=\"https:\/\/isfd98-bue.infd.edu.ar\/sitio\/wp-content\/uploads\/2018\/12\/Icono-CLICK.png\" alt=\"Click aqu\u00ed\"><\/a><\/h3>\n\n\n\n<p class=\"has-background\" style=\"background-color:#baffe3\">En esta p\u00e1gina econtrar\u00e1n consejos y la informaci\u00f3n necesaria para participar y publicar sus intervenciones.<\/p>\n\n\n\n<p><\/p>\n","protected":false},"excerpt":{"rendered":"<p>El proyecto Fotos Viajeras se propone rescatar en im\u00e1genes las m\u00faltiples formas de ser estudiantes del nivel superior en los ISFD. Nos permite construir as\u00ed un registro hist\u00f3rico de las m\u00faltiples formas de estudio en tiempos de pandemia. Nos da la posibilidad de reflexionar sobre la formaci\u00f3n y los modos en los que el instituto &#8230; <a title=\"Fotos Viajeras\" class=\"read-more\" href=\"https:\/\/isfd98-bue.infd.edu.ar\/sitio\/fotos-viajeras\/\" aria-label=\"More on Fotos Viajeras\">[+]<\/a><\/p>\n","protected":false},"author":181,"featured_media":0,"parent":0,"menu_order":0,"comment_status":"closed","ping_status":"closed","template":"","meta":[],"acf":[],"_links":{"self":[{"href":"https:\/\/isfd98-bue.infd.edu.ar\/sitio\/wp-json\/wp\/v2\/pages\/2507"}],"collection":[{"href":"https:\/\/isfd98-bue.infd.edu.ar\/sitio\/wp-json\/wp\/v2\/pages"}],"about":[{"href":"https:\/\/isfd98-bue.infd.edu.ar\/sitio\/wp-json\/wp\/v2\/types\/page"}],"author":[{"embeddable":true,"href":"https:\/\/isfd98-bue.infd.edu.ar\/sitio\/wp-json\/wp\/v2\/users\/181"}],"replies":[{"embeddable":true,"href":"https:\/\/isfd98-bue.infd.edu.ar\/sitio\/wp-json\/wp\/v2\/comments?post=2507"}],"version-history":[{"count":22,"href":"https:\/\/isfd98-bue.infd.edu.ar\/sitio\/wp-json\/wp\/v2\/pages\/2507\/revisions"}],"predecessor-version":[{"id":2610,"href":"https:\/\/isfd98-bue.infd.edu.ar\/sitio\/wp-json\/wp\/v2\/pages\/2507\/revisions\/2610"}],"wp:attachment":[{"href":"https:\/\/isfd98-bue.infd.edu.ar\/sitio\/wp-json\/wp\/v2\/media?parent=2507"}],"curies":[{"name":"wp","href":"https:\/\/api.w.org\/{rel}","templated":true}]}}