{"id":2319,"date":"2021-07-02T20:09:17","date_gmt":"2021-07-02T23:09:17","guid":{"rendered":"https:\/\/isfd98-bue.infd.edu.ar\/sitio\/?page_id=2319"},"modified":"2023-03-25T17:15:32","modified_gmt":"2023-03-25T20:15:32","slug":"cipe","status":"publish","type":"page","link":"https:\/\/isfd98-bue.infd.edu.ar\/sitio\/cipe\/","title":{"rendered":"CIPE"},"content":{"rendered":"<table style=\"width: 669px; height: 332px;\">\n<tbody>\n<tr>\n<th>\n<h2>CIPE<\/h2>\n<h3><b>Prof. Lorena E. Barbosa<\/b><\/h3>\n<\/th>\n<th><img decoding=\"async\" loading=\"lazy\" class=\"alignnone wp-image-2332\" src=\"https:\/\/isfd98-bue.infd.edu.ar\/sitio\/wp-content\/uploads\/2021\/07\/Lorena-Barbosa-1000x750.jpg\" alt=\"\" width=\"257\" height=\"193\" srcset=\"https:\/\/isfd98-bue.infd.edu.ar\/sitio\/wp-content\/uploads\/2021\/07\/Lorena-Barbosa-1000x750.jpg 1000w, https:\/\/isfd98-bue.infd.edu.ar\/sitio\/wp-content\/uploads\/2021\/07\/Lorena-Barbosa-768x576.jpg 768w, https:\/\/isfd98-bue.infd.edu.ar\/sitio\/wp-content\/uploads\/2021\/07\/Lorena-Barbosa.jpg 1600w\" sizes=\"(max-width: 257px) 100vw, 257px\" \/><\/th>\n<\/tr>\n<\/tbody>\n<tfoot>\n<tr>\n<td style=\"text-align: center;\" colspan=\"2\"><strong>Cel:<span style=\"color: #ff0000;\">11 6811 4222<\/span><\/strong><br \/>\n<strong>E-mail: <span style=\"color: #0000ff;\"><a style=\"color: #0000ff;\" href=\"mailto:cipeisfd98@gmail.com\"><span style=\"color: #ff0000;\">cipeisfd98@gmail.com<\/span><\/a><br \/>\n<\/span>Instagram:<\/strong> <a href=\"https:\/\/www.instagram.com\/cipeisfd98\/\" target=\"_blank\" rel=\"noopener\"><span style=\"color: #ff0000;\"><b><span style=\"font-size: large;\">@cipeisdf98<\/span><\/b><\/span><\/a><\/td>\n<\/tr>\n<\/tfoot>\n<\/table>\n<p>El CIPE es el Coordinador\/a Institucional de Pol\u00edticas Estudiantiles y tiene las siguientes responsabilidades:<\/p>\n<ul>\n<li aria-level=\"1\">Trabajar de manera articulada con los distintos actores y como parte activa del proyecto institucional (Estudiantes, CAI, Equipo de Conducci\u00f3n, Centro de Estudiantes, colectivo docente, Jefe\/a de \u00e1rea y Preceptores\/as).<\/li>\n<li aria-level=\"1\">Promover la participaci\u00f3n e involucramiento de lxs estudiantes en la gesti\u00f3n democr\u00e1tica de las instituciones y en los espacios de reflexi\u00f3n institucional.<\/li>\n<li aria-level=\"1\">Promover proyectos de sostenimiento de las trayectorias estudiantiles bajo los lineamientos de la pol\u00edtica estudiantil construidos a nivel provincial y nacional, especialmente de aquellxs que han tenido y tienen cursadas intermitentes.<\/li>\n<li aria-level=\"1\">Facilitar espacios de escucha y de di\u00e1logo entre diferentes actores institucionales enfocados en resolver situaciones que obstaculicen el trayecto formativo.<\/li>\n<li aria-level=\"1\">Acompa\u00f1ar a lxs estudiantes en relaci\u00f3n a dificultades vinculadas a condiciones sociot\u00e9cnicas, sociales y de salud.<\/li>\n<li aria-level=\"1\">Proponer y participar de proyectos que impliquen experiencias culturales en las que puedan participar estudiantes.<\/li>\n<li aria-level=\"1\">Acompa\u00f1amiento a ingresantes 2023: coordinar junto a la conducci\u00f3n institucional acciones referidas al Taller Inicial.<\/li>\n<\/ul>\n<p>La\u00a0CIPE\u00a0ha coordinado proyectos de pol\u00edticas estudiantiles, en las que participaron docentes y estudiantes:<\/p>\n<ul>\n<li>Fotos viajeras (2020-2021) DPFI &#8211; DGCyE<\/li>\n<li>Proyecto de Fortalecimiento de trayectorias (2022) del INFD orientado a fortalecer los saberes para aprobar los finales adeudados.<\/li>\n<li>Proyecto de Fortalecimiento de trayectorias para ingresantes (2022\/2023) del INFD.<\/li>\n<li>Proyecto Ampliando la Participaci\u00f3n estudiantil (2022-2023) del INFD referido a la concreci\u00f3n de un espacio de cuidado para hijxs de estudiantes.<\/li>\n<li>Proyecto 40 a\u00f1os: la democracia en la educaci\u00f3n (2023 en per\u00edodo de presentaci\u00f3n)\u00a0 DPFI &#8211; DGCyE<\/li>\n<\/ul>\n<p>Si tienes alguna dificultad o problema que afecta negativamente a tu trayectoria formativa como estudiante, no dudes en contactarte para ver si podemos pensar juntxs en alguna soluci\u00f3n. Escrib\u00ed al siguiente correo electr\u00f3nico: <em><a href=\"mailto:cipeisfd98@gmail.com\"><span style=\"color: #ff0000;\">cipeisfd98@gmail.com<\/span><\/a><\/em><\/p>\n<p>Record\u00e1 tambi\u00e9n que siempre podes contactar al <a href=\"https:\/\/isfd98-bue.infd.edu.ar\/sitio\/centro-de-estudiantes\/\"><span style=\"color: #ff0000;\"><strong>Centro de Estudiantes<\/strong><\/span><\/a>, que son tus representantes directos y naturales en la instituci\u00f3n. Info de contacto: <span style=\"color: #ff0000;\"><em><a style=\"color: #ff0000;\" href=\"mailto:ceprofe98@gmail.com\" target=\"_blank\" rel=\"noopener\">cedyade98@gmail.com<\/a><\/em><\/span><b><\/b><\/p>\n","protected":false},"excerpt":{"rendered":"<p>CIPE Prof. Lorena E. Barbosa Cel:11 6811 4222 E-mail: cipeisfd98@gmail.com Instagram: @cipeisdf98 El CIPE es el Coordinador\/a Institucional de Pol\u00edticas Estudiantiles y tiene las siguientes responsabilidades: Trabajar de manera articulada con los distintos actores y como parte activa del proyecto institucional (Estudiantes, CAI, Equipo de Conducci\u00f3n, Centro de Estudiantes, colectivo docente, Jefe\/a de \u00e1rea y &#8230; <a title=\"CIPE\" class=\"read-more\" href=\"https:\/\/isfd98-bue.infd.edu.ar\/sitio\/cipe\/\" aria-label=\"More on CIPE\">[+]<\/a><\/p>\n","protected":false},"author":181,"featured_media":0,"parent":0,"menu_order":0,"comment_status":"closed","ping_status":"closed","template":"","meta":[],"acf":[],"_links":{"self":[{"href":"https:\/\/isfd98-bue.infd.edu.ar\/sitio\/wp-json\/wp\/v2\/pages\/2319"}],"collection":[{"href":"https:\/\/isfd98-bue.infd.edu.ar\/sitio\/wp-json\/wp\/v2\/pages"}],"about":[{"href":"https:\/\/isfd98-bue.infd.edu.ar\/sitio\/wp-json\/wp\/v2\/types\/page"}],"author":[{"embeddable":true,"href":"https:\/\/isfd98-bue.infd.edu.ar\/sitio\/wp-json\/wp\/v2\/users\/181"}],"replies":[{"embeddable":true,"href":"https:\/\/isfd98-bue.infd.edu.ar\/sitio\/wp-json\/wp\/v2\/comments?post=2319"}],"version-history":[{"count":12,"href":"https:\/\/isfd98-bue.infd.edu.ar\/sitio\/wp-json\/wp\/v2\/pages\/2319\/revisions"}],"predecessor-version":[{"id":3183,"href":"https:\/\/isfd98-bue.infd.edu.ar\/sitio\/wp-json\/wp\/v2\/pages\/2319\/revisions\/3183"}],"wp:attachment":[{"href":"https:\/\/isfd98-bue.infd.edu.ar\/sitio\/wp-json\/wp\/v2\/media?parent=2319"}],"curies":[{"name":"wp","href":"https:\/\/api.w.org\/{rel}","templated":true}]}}