{"id":2257,"date":"2021-04-20T21:28:29","date_gmt":"2021-04-21T00:28:29","guid":{"rendered":"https:\/\/isfd98-bue.infd.edu.ar\/sitio\/?page_id=2257"},"modified":"2021-04-20T21:28:29","modified_gmt":"2021-04-21T00:28:29","slug":"horario-profesorado-de-biologia","status":"publish","type":"page","link":"https:\/\/isfd98-bue.infd.edu.ar\/sitio\/horario-profesorado-de-biologia\/","title":{"rendered":"Horario Profesorado de Biolog\u00eda"},"content":{"rendered":"<div id=\"top\" style=\"position: fixed; right: 50px; top: 450px; border: 2px solid black; border-radius: 5px; padding: 2px; background-color: green;\"><a href=\"#inicio\"><img decoding=\"async\" src=\"https:\/\/isfd98-bue.infd.edu.ar\/sitio\/wp-content\/uploads\/2018\/06\/home.png\" alt=\"Arriba\" \/><\/a><\/div>\n<h1>Horario Profesorado de Biolog\u00eda<\/h1>\n<h3 style=\"text-align: center;\"><a href=\"https:\/\/isfd98-bue.infd.edu.ar\/sitio\/wp-content\/uploads\/2021\/04\/Horario-Profesorado-de-Biolog\u00eda-2021.pdf\" target=\"_blank\" rel=\"noopener\"><span style=\"color: #ff0000;\">(Descargar Horario<img decoding=\"async\" loading=\"lazy\" style=\"vertical-align: middle;\" src=\"https:\/\/isfd98-bue.infd.edu.ar\/sitio\/wp-content\/uploads\/2018\/12\/Icono-CLICK.png\" alt=\"Click aqu\u00ed\" width=\"30\" height=\"30\" \/>)<\/span><\/a><\/h3>\n<div id=\"inicio\"><\/div>\n<table style=\"border: 0, text-align: center;\">\n<tbody>\n<tr>\n<td style=\"text-align: center;\"><span style=\"color: #ff0000;\"><a style=\"color: #ff0000;\" href=\"#primero\">Primero<\/a><\/span><\/td>\n<td style=\"text-align: center;\"><span style=\"color: #ff0000;\"><a style=\"color: #ff0000;\" href=\"#segundo\">Segundo<\/a><\/span><\/td>\n<td style=\"text-align: center;\"><span style=\"color: #ff0000;\"><a style=\"color: #ff0000;\" href=\"#tercero\">Tercero<\/a><\/span><\/td>\n<td style=\"text-align: center;\"><span style=\"color: #ff0000;\"><a style=\"color: #ff0000;\" href=\"#cuarto\">Cuarto<\/a><\/span><\/td>\n<\/tr>\n<\/tbody>\n<\/table>\n<hr \/>\n<h3 id=\"primero\"><em>PROFESORADO DE BIOLOG\u00cdA 1\u00ba A\u00d1O<\/em><\/h3>\n<table width=\"973\">\n<tbody>\n<tr>\n<td width=\"195\"><strong>LUNES<\/strong><\/td>\n<td width=\"195\"><strong>MARTES<\/strong><\/td>\n<td width=\"195\"><strong>MI\u00c9RCOLES<\/strong><\/td>\n<td width=\"195\"><strong>JUEVES<\/strong><\/td>\n<td width=\"195\"><strong>VIERNES<\/strong><\/td>\n<\/tr>\n<tr>\n<td width=\"195\"><\/td>\n<td width=\"195\"><\/td>\n<td width=\"195\"><\/td>\n<td width=\"195\">14:30 a 17:30 hs.<\/p>\n<p><strong>Campo<\/strong><\/p>\n<p>Profesoras: Marta Costa y Rita P\u00e9rez<\/td>\n<td width=\"195\"><\/td>\n<\/tr>\n<tr>\n<td width=\"195\">17:30 a 19:30 hs.<\/p>\n<p><strong>Perspectiva Pedag\u00f3gico Did\u00e1ctica I<\/strong><\/p>\n<p>Profesora: Marta Costa<\/td>\n<td width=\"195\">17:30 a 19:30 hs.<\/p>\n<p><strong>Biolog\u00eda y Laboratorio I<\/strong><\/p>\n<p>Profesora: Rita P\u00e9rez\/Suplente:<\/td>\n<td width=\"195\">17:30 a 19:30 hs.<\/p>\n<p><strong>Matem\u00e1tica Instrumental I<\/strong><\/p>\n<p>Profesora: Fernanda Berasain<\/td>\n<td width=\"195\">17:30 a 19:30 hs.<\/p>\n<p><strong>Perspectiva Filos\u00f3fico-Pedag\u00f3gica I<\/strong><\/p>\n<p>Profesora: Marta Costa<\/td>\n<td width=\"195\">17:30 a 19:30 hs.<\/p>\n<p><strong>Qu\u00edmica y Laboratorio I<\/strong><\/p>\n<p>Profesora: Lucrecia Iriarte<\/td>\n<\/tr>\n<tr>\n<td width=\"195\">19:30 a 21:30 hs.<\/p>\n<p><strong>Psicolog\u00eda y Cultura de la Educaci\u00f3n<\/strong><\/p>\n<p>Profesor: Fabi\u00e1n Bogar\u00edn<\/td>\n<td width=\"195\">19:30 a 22:30 hs.<\/p>\n<p><strong>F\u00edsica y elementos de Astronom\u00eda y laboratorio I.<\/strong><\/p>\n<p>Profesor: Alejandro Rukavina<\/td>\n<td width=\"195\">19:30 a 20:30 hs.<\/p>\n<p><strong>Qu\u00edmica y Laboratorio I<\/strong><\/p>\n<p>Profesora: Lucrecia Iriarte<\/td>\n<td width=\"195\">19:30 a 21:30 hs.<\/p>\n<p><strong>Perspectiva Sociopol\u00edtica<\/strong><\/p>\n<p>Profesora: M\u00f3nica Molinas<\/td>\n<td width=\"195\">19:30 a 20:30 hs.<\/p>\n<p><strong>Integraci\u00f3n Areal I<\/strong><\/p>\n<p>Profesor: Mat\u00edas D\u00edaz<\/p>\n<p>20:30 a 21:30 hs.<\/p>\n<p><strong>Biolog\u00eda y Laboratorio I<\/strong><\/p>\n<p>Profesora: Rita P\u00e9rez\/Suplente:<\/td>\n<\/tr>\n<\/tbody>\n<\/table>\n<h3 id=\"segundo\"><em>PROFESORADO DE BIOLOG\u00cdA 2\u00ba A\u00d1O<\/em><\/h3>\n<table width=\"973\">\n<tbody>\n<tr>\n<td width=\"195\"><strong>LUNES<\/strong><\/td>\n<td width=\"195\"><strong>MARTES<\/strong><\/td>\n<td width=\"195\"><strong>MIERCOLES<\/strong><\/td>\n<td width=\"195\"><strong>JUEVES<\/strong><\/td>\n<td width=\"195\"><strong>VIERNES<\/strong><\/td>\n<\/tr>\n<tr>\n<td width=\"195\"><\/td>\n<td width=\"195\"><\/td>\n<td width=\"195\"><\/td>\n<td width=\"195\">14:30 a 17:30 hs.<\/p>\n<p><strong>Campo: <\/strong><\/p>\n<p>Profesora: Ramos y Borda<\/td>\n<td width=\"195\"><\/td>\n<\/tr>\n<tr>\n<td width=\"195\">17:30 a 20:30 hs.<\/p>\n<p><strong>Qu\u00edmica y laboratorio II<\/strong><\/p>\n<p>Profesora: Teresita Arguto<\/td>\n<td width=\"195\">17:30 a 19:30 hs.<\/p>\n<p><strong>Perspectiva Filos\u00f3fico Pedag\u00f3gico II<\/strong><\/p>\n<p>Profesora: Marta Costa<\/td>\n<td width=\"195\">17:30 a 19:30 hs.<\/p>\n<p><strong>Integraci\u00f3n Areal II<\/strong><\/p>\n<p>Profesora: Yamila Ramos<\/p>\n<p>&nbsp;<\/td>\n<td width=\"195\">17:30 a 19:30 hs.<\/p>\n<p><strong>Perspectiva Pedag\u00f3gico Did\u00e1ctica II<\/strong><\/p>\n<p>Profesora: Pomilio<\/td>\n<td width=\"195\">17:30 a 18,30 hs.<\/p>\n<p><strong>F\u00edsica y elementos de Astronom\u00eda y laboratorio II<\/strong><\/p>\n<p>Profesor: Edwin S\u00e1nchez<\/td>\n<\/tr>\n<tr>\n<td width=\"195\">20:30 a 21:30 hs.<\/p>\n<p><strong>Ciencias de la tierra<\/strong><\/p>\n<p>Profesora: J\u00e9sica Reynoso<\/td>\n<td width=\"195\">19:30 a 21:30 hs.<\/p>\n<p><strong>Psicolog\u00eda y cultura del alumno. <\/strong><\/p>\n<p>Profesor: Fabi\u00e1n Bogar\u00edn<\/td>\n<td width=\"195\">19:30 a 21:30 hs<\/p>\n<p><strong>Matem\u00e1tica Instrumental II<\/strong><\/p>\n<p>Profesora: Fernanda Berasain<\/td>\n<td width=\"195\">19:30 a 21:30 hs.<\/p>\n<p><strong>F\u00edsica y elementos de Astronom\u00eda y laboratorio II<\/strong><\/p>\n<p>Profesor: Edwin Sanchez<\/td>\n<td width=\"195\">18:30 a 21:30 hs.<\/p>\n<p><strong>Biolog\u00eda y Laboratorio II<\/strong><\/p>\n<p>Profesor: Andr\u00e9s Gonz\u00e1les Sierra<\/td>\n<\/tr>\n<\/tbody>\n<\/table>\n<h3 id=\"tercero\"><em>PROFESORADO DE BIOLOG\u00cdA 3\u00ba A\u00d1O<\/em><\/h3>\n<table width=\"973\">\n<tbody>\n<tr>\n<td width=\"195\"><strong>LUNES<\/strong><\/td>\n<td width=\"195\"><strong>MARTES<\/strong><\/td>\n<td width=\"195\"><strong>MIERCOLES<\/strong><\/td>\n<td width=\"195\"><strong>JUEVES<\/strong><\/td>\n<td width=\"195\"><strong>VIERNES<\/strong><\/td>\n<\/tr>\n<tr>\n<td width=\"195\"><\/td>\n<td width=\"195\"><\/td>\n<td width=\"195\"><\/td>\n<td width=\"195\"><\/td>\n<td width=\"195\">15,30 a 17:30 hs.<\/p>\n<p><strong>Campo de la pr\u00e1ctica III<\/strong><\/p>\n<p>Profesor: Edwin Sanchez<\/td>\n<\/tr>\n<tr>\n<td width=\"195\">17:30 a 20:30 hs.<\/p>\n<p><strong>Biolog\u00eda de los organismos celulares y plantas<\/strong><\/p>\n<p>Profesora: J\u00e9sica Reynoso.<\/td>\n<td width=\"195\">17:30 a 19:30 hs.<\/p>\n<p><strong>Perspectiva Filos\u00f3fico Pedag\u00f3gico Did\u00e1ctica<\/strong><\/p>\n<p>Profesora: Guadalupe Borda<\/td>\n<td width=\"195\">17:30 a 19:30 hs.<\/p>\n<p><strong>Qu\u00edmica Biol\u00f3gica y laboratorio.<\/strong><\/p>\n<p>Profesor. Edwin Sanchez<\/p>\n<p>&nbsp;<\/td>\n<td width=\"195\">17:30 a 19:30 hs.<\/p>\n<p><strong>Biolog\u00eda Humana<\/strong><\/p>\n<p>Profesora: Rita P\u00e9rez\/Suplente:<\/td>\n<td width=\"195\">17:30 a 18:30 hs.<\/p>\n<p><strong>Ciencias naturales y su ense\u00f1anza<\/strong><\/p>\n<p>Profesora: Florencia Fontana<\/td>\n<\/tr>\n<tr>\n<td width=\"195\">20:30 a 22:30 hs.<\/p>\n<p><strong>Biolog\u00eda Celular y Molecular<\/strong><\/p>\n<p>Profesora: Rita P\u00e9rez\/Suplente:<\/td>\n<td width=\"195\">19:30 a 21:30 hs.<\/p>\n<p><strong>Perspectiva pol\u00edtico institucional<\/strong><\/p>\n<p>Profesora: Lorena Barbosa<\/td>\n<td width=\"195\">19:30 a 22:30 hs<\/p>\n<p><strong>Biolog\u00eda de los animales<\/strong><\/p>\n<p>Profesora: Mat\u00edas D\u00edaz<\/td>\n<td width=\"195\">19:30 a 21:30 hs.<\/p>\n<p><strong>EDI: Educaci\u00f3n Sexual Integral<\/strong><\/p>\n<p>Profesora: Colantonio Agustina<\/td>\n<td width=\"195\">18:30 a 20:30 hs.<\/p>\n<p><strong>F\u00edsica Biol\u00f3gica y laboratorio<\/strong><\/p>\n<p>Profesor: Edwin S\u00e1nchez<\/td>\n<\/tr>\n<\/tbody>\n<\/table>\n<h3 id=\"cuarto\"><em>PROFESORADO DE BIOLOG\u00cdA 4\u00ba A\u00d1O<\/em><\/h3>\n<table width=\"973\">\n<tbody>\n<tr>\n<td width=\"195\"><strong>LUNES<\/strong><\/td>\n<td width=\"195\"><strong>MARTES<\/strong><\/td>\n<td width=\"195\"><strong>MI\u00c9RCOLES<\/strong><\/td>\n<td width=\"195\"><strong>JUEVES<\/strong><\/td>\n<td width=\"195\"><strong>VIERNES<\/strong><\/td>\n<\/tr>\n<tr>\n<td width=\"195\"><\/td>\n<td width=\"195\">15:30 a 17:30<\/p>\n<p><strong>Espacio de la Pr\u00e1ctica IV<\/strong><\/p>\n<p>Profesor. D\u00edaz<\/td>\n<td width=\"195\"><\/td>\n<td width=\"195\"><\/td>\n<td width=\"195\"><\/td>\n<\/tr>\n<tr>\n<td width=\"195\">17:30 a 19,30<\/p>\n<p><strong>Biolog\u00eda del Desarrollo animal<\/strong><\/p>\n<p>Profesor. D\u00edaz<\/td>\n<td width=\"195\">17:30 a 19:30<\/p>\n<p><strong>Evoluci\u00f3n <\/strong><\/p>\n<p>Profesora.\u00a0 Florencia Fontana<\/td>\n<td width=\"195\">17:30 a 19:30<\/p>\n<p><strong>Metodolog\u00eda de la Investigaci\u00f3n<\/strong><\/p>\n<p>Profesora. P\u00e9rez, Rita\/Suplente:<\/td>\n<td width=\"195\">17:30 a 19:30<\/p>\n<p><strong>Biolog\u00eda y su Ense\u00f1anza <\/strong><\/p>\n<p>Profesora. Fontana<\/td>\n<td width=\"195\">17:30 a 18:30<\/p>\n<p><strong>Antropolog\u00eda<\/strong><\/p>\n<p>Profesora. Marchetti<\/td>\n<\/tr>\n<tr>\n<td width=\"195\">19:30 a 22:30<\/p>\n<p><strong>Ecolog\u00eda<\/strong><\/p>\n<p>Profesor. Berasain, Gustavo<\/td>\n<td width=\"195\">19:30 a 21:30<\/p>\n<p><strong>Evoluci\u00f3n <\/strong><\/p>\n<p>Profesora. Fontana<\/td>\n<td width=\"195\">19:30 a 21:30<\/p>\n<p><strong>Anatom\u00eda Comparada<\/strong><\/p>\n<p>Profesora. P\u00e9rez, Rita\/Suplente:<\/p>\n<p>&nbsp;<\/td>\n<td width=\"195\">19:30 a 21:30<\/p>\n<p><strong>EDI: La ense\u00f1anza de las Ciencias Naturales.<\/strong><\/p>\n<p>Profesora. Carolina Spina<\/td>\n<td width=\"195\">18:30 a 21:30<\/p>\n<p><strong>Gen\u00e9tica Molecular<\/strong><\/p>\n<p>Profesora. Basset, Carina<\/td>\n<\/tr>\n<\/tbody>\n<\/table>\n","protected":false},"excerpt":{"rendered":"<p>Horario Profesorado de Biolog\u00eda (Descargar Horario) Primero Segundo Tercero Cuarto PROFESORADO DE BIOLOG\u00cdA 1\u00ba A\u00d1O LUNES MARTES MI\u00c9RCOLES JUEVES VIERNES 14:30 a 17:30 hs. Campo Profesoras: Marta Costa y Rita P\u00e9rez 17:30 a 19:30 hs. Perspectiva Pedag\u00f3gico Did\u00e1ctica I Profesora: Marta Costa 17:30 a 19:30 hs. Biolog\u00eda y Laboratorio I Profesora: Rita P\u00e9rez\/Suplente: 17:30 a &#8230; <a title=\"Horario Profesorado de Biolog\u00eda\" class=\"read-more\" href=\"https:\/\/isfd98-bue.infd.edu.ar\/sitio\/horario-profesorado-de-biologia\/\" aria-label=\"More on Horario Profesorado de Biolog\u00eda\">[+]<\/a><\/p>\n","protected":false},"author":181,"featured_media":0,"parent":0,"menu_order":0,"comment_status":"closed","ping_status":"closed","template":"","meta":[],"acf":[],"_links":{"self":[{"href":"https:\/\/isfd98-bue.infd.edu.ar\/sitio\/wp-json\/wp\/v2\/pages\/2257"}],"collection":[{"href":"https:\/\/isfd98-bue.infd.edu.ar\/sitio\/wp-json\/wp\/v2\/pages"}],"about":[{"href":"https:\/\/isfd98-bue.infd.edu.ar\/sitio\/wp-json\/wp\/v2\/types\/page"}],"author":[{"embeddable":true,"href":"https:\/\/isfd98-bue.infd.edu.ar\/sitio\/wp-json\/wp\/v2\/users\/181"}],"replies":[{"embeddable":true,"href":"https:\/\/isfd98-bue.infd.edu.ar\/sitio\/wp-json\/wp\/v2\/comments?post=2257"}],"version-history":[{"count":1,"href":"https:\/\/isfd98-bue.infd.edu.ar\/sitio\/wp-json\/wp\/v2\/pages\/2257\/revisions"}],"predecessor-version":[{"id":2258,"href":"https:\/\/isfd98-bue.infd.edu.ar\/sitio\/wp-json\/wp\/v2\/pages\/2257\/revisions\/2258"}],"wp:attachment":[{"href":"https:\/\/isfd98-bue.infd.edu.ar\/sitio\/wp-json\/wp\/v2\/media?parent=2257"}],"curies":[{"name":"wp","href":"https:\/\/api.w.org\/{rel}","templated":true}]}}