{"id":2253,"date":"2021-04-20T21:19:50","date_gmt":"2021-04-21T00:19:50","guid":{"rendered":"https:\/\/isfd98-bue.infd.edu.ar\/sitio\/?page_id=2253"},"modified":"2021-04-20T21:19:50","modified_gmt":"2021-04-21T00:19:50","slug":"horario-profesorado-de-educacion-fisica","status":"publish","type":"page","link":"https:\/\/isfd98-bue.infd.edu.ar\/sitio\/horario-profesorado-de-educacion-fisica\/","title":{"rendered":"Horario Profesorado de Educaci\u00f3n F\u00edsica"},"content":{"rendered":"<div id=\"top\" style=\"position: fixed; right: 50px; top: 450px; border: 2px solid black; border-radius: 5px; padding: 2px; background-color: green;\"><a href=\"#inicio\"><img decoding=\"async\" src=\"https:\/\/isfd98-bue.infd.edu.ar\/sitio\/wp-content\/uploads\/2018\/06\/home.png\" alt=\"Arriba\" \/><\/a><\/div>\n<h1>Horario Profesorado de Educaci\u00f3n F\u00edsica<\/h1>\n<h3 style=\"text-align: center;\"><a href=\"https:\/\/isfd98-bue.infd.edu.ar\/sitio\/wp-content\/uploads\/2021\/04\/Horario-Profesorado-de-Educacion-Fisica-2021.pdf\" target=\"_blank\" rel=\"noopener\"><span style=\"color: #ff0000;\">(Descargar Horario<img decoding=\"async\" loading=\"lazy\" style=\"vertical-align: middle;\" src=\"https:\/\/isfd98-bue.infd.edu.ar\/sitio\/wp-content\/uploads\/2018\/12\/Icono-CLICK.png\" alt=\"Click aqu\u00ed\" width=\"30\" height=\"30\" \/>)<\/span><\/a><\/h3>\n<div id=\"inicio\"><\/div>\n<table style=\"border: 0, text-align: center;\">\n<tbody>\n<tr>\n<td style=\"text-align: center;\"><span style=\"color: #ff0000;\"><a style=\"color: #ff0000;\" href=\"#primero\">Primero<\/a><\/span><\/td>\n<td style=\"text-align: center;\"><span style=\"color: #ff0000;\"><a style=\"color: #ff0000;\" href=\"#segundo\">Segundo<\/a><\/span><\/td>\n<td style=\"text-align: center;\"><span style=\"color: #ff0000;\"><a style=\"color: #ff0000;\" href=\"#tercero\">Tercero<\/a><\/span><\/td>\n<td style=\"text-align: center;\"><span style=\"color: #ff0000;\"><a style=\"color: #ff0000;\" href=\"#cuarto\">Cuarto<\/a><\/span><\/td>\n<\/tr>\n<\/tbody>\n<\/table>\n<hr \/>\n<h3 id=\"primero\"><em>PROFESORADO DE EDUCACION EDUCACI\u00d3N F\u00cdSICA 1\u00ba A\u00d1O<\/em><\/h3>\n<table width=\"964\">\n<tbody>\n<tr>\n<td width=\"193\"><strong>LUNES<\/strong><\/td>\n<td width=\"193\"><strong>MARTES<\/strong><\/td>\n<td width=\"193\"><strong>MI\u00c9RCOLES<\/strong><\/td>\n<td width=\"193\"><strong>JUEVES<\/strong><\/td>\n<td width=\"193\"><strong>VIERNES<\/strong><\/td>\n<\/tr>\n<tr>\n<td width=\"193\"><\/td>\n<td width=\"193\"><\/td>\n<td width=\"193\"><\/td>\n<td width=\"193\">15:30 a 17:30 hs<\/p>\n<p><strong>Campo de la pr\u00e1ctica<\/strong><\/p>\n<p>Profesora: Marcela Dalceggio y Carolina Dur\u00e1n<\/td>\n<td width=\"193\">15:20 a 17:20 hs<\/p>\n<p><strong>Did\u00e1ctica de las pr\u00e1cticas acu\u00e1ticas<\/strong><\/p>\n<p>Profesor: Ricardo Chambers (Pileta Atl\u00e9tico)<\/td>\n<\/tr>\n<tr>\n<td width=\"193\">16:30 a 19:30 hs.<\/p>\n<p><strong>Did\u00e1ctica de las pr\u00e1cticas gimn\u00e1sticas<\/strong><\/p>\n<p>Profesor: Marcela Dalceggio<\/td>\n<td width=\"193\">17:30 a 19:30 hs.<\/p>\n<p><strong>Did\u00e1ctica de las pr\u00e1cticas l\u00fadicas<\/strong><\/p>\n<p>Profesora: Sabrina Suller<\/td>\n<td width=\"193\">17:30 a 19:30 hs.<\/p>\n<p><strong>Pedagog\u00eda<\/strong><\/p>\n<p>Profesora: Marcela Funes<\/td>\n<td width=\"193\">17:30 a 19:30 hs.<\/p>\n<p>Anatom\u00eda<\/p>\n<p>Profesora: Alejandra Costa<\/td>\n<td width=\"193\">17:30 a 19:30 hs<\/p>\n<p>&nbsp;<\/p>\n<p>Did\u00e1ctica General<\/p>\n<p>Profesora: Marta Costa<\/td>\n<\/tr>\n<tr>\n<td width=\"193\">19:30 a 21:30 hs.<\/p>\n<p><strong>Taller de lectura, escritura y oralidad<\/strong><\/p>\n<p>Profesora: Goya Paula<\/td>\n<td width=\"193\">19:30 a 21:30 hs.<\/p>\n<p><strong>Historia de la Educaci\u00f3n F\u00edsica en Latinoam\u00e9rica y argentina<\/strong><\/p>\n<p>Prof.: Georgina Torelli<\/td>\n<td width=\"193\">19:30 a 21:30 hs<\/p>\n<p><strong>Psicolog\u00eda del Desarrollo y del Aprendizaje I<\/strong><\/p>\n<p>Profesor: Fabi\u00e1n Bogarin<\/td>\n<td width=\"193\">19:30 a 21:30 hs<\/p>\n<p><strong>Taller de Educaci\u00f3n corporal y motriz<\/strong><\/p>\n<p>Profesor: Guillermo Seal<\/td>\n<td width=\"193\">19:30 a 21:30 hs<\/p>\n<p><strong>Filosof\u00eda<\/strong><\/p>\n<p>Profesora:\u00a0 Eugenia Crowley<\/td>\n<\/tr>\n<tr>\n<td width=\"193\"><\/td>\n<td width=\"193\">21:30 A 22:30 hs.<\/p>\n<p><strong>An\u00e1lisis del mundo contempor\u00e1neo. <\/strong><\/p>\n<p>Prof. Candela Alarcon<\/td>\n<td width=\"193\"><\/td>\n<td width=\"193\"><\/td>\n<td width=\"193\"><\/td>\n<\/tr>\n<\/tbody>\n<\/table>\n<h3 id=\"segundo\"><em>PROFESORADO DE EDUCACION EDUCACI\u00d3N F\u00cdSICA 2\u00ba A\u00d1O<\/em><\/h3>\n<table width=\"100%\">\n<tbody>\n<tr>\n<td width=\"193\"><strong>LUNES<\/strong><\/td>\n<td width=\"193\"><strong>MARTES<\/strong><\/td>\n<td width=\"193\"><strong>MI\u00c9RCOLES<\/strong><\/td>\n<td width=\"193\"><strong>JUEVES<\/strong><\/td>\n<td width=\"193\"><strong>VIERNES<\/strong><\/td>\n<\/tr>\n<tr>\n<td width=\"193\"><\/td>\n<td width=\"193\"><\/td>\n<td width=\"193\">15:30 a 17:30<\/p>\n<p><strong>Did\u00e1ctica de las pr\u00e1cticas atl\u00e9ticas<\/strong><\/p>\n<p>Profesora: Victoria Aramburu<\/td>\n<td width=\"193\"><\/td>\n<td width=\"193\">14:30 a 17:30 hs<\/p>\n<p><strong>Campo de la pr\u00e1ctica II<\/strong><\/p>\n<p>&nbsp;<\/p>\n<p>Profesoras: Cecilia Lacoumette y Marta Costa<\/td>\n<\/tr>\n<tr>\n<td width=\"193\">16:30 a 19:30 hs.<\/p>\n<p><strong>Did\u00e1ctica de las pr\u00e1cticas deportivas I<\/strong><\/p>\n<p>Profesor: Carlos Arce<\/p>\n<p>&nbsp;<\/td>\n<td width=\"193\">17:30 a 19:30 hs.<\/p>\n<p><strong>Teor\u00eda Sociopol\u00edtica y educaci\u00f3n<\/strong><\/p>\n<p>Profesora: Lorena Barbosa<\/td>\n<td width=\"193\">17:30 a 19:30 hs.<\/p>\n<p><strong>TFO: La educaci\u00f3n F\u00edsica en el campo de la educaci\u00f3n especial<\/strong><\/p>\n<p>Profesor: Daniel Faga\/Suplente Jos\u00e9 Calero<\/td>\n<td width=\"193\">17:30 a 19:30 hs.<\/p>\n<p><strong>\u00a0Did\u00e1ctica de las pr\u00e1cticas de la naturaleza y al aire libre I<\/strong><\/p>\n<p>Profesora: Mercedes De Otaz\u00faa<\/td>\n<td width=\"193\">17:30 a 19:30 hs<\/p>\n<p><strong>Did\u00e1ctica y curriculum de la educaci\u00f3n f\u00edsica en el nivel inicial y del nivel primario.<\/strong><\/p>\n<p>Profesora: Marcela Dalceggio\/ Suplente Cecilia Lacoumette<\/td>\n<\/tr>\n<tr>\n<td width=\"193\">19:30 a 21:30 hs.<\/p>\n<p><strong>Did\u00e1ctica de las pr\u00e1cticas de la recreaci\u00f3n participativa<\/strong><\/p>\n<p>Prof: Sabrina Suller<\/td>\n<td width=\"193\">19:30 a 21:30 hs.<\/p>\n<p><strong>Fisiolog\u00eda de la motricidad<\/strong><\/p>\n<p>Prof: Alejandra Costa<\/td>\n<td width=\"193\"><\/td>\n<td width=\"193\">19:30 a 21:30 hs<\/p>\n<p><strong>Did\u00e1ctica de las pr\u00e1cticas gimn\u00e1sticas II<\/strong><\/p>\n<p>Profesora: Julia lavega<\/td>\n<td width=\"193\">19:30 a 21:30 hs<\/p>\n<p>&nbsp;<\/p>\n<p><strong>Psicolog\u00eda del Desarrollo y del aprendizaje II<\/strong><\/p>\n<p>Prof: Perez Casal Sofia<\/td>\n<\/tr>\n<\/tbody>\n<\/table>\n<h3 id=\"tercero\"><em>PROFESORADO DE EDUCACION EDUCACI\u00d3N F\u00cdSICA 3\u00ba A\u00d1O<\/em><\/h3>\n<table width=\"100%\">\n<tbody>\n<tr>\n<td width=\"193\"><strong>LUNES<\/strong><\/td>\n<td width=\"193\"><strong>MARTES<\/strong><\/td>\n<td width=\"193\"><strong>MI\u00c9RCOLES<\/strong><\/td>\n<td width=\"193\"><strong>JUEVES<\/strong><\/td>\n<td width=\"193\"><strong>VIERNES<\/strong><\/td>\n<\/tr>\n<tr>\n<td width=\"193\"><\/td>\n<td width=\"193\"><\/td>\n<td width=\"193\"><\/td>\n<td width=\"193\"><\/td>\n<td width=\"193\">14:30 a 17:30<\/p>\n<p><strong>Campo de la pr\u00e1ctica<\/strong><\/p>\n<p><strong>\u00a0<\/strong>Profesora: Dalceggio Marcela<\/td>\n<\/tr>\n<tr>\n<td width=\"193\">17:30 a 19:30 hs.<\/p>\n<p><strong>Did\u00e1ctica de las pr\u00e1cticas de la naturaleza y al aire libre II<\/strong><\/p>\n<p>Profesora: Mercedes De Otaz\u00faa<\/td>\n<td width=\"193\">17:30 a 19:30 hs.<\/p>\n<p><strong>Did\u00e1ctica de las pr\u00e1cticas deportivas II<\/strong><\/p>\n<p>Profesor: Carlos Arce<\/td>\n<td width=\"193\">17:30 a 19:30 hs.<\/p>\n<p><strong>Did\u00e1ctica de las pr\u00e1cticas deportivas II<\/strong><\/p>\n<p>Profesora: Cecilia Lacoumette<\/td>\n<td width=\"193\">17:30 a 19:30 hs.<\/p>\n<p><strong>Did\u00e1ctica de la educaci\u00f3n f\u00edsica del nivel secundario y de otros \u00e1mbitos educativos.<\/strong><\/p>\n<p>Profesora: Georgina Torelli<\/td>\n<td width=\"193\">17:30 a 19:30 hs<\/p>\n<p><strong>TFO: Entrenamiento<\/strong><\/p>\n<p>Profesor: Ricardo Chambers<\/p>\n<p>&nbsp;<\/td>\n<\/tr>\n<tr>\n<td width=\"193\">19:30 a 21:30 hs.<\/p>\n<p><strong>Historia pol\u00edtica y legislaci\u00f3n educativa.<\/strong><\/p>\n<p>Profesora: Costa Marta<\/td>\n<td width=\"193\">19:30 a 21:30 hs.<\/p>\n<p><strong>Metodolog\u00eda de la Investigaci\u00f3n en educaci\u00f3n f\u00edsica<\/strong><\/p>\n<p>Profesora: Candela Alarc\u00f3n<\/td>\n<td width=\"193\">19:30 a 21:30 hs<\/p>\n<p><strong>Configuraciones culturales del sujeto educativo<\/strong><\/p>\n<p>Profesora: Pomilio<\/td>\n<td width=\"193\">19:30 a 21:30 hs<\/p>\n<p><strong>An\u00e1lisis de las acciones motrices.<\/strong><\/p>\n<p>Profesora: Alejandra costa<\/td>\n<td width=\"193\">19:30 a 21:30 hs<\/p>\n<p><strong>Did\u00e1ctica de las pr\u00e1cticas gimn\u00e1sticas III<\/strong><\/p>\n<p>Profesora: Julia Lavega<\/td>\n<\/tr>\n<\/tbody>\n<\/table>\n<h3 id=\"cuarto\"><em>PROFESORADO DE EDUCACION EDUCACI\u00d3N F\u00cdSICA 4\u00ba A\u00d1O<\/em><\/h3>\n<table width=\"100%\">\n<tbody>\n<tr>\n<td width=\"193\"><strong>LUNES<\/strong><\/td>\n<td width=\"193\"><strong>MARTES<\/strong><\/td>\n<td width=\"193\"><strong>MI\u00c9RCOLES<\/strong><\/td>\n<td width=\"193\"><strong>JUEVES<\/strong><\/td>\n<td width=\"193\"><strong>VIERNES<\/strong><\/td>\n<\/tr>\n<tr>\n<td width=\"193\"><\/td>\n<td width=\"193\">14:30 a 17:30<\/p>\n<p><strong>Campo de la pr\u00e1ctica<\/strong><\/p>\n<p>Profesora: Dalceggio<\/td>\n<td width=\"193\"><\/td>\n<td width=\"193\"><\/td>\n<td width=\"193\"><\/td>\n<\/tr>\n<tr>\n<td width=\"193\">17:30 a 19:30 hs.<\/p>\n<p><strong>Did\u00e1ctica deL entrenamiento<\/strong><\/p>\n<p>Profesora: Ricardo Chambers<\/p>\n<p>&nbsp;<\/td>\n<td width=\"193\">17:30 a 19:30 hs.<\/p>\n<p><strong>Did\u00e1ctica de las pr\u00e1cticas deportivas III<\/strong><\/p>\n<p>Profesora: Victoria Aramburu<\/td>\n<td width=\"193\">17:30 a 18:30 hs<\/p>\n<p><strong>Reflexi\u00f3n Filos\u00f3fica de la educaci\u00f3n.<\/strong><\/p>\n<p>Profesora: Eugenia Crowley<\/p>\n<p>18,30 a 19:30 hs<\/p>\n<p><strong>Dimensi\u00f3n \u00e9tico-pol\u00edtica de la praxis docente<\/strong><\/p>\n<p>Profesora: Eugenia Crowley<\/td>\n<td width=\"193\">17:30 a 19:30 hs.<\/p>\n<p><strong>TFO: Gesti\u00f3n de proyectos comunitarios<\/strong><\/p>\n<p>Profesor: Jos\u00e9 Calero<\/td>\n<td width=\"193\">16:00 a 18:00 hs.<\/p>\n<p><strong>Did\u00e1ctica de las pr\u00e1cticas deportivas III. (Softball)<\/strong><\/p>\n<p>Profesor Saint Jean<\/p>\n<p>SALD\u00cdAS, M. Florencia 2\/10 ALTA SUP.<\/td>\n<\/tr>\n<tr>\n<td width=\"193\">19:30 a 21:30 hs.<\/p>\n<p><strong>TFO: Deportes alternativos<\/strong><\/p>\n<p>Profesora. Georgina Torelli<\/td>\n<td width=\"193\">19:30 a 21:30 hs.<\/p>\n<p><strong>Did\u00e1cticas de las pr\u00e1cticas gimn\u00e1sticas especiales<\/strong><\/p>\n<p>Profesora: Julia Lavega<\/td>\n<td width=\"193\">19:30 a 20,30 hs<\/p>\n<p><strong>Pedagog\u00eda cr\u00edtica de las diferencias.<\/strong><\/p>\n<p>Profesora: Marcela Funes<\/td>\n<td width=\"193\">19:30 a 21:30 hs<\/p>\n<p><strong>Antropolog\u00eda y sociolog\u00eda del cuerpo<\/strong><\/p>\n<p>Profesora: Candela Alarc\u00f3n<\/td>\n<td width=\"193\">18:30 a 20:30 hs<\/p>\n<p><strong>TFO: Nutrici\u00f3n deportiva<\/strong><\/p>\n<p>Profesor: Tolosa<\/td>\n<\/tr>\n<\/tbody>\n<\/table>\n","protected":false},"excerpt":{"rendered":"<p>Horario Profesorado de Educaci\u00f3n F\u00edsica (Descargar Horario) Primero Segundo Tercero Cuarto PROFESORADO DE EDUCACION EDUCACI\u00d3N F\u00cdSICA 1\u00ba A\u00d1O LUNES MARTES MI\u00c9RCOLES JUEVES VIERNES 15:30 a 17:30 hs Campo de la pr\u00e1ctica Profesora: Marcela Dalceggio y Carolina Dur\u00e1n 15:20 a 17:20 hs Did\u00e1ctica de las pr\u00e1cticas acu\u00e1ticas Profesor: Ricardo Chambers (Pileta Atl\u00e9tico) 16:30 a 19:30 hs. &#8230; <a title=\"Horario Profesorado de Educaci\u00f3n F\u00edsica\" class=\"read-more\" href=\"https:\/\/isfd98-bue.infd.edu.ar\/sitio\/horario-profesorado-de-educacion-fisica\/\" aria-label=\"More on Horario Profesorado de Educaci\u00f3n F\u00edsica\">[+]<\/a><\/p>\n","protected":false},"author":181,"featured_media":0,"parent":0,"menu_order":0,"comment_status":"closed","ping_status":"closed","template":"","meta":[],"acf":[],"_links":{"self":[{"href":"https:\/\/isfd98-bue.infd.edu.ar\/sitio\/wp-json\/wp\/v2\/pages\/2253"}],"collection":[{"href":"https:\/\/isfd98-bue.infd.edu.ar\/sitio\/wp-json\/wp\/v2\/pages"}],"about":[{"href":"https:\/\/isfd98-bue.infd.edu.ar\/sitio\/wp-json\/wp\/v2\/types\/page"}],"author":[{"embeddable":true,"href":"https:\/\/isfd98-bue.infd.edu.ar\/sitio\/wp-json\/wp\/v2\/users\/181"}],"replies":[{"embeddable":true,"href":"https:\/\/isfd98-bue.infd.edu.ar\/sitio\/wp-json\/wp\/v2\/comments?post=2253"}],"version-history":[{"count":1,"href":"https:\/\/isfd98-bue.infd.edu.ar\/sitio\/wp-json\/wp\/v2\/pages\/2253\/revisions"}],"predecessor-version":[{"id":2254,"href":"https:\/\/isfd98-bue.infd.edu.ar\/sitio\/wp-json\/wp\/v2\/pages\/2253\/revisions\/2254"}],"wp:attachment":[{"href":"https:\/\/isfd98-bue.infd.edu.ar\/sitio\/wp-json\/wp\/v2\/media?parent=2253"}],"curies":[{"name":"wp","href":"https:\/\/api.w.org\/{rel}","templated":true}]}}