{"id":2218,"date":"2021-04-20T15:56:59","date_gmt":"2021-04-20T18:56:59","guid":{"rendered":"https:\/\/isfd98-bue.infd.edu.ar\/sitio\/?page_id=2218"},"modified":"2021-04-20T20:57:51","modified_gmt":"2021-04-20T23:57:51","slug":"horario-profesorado-de-primaria","status":"publish","type":"page","link":"https:\/\/isfd98-bue.infd.edu.ar\/sitio\/horario-profesorado-de-primaria\/","title":{"rendered":"Horario Profesorado de Primaria"},"content":{"rendered":"<div id=\"top\" style=\"position: fixed; right: 50px; top: 450px; border: 2px solid black; border-radius: 5px; padding: 2px; background-color: green;\"><a href=\"#inicio\"><img decoding=\"async\" src=\"https:\/\/isfd98-bue.infd.edu.ar\/sitio\/wp-content\/uploads\/2018\/06\/home.png\" alt=\"Arriba\" \/><\/a><\/div>\n<h1>Horario Profesorado de Primaria<\/h1>\n<h3 style=\"text-align: center;\"><a href=\"https:\/\/isfd98-bue.infd.edu.ar\/sitio\/wp-content\/uploads\/2021\/04\/Horario-Profesorado-de-Primaria-2021.pdf\" target=\"_blank\" rel=\"noopener\"><span style=\"color: #ff0000;\">(Descargar Horario<img decoding=\"async\" loading=\"lazy\" style=\"vertical-align: middle;\" src=\"https:\/\/isfd98-bue.infd.edu.ar\/sitio\/wp-content\/uploads\/2018\/12\/Icono-CLICK.png\" alt=\"Click aqu\u00ed\" width=\"30\" height=\"30\" \/>)<\/span><\/a><\/h3>\n<div id=\"inicio\"><\/div>\n<table style=\"border: 0, text-align: center;\">\n<tbody>\n<tr>\n<td style=\"text-align: center;\"><span style=\"color: #ff0000;\"><a style=\"color: #ff0000;\" href=\"#primero\">Primero<\/a><\/span><\/td>\n<td style=\"text-align: center;\"><span style=\"color: #ff0000;\"><a style=\"color: #ff0000;\" href=\"#segundo\">Segundo<\/a><\/span><\/td>\n<td style=\"text-align: center;\"><span style=\"color: #ff0000;\"><a style=\"color: #ff0000;\" href=\"#tercero\">Tercero<\/a><\/span><\/td>\n<td style=\"text-align: center;\"><span style=\"color: #ff0000;\"><a style=\"color: #ff0000;\" href=\"#cuarto\">Cuarto<\/a><\/span><\/td>\n<\/tr>\n<\/tbody>\n<\/table>\n<hr \/>\n<h3 id=\"primero\"><em>PROFESORADO DE EDUCACION PRIMARIA 1\u00ba A\u00d1O<\/em><\/h3>\n<table width=\"967\">\n<tbody>\n<tr>\n<td width=\"193\">\n<p style=\"text-align: center;\"><strong>LUNES<\/strong><\/p>\n<\/td>\n<td width=\"193\">\n<p style=\"text-align: center;\"><strong>MARTES<\/strong><\/p>\n<\/td>\n<td width=\"193\">\n<p style=\"text-align: center;\"><strong>MI\u00c9RCOLES<\/strong><\/p>\n<\/td>\n<td width=\"193\">\n<p style=\"text-align: center;\"><strong>JUEVES<\/strong><\/p>\n<\/td>\n<td width=\"193\">\n<p style=\"text-align: center;\"><strong>VIERNES<\/strong><\/p>\n<\/td>\n<\/tr>\n<tr>\n<td width=\"193\">14:30 a 17:30 horas<\/p>\n<p><strong>Campo de la pr\u00e1ctica <\/strong><\/p>\n<p>Profesora Ricardo Iseas<\/p>\n<p>(cada 15 d\u00edas)<\/td>\n<td width=\"193\"><\/td>\n<td width=\"193\"><\/td>\n<td width=\"193\"><\/td>\n<td width=\"193\"><\/td>\n<\/tr>\n<tr>\n<td width=\"193\">17:30 a 19:30 hs.<\/p>\n<p><strong>Arte y Educaci\u00f3n<\/strong><\/p>\n<p>Profesora: Victoria Vega<\/p>\n<p>&nbsp;<\/td>\n<td width=\"193\">17:30 a 18, 30 hs.<\/p>\n<p><strong>An\u00e1lisis del Mundo Contempor\u00e1neo<\/strong> Prof:<\/p>\n<p>Florencia Giles<\/p>\n<p>&nbsp;<\/td>\n<td width=\"193\">17:30 a 19:30 hs.<\/p>\n<p><strong>Taller de lectura, escritura y oralidad<\/strong><\/p>\n<p>Profesora: Carolina Franciosi<\/td>\n<td width=\"193\">17:30 a 19:30 hs.<\/p>\n<p><strong>Pedagog\u00eda<\/strong><\/p>\n<p>Profesora: Patricia Hueram\u00e1n<\/td>\n<td width=\"193\">17:30 a 19:30 hs.<\/p>\n<p><strong>TADI: Introducci\u00f3n a la Educaci\u00f3n especial<\/strong><\/p>\n<p>Profesora: Mariel Nu\u00f1ez<\/p>\n<p>&nbsp;<\/td>\n<\/tr>\n<tr>\n<td width=\"193\">19:30 a 21:30 hs.<\/p>\n<p><strong>Corporeidad y motricidad<\/strong>.<\/p>\n<p>(Cada 15 d\u00edas)<\/p>\n<p>Profesora: Marcela Dalceggio<\/p>\n<p>19:30 a 22,30 hs<\/p>\n<p>(Cada 15 d\u00edas)<\/p>\n<p><strong>Campo de la pr\u00e1ctica. <\/strong><\/p>\n<p>Profesor: Ricardo Iseas (cada 15 d\u00edas)<\/td>\n<td width=\"193\">19:30 a 21:30 hs<\/p>\n<p><strong>Taller de pensamiento l\u00f3gico matem\u00e1tico<\/strong><\/p>\n<p>Profesora: Marianela Boriosi<\/td>\n<td width=\"193\">19:30 a 21:30 hs<\/p>\n<p><strong>Psicolog\u00eda del Desarrollo y del aprendizaje I<\/strong><\/p>\n<p>Profesora: Analia Durigutti\/Suplente:<\/td>\n<td width=\"193\">19:30 a 21:30 hs.<\/p>\n<p><strong>Filosof\u00eda<\/strong><\/p>\n<p>Profesora: Ana Marchetti<\/td>\n<td width=\"193\">19:30 a 21:30 hs.<\/p>\n<p><strong>Did\u00e1ctica general<\/strong><\/p>\n<p>Profesora: Marta Costa<\/td>\n<\/tr>\n<\/tbody>\n<\/table>\n<h3 id=\"segundo\"><em>\u00a0PROFESORADO DE EDUCACION PRIMARIA 2\u00ba A\u00d1O<\/em><\/h3>\n<table width=\"973\">\n<tbody>\n<tr>\n<td width=\"195\"><strong>LUNES<\/strong><\/td>\n<td width=\"195\"><strong>MARTES<\/strong><\/td>\n<td width=\"195\"><strong>MI\u00c9RCOLES<\/strong><\/td>\n<td width=\"195\"><strong>JUEVES<\/strong><\/td>\n<td width=\"195\"><strong>VIERNES<\/strong><\/td>\n<\/tr>\n<tr>\n<td width=\"195\">13:30 a 17:30<\/p>\n<p><strong>Campo de la pr\u00e1ctica<\/strong><\/p>\n<p>Prof: Borda, Guadalupe<\/td>\n<td width=\"195\"><\/td>\n<td width=\"195\"><\/td>\n<td width=\"195\"><\/td>\n<td width=\"195\"><\/td>\n<\/tr>\n<tr>\n<td width=\"195\">17:30 a 19:30 hs.<\/p>\n<p><strong>Did\u00e1ctica de la matem\u00e1tica I<\/strong><\/p>\n<p>Profesora: Marianela Boriosi<\/td>\n<td width=\"195\">17:30 a 19:30 hs.<\/p>\n<p><strong>Did\u00e1ctica y curriculum del nivel primario<\/strong><\/p>\n<p>Prof: Fontana, Florencia Aylen<\/td>\n<td width=\"195\">17:30 a 19:30 hs.<\/p>\n<p><strong>Psicolog\u00eda del Desarrollo y del aprendizaje II<\/strong><\/p>\n<p>Profesora: Analia Durigutti\/Suplente:<\/td>\n<td width=\"195\">17:30 a 19:30 hs.<\/p>\n<p><strong>Did\u00e1ctica de las pr\u00e1cticas del lenguaje I<\/strong><\/p>\n<p>Prof: Amalia Ochoa<\/td>\n<td width=\"195\">17:30 a 18:30 hs.<\/p>\n<p><strong>Cultura, comunicaci\u00f3n y educaci\u00f3n.<\/strong> Profesora: Claudia P\u00e9rez Cazal.<\/p>\n<p>18,30 a 19:30 hs.<\/p>\n<p><strong>Psicolog\u00eda Social e Institucional. <\/strong><\/p>\n<p>Profesora: Ana Ibarra<\/p>\n<p>(Alternan cada 15 d\u00edas)<\/td>\n<\/tr>\n<tr>\n<td width=\"195\">19:30 a 21:30 hs.<\/p>\n<p><strong>Educaci\u00f3n art\u00edstica<\/strong><\/p>\n<p>Profesora: S. Urquieta<\/td>\n<td width=\"195\">19:30 a 21:30 hs.<\/p>\n<p><strong>Did\u00e1ctica de las Ciencias Naturales I<\/strong><\/p>\n<p>Profesor: Mat\u00edas Diaz<\/td>\n<td width=\"195\">19:30 a 21:30 hs<\/p>\n<p><strong>Did\u00e1ctica de las Ciencias Sociales I<\/strong><\/p>\n<p>Profesor: Claudio Ortega<\/td>\n<td width=\"195\">19:30 a 21:30 hs<\/p>\n<p><strong>Teor\u00eda Sociopol\u00edtica y educaci\u00f3n<\/strong><\/p>\n<p>Profesora: Lorena Barbosa<\/td>\n<td width=\"195\"><\/td>\n<\/tr>\n<\/tbody>\n<\/table>\n<h3 id=\"tercero\"><em>PROFESORADO DE EDUCACION PRIMARIA 3\u00ba A\u00d1O<\/em><\/h3>\n<table width=\"973\">\n<tbody>\n<tr>\n<td width=\"195\"><strong>LUNES<\/strong><\/td>\n<td width=\"195\"><strong>MARTES<\/strong><\/td>\n<td width=\"195\"><strong>MI\u00c9RCOLES<\/strong><\/td>\n<td width=\"195\"><strong>JUEVES<\/strong><\/td>\n<td width=\"195\"><strong>VIERNES<\/strong><\/td>\n<\/tr>\n<tr>\n<td width=\"195\">13:30 a 17:30<\/p>\n<p><strong>Campo de la pr\u00e1ctica III<\/strong><\/p>\n<p>Profesoras: Silvina Saulo y Marta Costa<\/td>\n<td width=\"195\"><\/td>\n<td width=\"195\"><\/td>\n<td width=\"195\"><\/td>\n<td width=\"195\"><\/td>\n<\/tr>\n<tr>\n<td width=\"195\">17:30 a 19:30 hs.<\/p>\n<p><strong>TFO: ESI<\/strong><\/p>\n<p>Profesora: Gisela Manzoni<\/p>\n<p>&nbsp;<\/td>\n<td width=\"195\">17:30 a 19:30 hs.<\/p>\n<p><strong>Did\u00e1ctica de las Ciencias Sociales II<\/strong><\/p>\n<p>Profesor: Leandro Bordalecou<\/td>\n<td width=\"195\">17:30 a 19:30 hs.<\/p>\n<p><strong>Did\u00e1ctica de las Ciencias Naturales II<\/strong><\/p>\n<p>Profesora: Valeria Gorriz<\/td>\n<td width=\"195\">17:30 a 19:30 hs.<\/p>\n<p><strong>Educaci\u00f3n F\u00edsica Escolar<\/strong><\/p>\n<p>Profesora: Julia Rooney<\/td>\n<td width=\"195\">17:30 a 18:30 hs.<\/p>\n<p><strong>Historia y prospectiva de la educaci\u00f3n<\/strong><\/p>\n<p>Profesor: Claudio Ortega<\/td>\n<\/tr>\n<tr>\n<td width=\"195\">19:30 a 21:30 hs.<\/p>\n<p><strong>Did\u00e1ctica de la matem\u00e1tica II<\/strong><\/p>\n<p>Profesora: Marianela Boriosi<\/td>\n<td width=\"195\">19:30 a 21:30 hs.<\/p>\n<p><strong>Did\u00e1ctica de las pr\u00e1cticas del lenguaje II<\/strong><\/p>\n<p>Profesora:\u00a0 Raquel Mariani<\/td>\n<td width=\"195\"><strong>19:30 a 20,30 hs. Configuraciones Culturales del sujeto. Profesora: Ana Ibarra<\/strong><\/p>\n<p>20:30 a 21:30<\/p>\n<p><strong>Medios audiovisuales, tics y educaci\u00f3n. <\/strong><\/p>\n<p>Profesor: Sergio Vieyra<\/td>\n<td width=\"195\">19:30 a 21:30 hs<\/p>\n<p><strong>Pol\u00edtica, legislaci\u00f3n y administraci\u00f3n del trabajo escolar<\/strong><\/p>\n<p>Profesora: Marta Costa<\/td>\n<td width=\"195\"><\/td>\n<\/tr>\n<\/tbody>\n<\/table>\n<h3 id=\"cuarto\"><em>\u00a0PROFESORADO DE EDUCACION PRIMARIA 4\u00ba A\u00d1O<\/em><\/h3>\n<table width=\"982\">\n<tbody>\n<tr>\n<td width=\"196\"><strong>LUNES<\/strong><\/td>\n<td width=\"196\"><strong>MARTES<\/strong><\/td>\n<td width=\"197\"><strong>MI\u00c9RCOLES<\/strong><\/td>\n<td width=\"196\"><strong>JUEVES<\/strong><\/td>\n<td width=\"197\"><strong>VIERNES<\/strong><\/td>\n<\/tr>\n<tr>\n<td width=\"196\"><\/td>\n<td width=\"196\">13,00 a 17,00<\/p>\n<p><strong>Campo de la pr\u00e1ctica III<\/strong><\/p>\n<p>Profesoras: Silvina Saulo y Mariana Escobar<\/td>\n<td width=\"197\"><\/td>\n<td width=\"196\"><\/td>\n<td width=\"197\"><\/td>\n<\/tr>\n<tr>\n<td width=\"196\">17:30 a 19:30 hs.<\/p>\n<p><strong>Ateneo las pr\u00e1cticas del lenguaje y la literatura.<\/strong><\/p>\n<p>Profesora: Raquel Mariani<\/td>\n<td width=\"196\">17:30 a 19:30 hs.<\/p>\n<p><strong>Ateneo de las ciencias naturales<\/strong><\/p>\n<p>Profesora: Valeria Gorriz<\/p>\n<p>&nbsp;<\/td>\n<td width=\"197\">17:30 a 18,30 hs.<\/p>\n<p>Dimensi\u00f3n \u00e9tico-pol\u00edtica.<\/p>\n<p><strong>Profesora: Mariana Escobar<\/strong><\/p>\n<p>18:30 a 19:30 hs<\/p>\n<p><strong>Reflexi\u00f3n filos\u00f3fica de la educaci\u00f3n<\/strong><\/p>\n<p>Profesora: Eugenia Crowley<\/td>\n<td width=\"196\">17:30 a 18:30 hs.<\/p>\n<p><strong>\u00a0TADI: Aportes de la educaci\u00f3n especial a la planificaci\u00f3n did\u00e1ctica, en la educaci\u00f3n primaria.<\/strong><\/p>\n<p>Prof. Guerra, Aida<\/p>\n<p>18:30 a 19:30 hs<\/p>\n<p><strong>Pedagog\u00eda cr\u00edtica de las diferencias<\/strong><\/p>\n<p>Profesora. Soledad Duran<\/td>\n<td width=\"197\"><\/td>\n<\/tr>\n<tr>\n<td width=\"196\"><\/td>\n<td width=\"196\">19:30 a 21:30 hs.<\/p>\n<p><strong>Ateneo de las Ciencias Sociales<\/strong><\/p>\n<p>Profesora: Nucera, Magali<\/td>\n<td width=\"197\">19:30 a 21:30 hs<\/p>\n<p><strong>Configuraciones culturales del sujeto. Prof. Ana Ibarra<\/strong><\/p>\n<p>20:30 a 21:30 hs<\/p>\n<p><strong>Medios audiovisuales, tics y educaci\u00f3n. <\/strong><\/p>\n<p>Prof. Sergio Vieira<\/p>\n<p>&nbsp;<\/td>\n<td width=\"196\">19:30 a 21:30 hs<\/p>\n<p><strong>Ateneo de la Matem\u00e1tica<\/strong><\/p>\n<p>Profesora: Luj\u00e1n Eguillor<\/td>\n<td width=\"197\"><\/td>\n<\/tr>\n<\/tbody>\n<\/table>\n","protected":false},"excerpt":{"rendered":"<p>Horario Profesorado de Primaria (Descargar Horario) Primero Segundo Tercero Cuarto PROFESORADO DE EDUCACION PRIMARIA 1\u00ba A\u00d1O LUNES MARTES MI\u00c9RCOLES JUEVES VIERNES 14:30 a 17:30 horas Campo de la pr\u00e1ctica Profesora Ricardo Iseas (cada 15 d\u00edas) 17:30 a 19:30 hs. Arte y Educaci\u00f3n Profesora: Victoria Vega &nbsp; 17:30 a 18, 30 hs. An\u00e1lisis del Mundo Contempor\u00e1neo &#8230; <a title=\"Horario Profesorado de Primaria\" class=\"read-more\" href=\"https:\/\/isfd98-bue.infd.edu.ar\/sitio\/horario-profesorado-de-primaria\/\" aria-label=\"More on Horario Profesorado de Primaria\">[+]<\/a><\/p>\n","protected":false},"author":181,"featured_media":0,"parent":0,"menu_order":0,"comment_status":"closed","ping_status":"closed","template":"","meta":[],"acf":[],"_links":{"self":[{"href":"https:\/\/isfd98-bue.infd.edu.ar\/sitio\/wp-json\/wp\/v2\/pages\/2218"}],"collection":[{"href":"https:\/\/isfd98-bue.infd.edu.ar\/sitio\/wp-json\/wp\/v2\/pages"}],"about":[{"href":"https:\/\/isfd98-bue.infd.edu.ar\/sitio\/wp-json\/wp\/v2\/types\/page"}],"author":[{"embeddable":true,"href":"https:\/\/isfd98-bue.infd.edu.ar\/sitio\/wp-json\/wp\/v2\/users\/181"}],"replies":[{"embeddable":true,"href":"https:\/\/isfd98-bue.infd.edu.ar\/sitio\/wp-json\/wp\/v2\/comments?post=2218"}],"version-history":[{"count":25,"href":"https:\/\/isfd98-bue.infd.edu.ar\/sitio\/wp-json\/wp\/v2\/pages\/2218\/revisions"}],"predecessor-version":[{"id":2245,"href":"https:\/\/isfd98-bue.infd.edu.ar\/sitio\/wp-json\/wp\/v2\/pages\/2218\/revisions\/2245"}],"wp:attachment":[{"href":"https:\/\/isfd98-bue.infd.edu.ar\/sitio\/wp-json\/wp\/v2\/media?parent=2218"}],"curies":[{"name":"wp","href":"https:\/\/api.w.org\/{rel}","templated":true}]}}