{"id":2095,"date":"2021-04-03T16:28:14","date_gmt":"2021-04-03T19:28:14","guid":{"rendered":"https:\/\/isfd98-bue.infd.edu.ar\/sitio\/?page_id=2095"},"modified":"2025-03-25T18:55:04","modified_gmt":"2025-03-25T21:55:04","slug":"regimen-academico-marco-evaluacion","status":"publish","type":"page","link":"https:\/\/isfd98-bue.infd.edu.ar\/sitio\/regimen-academico-marco-evaluacion\/","title":{"rendered":"R\u00e9gimen Acad\u00e9mico Marco (RAM) y evaluaci\u00f3n"},"content":{"rendered":"\n<p><\/p>\n\n\n\n<ol>\n<li><strong><a rel=\"noreferrer noopener\" href=\"https:\/\/isfd98-bue.infd.edu.ar\/sitio\/wp-content\/uploads\/2025\/03\/COM-CONJUNTA-No113_24-NUEVO-RAM.pdf\" target=\"_blank\"><mark style=\"background-color:rgba(0, 0, 0, 0);color:#fa0606\" class=\"has-inline-color\">Comunicaci\u00f3n Conjunta N\u00b0 113\/24 Nuevo R\u00e9gimen Acad\u00e9mico Marco Jurisdiccional para el Nivel Superior<\/mark><\/a><\/strong>: Aprobado el Nuevo R\u00e9gimen Acad\u00e9mico Marco para el Nivel Superior en la Provincia de Buenos Aires a partir de<strong> <\/strong>2025<\/li>\n\n\n\n<li><strong><a rel=\"noreferrer noopener\" href=\"https:\/\/isfd98-bue.infd.edu.ar\/sitio\/estudiantes\/protocolo-finales-utilizando-tecnologia-cai\/\" data-type=\"page\" data-id=\"1655\" target=\"_blank\"><mark style=\"background-color:rgba(0, 0, 0, 0);color:#e71515\" class=\"has-inline-color\">A<\/mark><mark style=\"background-color:rgba(0, 0, 0, 0);color:#ff0000\" class=\"has-inline-color\">nexo <\/mark><\/a><a href=\"https:\/\/isfd98-bue.infd.edu.ar\/sitio\/estudiantes\/protocolo-finales-utilizando-tecnologia-cai\/\" data-type=\"page\" data-id=\"1655\"><mark style=\"background-color:rgba(0, 0, 0, 0);color:#ff0000\" class=\"has-inline-color\">1<\/mark><\/a><\/strong>: Establecen nuevo R\u00e9gimen Acad\u00e9mico Marco para Institutos Superiores en la Provincia de Buenos Aires: Normas para trayectorias estudiantiles, matriculaci\u00f3n, evaluaci\u00f3n y modalidades de cursada.<\/li>\n\n\n\n<li><strong><mark style=\"background-color:rgba(0, 0, 0, 0);color:#ff0000\" class=\"has-inline-color\">Anexo 2:<\/mark><\/strong> Implementan condiciones para estudiantes itinerantes en Institutos Superiores de la Provincia de Buenos Aires: Normas para cursar unidades curriculares en otras instituciones.<\/li>\n\n\n\n<li><strong><mark style=\"background-color:rgba(0, 0, 0, 0);color:#ff0000\" class=\"has-inline-color\">Anexo 3<\/mark><\/strong>: Establecen condiciones para implementar Propuestas Pedag\u00f3gicas Combinadas en carreras de formaci\u00f3n docente, t\u00e9cnica y art\u00edstica en la Provincia de Buenos Aires<\/li>\n\n\n\n<li><strong><a rel=\"noreferrer noopener\" href=\"https:\/\/isfd98-bue.infd.edu.ar\/sitio\/wp-content\/uploads\/2025\/03\/RESOLUCION-4196-24-Regimen-Academico-Superior.pdf\" target=\"_blank\"><mark style=\"background-color:rgba(0, 0, 0, 0);color:#ff0000\" class=\"has-inline-color\">R\u00e9gimen Acad\u00e9mico Marco<\/mark> <mark style=\"background-color:rgba(0, 0, 0, 0);color:#ff0000\" class=\"has-inline-color\">Jurisdiccional del Nivel Superior Res. 4196\/24<\/mark><\/a><\/strong>: Aprueban nuevo R\u00e9gimen Acad\u00e9mico Marco para el Nivel Superior en la Provincia de Buenos Aires, derogando normativas anteriores.<\/li>\n\n\n\n<li><strong><a rel=\"noreferrer noopener\" href=\"https:\/\/isfd98-bue.infd.edu.ar\/sitio\/wp-content\/uploads\/2025\/03\/RAM-resumen-para-CIPE.pptx\" target=\"_blank\"><mark style=\"background-color:rgba(0, 0, 0, 0);color:#ff0000\" class=\"has-inline-color\">Presentaci\u00f3n <\/mark><\/a><a rel=\"noreferrer noopener\" href=\"https:\/\/isfd98-bue.infd.edu.ar\/sitio\/wp-content\/uploads\/2025\/03\/RAM-resumen-para-CIPE.pptx\" target=\"_blank\"><mark style=\"background-color:rgba(0, 0, 0, 0);color:#ff0000\" class=\"has-inline-color\">P<\/mark><\/a><a rel=\"noreferrer noopener\" href=\"https:\/\/isfd98-bue.infd.edu.ar\/sitio\/wp-content\/uploads\/2025\/03\/RAM-resumen-para-CIPE.pptx\" target=\"_blank\"><mark style=\"background-color:rgba(0, 0, 0, 0);color:#ff0000\" class=\"has-inline-color\">o<\/mark><\/a><a rel=\"noreferrer noopener\" href=\"https:\/\/isfd98-bue.infd.edu.ar\/sitio\/wp-content\/uploads\/2025\/03\/RAM-resumen-para-CIPE.pptx\" target=\"_blank\"><mark style=\"background-color:rgba(0, 0, 0, 0);color:#ff0000\" class=\"has-inline-color\">w<\/mark><\/a><a rel=\"noreferrer noopener\" href=\"https:\/\/isfd98-bue.infd.edu.ar\/sitio\/wp-content\/uploads\/2025\/03\/RAM-resumen-para-CIPE.pptx\" target=\"_blank\"><mark style=\"background-color:rgba(0, 0, 0, 0);color:#ff0000\" class=\"has-inline-color\">e<\/mark><\/a><a rel=\"noreferrer noopener\" href=\"https:\/\/isfd98-bue.infd.edu.ar\/sitio\/wp-content\/uploads\/2025\/03\/RAM-resumen-para-CIPE.pptx\" target=\"_blank\"><mark style=\"background-color:rgba(0, 0, 0, 0);color:#ff0000\" class=\"has-inline-color\">rP<\/mark><\/a><a rel=\"noreferrer noopener\" href=\"https:\/\/isfd98-bue.infd.edu.ar\/sitio\/wp-content\/uploads\/2025\/03\/RAM-resumen-para-CIPE.pptx\" target=\"_blank\"><mark style=\"background-color:rgba(0, 0, 0, 0);color:#ff0000\" class=\"has-inline-color\">o<\/mark><\/a><a rel=\"noreferrer noopener\" href=\"https:\/\/isfd98-bue.infd.edu.ar\/sitio\/wp-content\/uploads\/2025\/03\/RAM-resumen-para-CIPE.pptx\" target=\"_blank\"><mark style=\"background-color:rgba(0, 0, 0, 0);color:#ff0000\" class=\"has-inline-color\">i<\/mark><\/a><a rel=\"noreferrer noopener\" href=\"https:\/\/isfd98-bue.infd.edu.ar\/sitio\/wp-content\/uploads\/2025\/03\/RAM-resumen-para-CIPE.pptx\" target=\"_blank\"><mark style=\"background-color:rgba(0, 0, 0, 0);color:#ff0000\" class=\"has-inline-color\">n<\/mark><\/a><a rel=\"noreferrer noopener\" href=\"https:\/\/isfd98-bue.infd.edu.ar\/sitio\/wp-content\/uploads\/2025\/03\/RAM-resumen-para-CIPE.pptx\" target=\"_blank\"><mark style=\"background-color:rgba(0, 0, 0, 0);color:#ff0000\" class=\"has-inline-color\">t<\/mark><\/a><\/strong><\/li>\n<\/ol>\n\n\n\n<hr class=\"wp-block-separator has-alpha-channel-opacity\"\/>\n\n\n\n<ul>\n<li><\/li>\n<\/ul>\n","protected":false},"excerpt":{"rendered":"","protected":false},"author":181,"featured_media":0,"parent":0,"menu_order":0,"comment_status":"closed","ping_status":"closed","template":"","meta":[],"acf":[],"_links":{"self":[{"href":"https:\/\/isfd98-bue.infd.edu.ar\/sitio\/wp-json\/wp\/v2\/pages\/2095"}],"collection":[{"href":"https:\/\/isfd98-bue.infd.edu.ar\/sitio\/wp-json\/wp\/v2\/pages"}],"about":[{"href":"https:\/\/isfd98-bue.infd.edu.ar\/sitio\/wp-json\/wp\/v2\/types\/page"}],"author":[{"embeddable":true,"href":"https:\/\/isfd98-bue.infd.edu.ar\/sitio\/wp-json\/wp\/v2\/users\/181"}],"replies":[{"embeddable":true,"href":"https:\/\/isfd98-bue.infd.edu.ar\/sitio\/wp-json\/wp\/v2\/comments?post=2095"}],"version-history":[{"count":16,"href":"https:\/\/isfd98-bue.infd.edu.ar\/sitio\/wp-json\/wp\/v2\/pages\/2095\/revisions"}],"predecessor-version":[{"id":3758,"href":"https:\/\/isfd98-bue.infd.edu.ar\/sitio\/wp-json\/wp\/v2\/pages\/2095\/revisions\/3758"}],"wp:attachment":[{"href":"https:\/\/isfd98-bue.infd.edu.ar\/sitio\/wp-json\/wp\/v2\/media?parent=2095"}],"curies":[{"name":"wp","href":"https:\/\/api.w.org\/{rel}","templated":true}]}}