{"id":1655,"date":"2020-09-26T00:08:33","date_gmt":"2020-09-26T03:08:33","guid":{"rendered":"https:\/\/isfd98-bue.infd.edu.ar\/sitio\/?page_id=1655"},"modified":"2020-09-26T00:08:33","modified_gmt":"2020-09-26T03:08:33","slug":"protocolo-finales-utilizando-tecnologia-cai","status":"publish","type":"page","link":"https:\/\/isfd98-bue.infd.edu.ar\/sitio\/estudiantes\/protocolo-finales-utilizando-tecnologia-cai\/","title":{"rendered":"Protocolo para ex\u00e1menes finales mediando la utilizaci\u00f3n de herramientas tecnol\u00f3gicas (aprobado por CAI)"},"content":{"rendered":"<p style=\"text-align: center;\">Mes de junio de 2020<\/p>\n<p><strong>Estimadxs docentes\/estudiantes:<\/strong><\/p>\n<p>A partir de las condiciones que imponen el aislamiento social obligatorio y en funci\u00f3n de indicaci\u00f3n de la comunicaci\u00f3n 8\/20, se debe garantizar el desarrollo de la mesa de EX\u00c1MENES FINALES del segundo llamado, en formato VIRTUAL.<\/p>\n<p>En esta primera etapa, SOLO se evaluar\u00e1 \u00faltima materia, <u>estamos pensando luego de esta experiencia inicial, c\u00f3mo organizar las mesas pendientes del 2\u00ba llamado de marzo <\/u>2020 (para el mes de Agosto por acuerdo de CRD).<\/p>\n<p><strong>SOLO se tomar\u00e1n a lxs estudiantes que deben 1 materia para recibirse antes del mes de agosto.<\/strong><\/p>\n<p>La organizaci\u00f3n de estas instancias implica importantes esfuerzos, para ofrecer alternativas virtuales que permitan a los estudiantes inscriptos &#8211; en las mesas del \u00faltimo llamado &#8211; rendir sus finales, por lo cual se solicita <strong>CONFIRMACI\u00d3N DE ASISTENCIA al menos 1 d\u00eda antes de la fecha al mail institucional.<\/strong><\/p>\n<p>&nbsp;<\/p>\n<p><strong>ANTES DEL EXAMEN<\/strong><\/p>\n<ul>\n<li>Los docentes deber\u00e1n adaptar el modelo de ex\u00e1menes finales a las tecnolog\u00edas y metodolog\u00edas de examen que mejor se ajusten al modelo de evaluaci\u00f3n aprobado en el programa de su espacio curricular.<\/li>\n<li>El tribunal examinador debe estar formado por un profesor titular y un vocal.<\/li>\n<li>Debe asegurarse un canal de comunicaci\u00f3n con el alumno con la fecha y hora propuesta para el llamado a examen y asegurarse la correcta recepci\u00f3n del mismo.<\/li>\n<li>Uno de lxs docentes deber\u00e1 asegurarse tener una c\u00e1mara que registre el examen.<\/li>\n<\/ul>\n<p>&nbsp;<\/p>\n<p><strong>DURANTE EL EXAMEN<\/strong><\/p>\n<ul>\n<li>El examen oral ser\u00e1 grabado por los docentes.<\/li>\n<li>Se estableci\u00f3 un m\u00e1ximo de 10 minutos de tolerancia desde el horario definido.<\/li>\n<li>En el caso de examen escrito, deber\u00e1 sacarse una foto del examen firmado por el alumno, o el documento subido a alguna plataforma (drive, etc.).<\/li>\n<li>La plataforma a utilizar ser\u00e1 acordada previamente entre el docente titular y el\/la estudiante.<\/li>\n<li><strong>El estudiante deber\u00e1\u0301 procurar<\/strong> que, el lugar elegido para rendir este\u0301 relativamente aislado de ruidos que perjudiquen la buena comunicacio\u0301n, que permita una visibilidad adecuada, y contar con buena conexio\u0301n a internet para evitar cortes.<\/li>\n<\/ul>\n<p>Algunas opciones son:<\/p>\n<ul>\n<li>ZOOM\/ SKYPE\/MEET: Examen oral, en caso de ZOOM debe controlarse el tiempo, organizar la mesa ya que a los 40 minutos se acaba la reuni\u00f3n; de ser necesario se realizar\u00e1 una reconexi\u00f3n. Esta opci\u00f3n debe ser grabada,<\/li>\n<li>CUESTIONARIO GOOGLE DRIVE: (\u00fatil en caso de tener muchos alumnos inscriptos). Enviar por mail el d\u00eda y hora del examen y el archivo, indicando tiempo l\u00edmite para su entrega. Solicitar acuse de recibo.<\/li>\n<li>EX\u00c1MEN FINAL \u00abA LIBRO ABIERTO\u00bb: a partir de una situaci\u00f3n problem\u00e1tica se indica un tiempo prudente de resoluci\u00f3n para que el estudiante desarrolle, justifique, conecte ideas e integre conceptos. Recordar el uso de citas y par\u00e1frasis, en caso de un examen copiado parcial o totalmente, ser\u00e1 inmediatamente desaprobado.<\/li>\n<\/ul>\n<p>Si se elige las 2 \u00faltimas modalidades, tipo de examen escrito, se deber\u00e1 acordar un tiempo para la elaboraci\u00f3n del mismo; asimismo el docente tendr\u00e1 un tiempo para terminar la correcci\u00f3n. Luego, los docentes volver\u00e1n a comunicarse con el alumno por videoconferencia para una devoluci\u00f3n y calificaci\u00f3n.<\/p>\n<p><strong>LUEGO DEL EXAMEN<\/strong><\/p>\n<p>Mediante mensaje de texto o por mail el titular deber\u00e1 enviar la calificaci\u00f3n obtenida, para resguardo fehaciente del estudiante.<\/p>\n<p>Todas las notas ser\u00e1n volcadas a la libreta, cuando retomemos la presencialidad.<\/p>\n<p>Cada docente recibir\u00e1 previamente a la fecha de la mesa, un acta volante con lxs estudiantes en condiciones de rendir; <u>finalizada la mesa<\/u>, <u>el <\/u><u>presidente de mesa debe imprimir dicha acta, o bien deber\u00e1 transcribirla en forma manual, completando datos referentes a la asignatura, carrera, datos de los miembros del tribunal y de los alumnos, firmarla al pie, sacarle una foto o escanearla y <\/u><u>remitirla al correo institucional.<\/u><\/p>\n<p>La secretaria volcar\u00e1 las notas al libro matriz.<\/p>\n<p><strong>SITUACIONES EXCEPCIONALES:<\/strong><\/p>\n<p>Si durante el transcurso del examen fallare la conexi\u00f3n de audio o video, de lxs docentes\/estudiantes se dar\u00e1\u0301 un tiempo de tolerancia m\u00e1ximo de 10 minutos para que se arregle el desperfecto. De persistir el problema, el presidente podr\u00e1\u0301 cerrar la video llamada comput\u00e1ndose ese examen como ausente justificado.<\/p>\n<p>En caso de ocurrencia de <strong>3 desperfectos durante el examen, se discontinuara\u0301 el mismo<\/strong> debiendo examinarse en el pr\u00f3ximo llamado.<\/p>\n","protected":false},"excerpt":{"rendered":"<p>Mes de junio de 2020 Estimadxs docentes\/estudiantes: A partir de las condiciones que imponen el aislamiento social obligatorio y en funci\u00f3n de indicaci\u00f3n de la comunicaci\u00f3n 8\/20, se debe garantizar el desarrollo de la mesa de EX\u00c1MENES FINALES del segundo llamado, en formato VIRTUAL. En esta primera etapa, SOLO se evaluar\u00e1 \u00faltima materia, estamos pensando &#8230; <a title=\"Protocolo para ex\u00e1menes finales mediando la utilizaci\u00f3n de herramientas tecnol\u00f3gicas (aprobado por CAI)\" class=\"read-more\" href=\"https:\/\/isfd98-bue.infd.edu.ar\/sitio\/estudiantes\/protocolo-finales-utilizando-tecnologia-cai\/\" aria-label=\"More on Protocolo para ex\u00e1menes finales mediando la utilizaci\u00f3n de herramientas tecnol\u00f3gicas (aprobado por CAI)\">[+]<\/a><\/p>\n","protected":false},"author":181,"featured_media":0,"parent":910,"menu_order":0,"comment_status":"closed","ping_status":"closed","template":"","meta":[],"acf":[],"_links":{"self":[{"href":"https:\/\/isfd98-bue.infd.edu.ar\/sitio\/wp-json\/wp\/v2\/pages\/1655"}],"collection":[{"href":"https:\/\/isfd98-bue.infd.edu.ar\/sitio\/wp-json\/wp\/v2\/pages"}],"about":[{"href":"https:\/\/isfd98-bue.infd.edu.ar\/sitio\/wp-json\/wp\/v2\/types\/page"}],"author":[{"embeddable":true,"href":"https:\/\/isfd98-bue.infd.edu.ar\/sitio\/wp-json\/wp\/v2\/users\/181"}],"replies":[{"embeddable":true,"href":"https:\/\/isfd98-bue.infd.edu.ar\/sitio\/wp-json\/wp\/v2\/comments?post=1655"}],"version-history":[{"count":2,"href":"https:\/\/isfd98-bue.infd.edu.ar\/sitio\/wp-json\/wp\/v2\/pages\/1655\/revisions"}],"predecessor-version":[{"id":1657,"href":"https:\/\/isfd98-bue.infd.edu.ar\/sitio\/wp-json\/wp\/v2\/pages\/1655\/revisions\/1657"}],"up":[{"embeddable":true,"href":"https:\/\/isfd98-bue.infd.edu.ar\/sitio\/wp-json\/wp\/v2\/pages\/910"}],"wp:attachment":[{"href":"https:\/\/isfd98-bue.infd.edu.ar\/sitio\/wp-json\/wp\/v2\/media?parent=1655"}],"curies":[{"name":"wp","href":"https:\/\/api.w.org\/{rel}","templated":true}]}}