{"id":1031,"date":"2018-06-28T00:08:10","date_gmt":"2018-06-28T03:08:10","guid":{"rendered":"https:\/\/isfd98-bue.infd.edu.ar\/sitio\/profesorado-de-biologia\/"},"modified":"2025-12-23T13:46:12","modified_gmt":"2025-12-23T16:46:12","slug":"profesorado-de-biologia","status":"publish","type":"page","link":"https:\/\/isfd98-bue.infd.edu.ar\/sitio\/profesorado-de-biologia\/","title":{"rendered":"Profesorado de Biolog\u00eda"},"content":{"rendered":"\n<div class=\"wp-block-media-text alignwide is-stacked-on-mobile\" style=\"grid-template-columns:15% auto\"><figure class=\"wp-block-media-text__media\"><img decoding=\"async\" loading=\"lazy\" width=\"512\" height=\"512\" src=\"https:\/\/isfd98-bue.infd.edu.ar\/sitio\/wp-content\/uploads\/2023\/09\/contact-form.png\" alt=\"\" class=\"wp-image-3398 size-full\" srcset=\"https:\/\/isfd98-bue.infd.edu.ar\/sitio\/wp-content\/uploads\/2023\/09\/contact-form.png 512w, https:\/\/isfd98-bue.infd.edu.ar\/sitio\/wp-content\/uploads\/2023\/09\/contact-form-500x500.png 500w\" sizes=\"(max-width: 512px) 100vw, 512px\" \/><\/figure><div class=\"wp-block-media-text__content\">\n<p><strong>INSCRIPCION: <a rel=\"noreferrer noopener\" href=\"https:\/\/isfd98-bue.infd.edu.ar\/sitio\/wp-content\/uploads\/2021\/04\/A1-Inscripcion_inicial.pdf\" target=\"_blank\"><mark style=\"background-color:rgba(0, 0, 0, 0);color:#f80505\" class=\"has-inline-color\">descargar <\/mark><mark style=\"background-color:rgba(0, 0, 0, 0);color:#fa0101\" class=\"has-inline-color\">Planilla <\/mark><mark style=\"background-color:rgba(0, 0, 0, 0);color:#fb0707\" class=\"has-inline-color\">de <\/mark><mark style=\"background-color:rgba(0, 0, 0, 0);color:#f80202\" class=\"has-inline-color\">Inscripci\u00f3n<\/mark><\/a><\/strong><\/p>\n<\/div><\/div>\n\n\n\n<div class=\"wp-block-columns is-layout-flex wp-container-3\">\n<div class=\"wp-block-column is-layout-flow\" style=\"flex-basis:33.33%\">\n<figure class=\"wp-block-image size-large\"><img decoding=\"async\" loading=\"lazy\" width=\"400\" height=\"301\" src=\"https:\/\/isfd98-bue.infd.edu.ar\/sitio\/wp-content\/uploads\/2018\/06\/Biologia.jpg\" alt=\"\" class=\"wp-image-701\"\/><\/figure>\n<\/div>\n\n\n\n<div class=\"wp-block-column is-layout-flow\" style=\"flex-basis:66.66%\">\n<figure class=\"wp-block-table\"><table class=\"has-fixed-layout\"><tbody><tr><td><strong><a href=\"https:\/\/isfd98-bue.infd.edu.ar\/sitio\/wp-content\/uploads\/2021\/10\/Presentacion-PROF.-BIOLOGIA.pdf\" data-type=\"URL\" data-id=\"https:\/\/isfd98-bue.infd.edu.ar\/sitio\/wp-content\/uploads\/2021\/10\/Presentacion-PROF.-BIOLOGIA.pdf\" target=\"_blank\" rel=\"noreferrer noopener\"><span class=\"has-inline-color has-vivid-red-color\">PRESENTACION DE LA CARRERA<\/span><\/a><\/strong><\/td><td><a href=\"https:\/\/isfd98-bue.infd.edu.ar\/sitio\/wp-content\/uploads\/2021\/10\/Presentacion-PROF.-BIOLOGIA.pdf\" data-type=\"URL\" data-id=\"https:\/\/isfd98-bue.infd.edu.ar\/sitio\/wp-content\/uploads\/2021\/10\/Presentacion-PROF.-BIOLOGIA.pdf\" target=\"_blank\" rel=\"noreferrer noopener\"><img decoding=\"async\" loading=\"lazy\" width=\"40\" height=\"40\" src=\"https:\/\/isfd98-bue.infd.edu.ar\/sitio\/wp-content\/uploads\/2018\/06\/pdf_icon.jpg\" alt=\"Archivos PDF\"><\/a><\/td><\/tr><tr><td><em>Opciones<\/em><\/td><td><\/td><\/tr><tr><td><a rel=\"noreferrer noopener\" href=\"https:\/\/isfd98-bue.infd.edu.ar\/sitio\/wp-admin\/upload\/13259-99-modif-por-3581-biologia_fisica_quimica.pdf\" target=\"_blank\"><strong><mark style=\"background-color:rgba(0, 0, 0, 0)\" class=\"has-inline-color has-vivid-red-color\">Dise\u00f1o Curricular (completo)<\/mark><\/strong><\/a><br><br><strong><a rel=\"noreferrer noopener\" href=\"https:\/\/isfd98-bue.infd.edu.ar\/sitio\/wp-content\/uploads\/2023\/03\/Diseno-Curricular-2022-Profesorado-de-Biologia.pdf\" target=\"_blank\"><mark style=\"background-color:rgba(0, 0, 0, 0);color:#ff0000\" class=\"has-inline-color\">Dise\u00f1o Curricular 22022<\/mark><\/a><\/strong><\/td><td><a rel=\"noreferrer noopener\" href=\"https:\/\/isfd98-bue.infd.edu.ar\/sitio\/wp-admin\/upload\/13259-99-modif-por-3581-biologia_fisica_quimica.pdf\" target=\"_blank\"><img decoding=\"async\" loading=\"lazy\" width=\"40\" height=\"40\" src=\"https:\/\/isfd98-bue.infd.edu.ar\/sitio\/wp-content\/uploads\/2018\/06\/pdf_icon.jpg\" alt=\"Archivos PDF\"><\/a><br><a href=\"https:\/\/isfd98-bue.infd.edu.ar\/sitio\/wp-content\/uploads\/2023\/03\/Diseno-Curricular-2022-Profesorado-de-Biologia.pdf\" target=\"_blank\" rel=\"noreferrer noopener\"><img decoding=\"async\" loading=\"lazy\" width=\"40\" height=\"40\" src=\"https:\/\/isfd98-bue.infd.edu.ar\/sitio\/wp-content\/uploads\/2018\/06\/pdf_icon.jpg\" alt=\"Archivos PDF\"><\/a><\/td><\/tr><tr><td><a rel=\"noreferrer noopener\" href=\"https:\/\/isfd98-bue.infd.edu.ar\/sitio\/wp-admin\/upload\/13259-99-biologia_estructura_curricular.pdf\" target=\"_blank\"><strong><mark style=\"background-color:rgba(0, 0, 0, 0)\" class=\"has-inline-color has-vivid-red-color\">Estructura Curricular<\/mark><\/strong><\/a><br><br><strong><a href=\"https:\/\/isfd98-bue.infd.edu.ar\/sitio\/wp-content\/uploads\/2023\/03\/Estructura-Curricular-2022-Profesorado-de-Biologia.pdf\" target=\"_blank\" rel=\"noreferrer noopener\"><mark style=\"background-color:rgba(0, 0, 0, 0);color:#ff0000\" class=\"has-inline-color\">Estructura Curricular 2022<\/mark><\/a><\/strong><\/td><td><a rel=\"noreferrer noopener\" href=\"https:\/\/isfd98-bue.infd.edu.ar\/sitio\/wp-admin\/upload\/13259-99-biologia_estructura_curricular.pdf\" target=\"_blank\"><img decoding=\"async\" loading=\"lazy\" width=\"40\" height=\"40\" src=\"https:\/\/isfd98-bue.infd.edu.ar\/sitio\/wp-content\/uploads\/2018\/06\/pdf_icon.jpg\" alt=\"Archivos PDF\"><\/a><br><a href=\"https:\/\/isfd98-bue.infd.edu.ar\/sitio\/wp-content\/uploads\/2023\/03\/Estructura-Curricular-2022-Profesorado-de-Biologia.pdf\" target=\"_blank\" rel=\"noreferrer noopener\"><img decoding=\"async\" loading=\"lazy\" width=\"40\" height=\"40\" src=\"https:\/\/isfd98-bue.infd.edu.ar\/sitio\/wp-content\/uploads\/2018\/06\/pdf_icon.jpg\" alt=\"Archivos PDF\"><\/a><\/td><\/tr><tr><td><a rel=\"noreferrer noopener\" href=\"https:\/\/isfd98-bue.infd.edu.ar\/sitio\/wp-admin\/upload\/13259-99-biologia_correlatividades.pdf\" target=\"_blank\"><strong><mark style=\"background-color:rgba(0, 0, 0, 0)\" class=\"has-inline-color has-vivid-red-color\">Correlatividades<\/mark><\/strong><\/a><br><br><strong><a href=\"https:\/\/isfd98-bue.infd.edu.ar\/sitio\/wp-content\/uploads\/2023\/03\/Correlatividades-2022-Profesorado-de-Biologia.pdf\" target=\"_blank\" rel=\"noreferrer noopener\"><mark style=\"background-color:rgba(0, 0, 0, 0);color:#ff0000\" class=\"has-inline-color\">Correlatividades 2022<\/mark><\/a><\/strong><\/td><td><a rel=\"noreferrer noopener\" href=\"https:\/\/isfd98-bue.infd.edu.ar\/sitio\/wp-admin\/upload\/13259-99-biologia_correlatividades.pdf\" target=\"_blank\"><img decoding=\"async\" loading=\"lazy\" width=\"40\" height=\"40\" src=\"https:\/\/isfd98-bue.infd.edu.ar\/sitio\/wp-content\/uploads\/2018\/06\/pdf_icon.jpg\" alt=\"Archivos PDF\"><\/a><br><a href=\"https:\/\/isfd98-bue.infd.edu.ar\/sitio\/wp-content\/uploads\/2023\/03\/Correlatividades-2022-Profesorado-de-Biologia.pdf\" target=\"_blank\" rel=\"noreferrer noopener\"><img decoding=\"async\" loading=\"lazy\" width=\"40\" height=\"40\" src=\"https:\/\/isfd98-bue.infd.edu.ar\/sitio\/wp-content\/uploads\/2018\/06\/pdf_icon.jpg\" alt=\"Archivos PDF\"><\/a><\/td><\/tr><tr><td><a href=\"https:\/\/isfd98-bue.infd.edu.ar\/sitio\/horario-profesorado-de-biologia\/\"><strong><span class=\"has-inline-color has-vivid-red-color\">Horarios<\/span><\/strong><\/a><\/td><td><a rel=\"noreferrer noopener\" href=\"https:\/\/isfd98-bue.infd.edu.ar\/sitio\/wp-content\/uploads\/2021\/04\/Horario-Profesorado-de-Biolog\u00eda-2021.pdf\" target=\"_blank\"><\/a><\/td><\/tr><\/tbody><\/table><\/figure>\n<\/div>\n<\/div>\n\n\n\n<div class=\"wp-block-group is-layout-constrained\"><div class=\"wp-block-group__inner-container\">\n<div class=\"wp-block-columns is-layout-flex wp-container-7\">\n<div class=\"wp-block-column is-layout-flow\"><div class=\"wp-block-image\">\n<figure class=\"aligncenter size-full\"><img decoding=\"async\" loading=\"lazy\" width=\"424\" height=\"424\" src=\"https:\/\/isfd98-bue.infd.edu.ar\/sitio\/wp-content\/uploads\/2023\/03\/Diseno-Curricular-2022-Profesorado-de-Biologia.png\" alt=\"\" class=\"wp-image-3127\"\/><figcaption class=\"wp-element-caption\">Diseno Curricular 2022<\/figcaption><\/figure><\/div><\/div>\n\n\n\n<div class=\"wp-block-column is-layout-flow\"><div class=\"wp-block-image\">\n<figure class=\"aligncenter size-full\"><img decoding=\"async\" loading=\"lazy\" width=\"424\" height=\"424\" src=\"https:\/\/isfd98-bue.infd.edu.ar\/sitio\/wp-content\/uploads\/2023\/03\/Estructura-Curricular-2022-Profesorado-de-Biologia.png\" alt=\"\" class=\"wp-image-3130\"\/><figcaption class=\"wp-element-caption\">Estructura Curricular 2022<\/figcaption><\/figure><\/div><\/div>\n\n\n\n<div class=\"wp-block-column is-layout-flow\"><div class=\"wp-block-image\">\n<figure class=\"aligncenter size-full\"><img decoding=\"async\" loading=\"lazy\" width=\"424\" height=\"424\" src=\"https:\/\/isfd98-bue.infd.edu.ar\/sitio\/wp-content\/uploads\/2023\/03\/Correlatividades-2022-Profesorado-de-Biologia.png\" alt=\"\" class=\"wp-image-3139\"\/><figcaption class=\"wp-element-caption\">Correlatividades 2022<\/figcaption><\/figure><\/div><\/div>\n<\/div>\n<\/div><\/div>\n","protected":false},"excerpt":{"rendered":"<p>INSCRIPCION: descargar Planilla de Inscripci\u00f3n PRESENTACION DE LA CARRERA Opciones Dise\u00f1o Curricular (completo) Dise\u00f1o Curricular 22022 Estructura Curricular Estructura Curricular 2022 Correlatividades Correlatividades 2022 Horarios<\/p>\n","protected":false},"author":181,"featured_media":0,"parent":0,"menu_order":0,"comment_status":"closed","ping_status":"closed","template":"","meta":[],"acf":[],"_links":{"self":[{"href":"https:\/\/isfd98-bue.infd.edu.ar\/sitio\/wp-json\/wp\/v2\/pages\/1031"}],"collection":[{"href":"https:\/\/isfd98-bue.infd.edu.ar\/sitio\/wp-json\/wp\/v2\/pages"}],"about":[{"href":"https:\/\/isfd98-bue.infd.edu.ar\/sitio\/wp-json\/wp\/v2\/types\/page"}],"author":[{"embeddable":true,"href":"https:\/\/isfd98-bue.infd.edu.ar\/sitio\/wp-json\/wp\/v2\/users\/181"}],"replies":[{"embeddable":true,"href":"https:\/\/isfd98-bue.infd.edu.ar\/sitio\/wp-json\/wp\/v2\/comments?post=1031"}],"version-history":[{"count":18,"href":"https:\/\/isfd98-bue.infd.edu.ar\/sitio\/wp-json\/wp\/v2\/pages\/1031\/revisions"}],"predecessor-version":[{"id":3834,"href":"https:\/\/isfd98-bue.infd.edu.ar\/sitio\/wp-json\/wp\/v2\/pages\/1031\/revisions\/3834"}],"wp:attachment":[{"href":"https:\/\/isfd98-bue.infd.edu.ar\/sitio\/wp-json\/wp\/v2\/media?parent=1031"}],"curies":[{"name":"wp","href":"https:\/\/api.w.org\/{rel}","templated":true}]}}